{"id":16558,"date":"2019-12-10T19:52:12","date_gmt":"2019-12-10T17:52:12","guid":{"rendered":"https:\/\/cretacon.gr\/?page_id=16558"},"modified":"2019-12-10T19:52:12","modified_gmt":"2019-12-10T17:52:12","slug":"vindmolle-energi","status":"publish","type":"page","link":"https:\/\/cretacon.gr\/nb\/vindmolle-energi\/","title":{"rendered":"Vindm\u00f8lle energi"},"content":{"rendered":"<div class=\"wpb-content-wrapper\"><p>[vc_row css_animation=&raquo;&raquo; row_type=&raquo;row&raquo; use_row_as_full_screen_section=&raquo;no&raquo; type=&raquo;full_width&raquo; angled_section=&raquo;no&raquo; text_align=&raquo;left&raquo; background_image_as_pattern=&raquo;without_pattern&raquo;][vc_column]<div class='q_icon_with_title tiny normal_icon '><div class=\"icon_holder \" style=\" \"><span data-icon-type=\"normal\" data-icon-hover-color=\"#000000\" style=\"font-size: 60px\" class=\"qode_iwt_icon_holder q_font_awsome_icon fa-lg  \"><i class=\"qodef-icon-linea-icon icon-weather-windgust qode_iwt_icon_element\" style=\"color: #ff3d00\"><\/i><\/span><\/div><div class=\"icon_text_holder\" style=\"padding-left:97px;\"><div class=\"icon_text_inner\" style=\"\"><h5 class=\"icon_title\" style=\"\"> Vindm\u00f8lle energi<\/h5><p style=''><\/p><\/div><\/div><\/div>[vc_column_text]Bruken av vindm\u00f8lle energi kan v\u00e6re en fin m\u00e5te \u00e5 tilf\u00f8re en ren og fornybar energi til ditt hjem eller bedrift. Det finnes en rekke sm\u00e5 vindenergimaskiner som kan bruke til \u00e5 generere str\u00f8m, og de fleste av disse er sv\u00e6rt kostnadseffektive for \u00e5 gi et betydelig str\u00f8mniv\u00e5.<\/p>\n<p>&nbsp;<\/p>\n<p>Mange investerer n\u00e5 i vindkraftteknologi i tillegg eller som et alternativ til solenergi. Vindkraft er en sentral ingrediens for fremtidig energivekst og planen er \u00e5 redusere karbonutslipp. Hvis du er bekymret for milj\u00f8et og \u00f8nsker \u00e5 gj\u00f8re en forskjell, er bruken av et vindm\u00f8llehus et veldig godt sted \u00e5 starte.<\/p>\n<p>&nbsp;<\/p>\n<p>Avhengig av hvor du befinner deg, kan du implementere et effektivt fornybart energisystem ved hjelp av en kombinasjon av b\u00e5de vindkraft og solenergi (fotovoltaisk). Solpaneler kan v\u00e6re mye mer effektive enn en vanlig vindturbin, men begge enhetene gir en enkel metode for generering av fornybar elektrisitet p\u00e5 en rekke steder.<\/p>\n<p>&nbsp;<\/p>\n<p><strong>Vindm\u00f8lle kutter str\u00f8mregninger<\/strong><br \/>\nInstallasjonen av fornybar energiteknologi som vindturbiner, solpaneler og til og med geotermiske systemer kan alle spare penger p\u00e5 str\u00f8mregningene. Den innledende investeringen av disse teknologiene kan v\u00e6re ganske h\u00f8y, men de kan v\u00e6re i stand til \u00e5 betale for seg selv i l\u00f8pet av mange \u00e5r.<\/p>\n<p>&nbsp;<\/p>\n<p><strong>Hvordan er en vindm\u00f8lle funksjoner?<\/strong><\/p>\n<p>En vindturbin er en roterende maskin som omdanner den kinetiske energien i vinden til energi. Den mekaniske energien blir da omgjort til elektrisitet.<\/p>\n<p>Det er to hovedtyper av vindturbiner; horisontal og vertikal. Disse designene bruker vinden p\u00e5 litt forskjellige m\u00e5ter ang\u00e5ende vindkraftutnyttelsesprosessen.<\/p>\n<p>Horisontale vindturbiner med bruk av vridbare propellblader, for \u00e5 oppn\u00e5 maksimal friksjon mot vinden, som igjen resulterer i den roterende bevegelsen, er den vanligste typen. Den vertikale turbin-konstruksjonen bruker vinden til \u00e5 dreie om midtpunktet p\u00e5 bakken, noe som resulterer i at hele konstruksjonen dreier etter vinden og oppn\u00e5r derved maksimal effekt av vinden.<\/p>\n<p>Prosessen med elektrisitetsproduksjon er betydelig lik i begge utf\u00f8relsene. Konstruksjonen gj\u00f8r bare en forskjell i stillingen og utformingen av bladene som brukes til \u00e5 skape friksjon med vinden. Vindkraftproduksjon er en ganske enkel prosess, og noen har hatt stor suksess n\u00e5r det gjelder \u00e5 bygge et vindm\u00f8lle hus fra bunnen av. Vindkraft er sett p\u00e5 som en veldig god kilde til fornybar elektrisitet, men mange foretrekker fortsatt bekvemmelighet og p\u00e5litelighet av solcellepaneler n\u00e5r de velger en fornybar energikilde for deres hjem.<\/p>\n<p>&nbsp;<\/p>\n<p><strong>V\u00c5RE GARANTI<\/strong><\/p>\n<p>V\u00e5rt komplette sortiment gj\u00f8r det mulig \u00e5 installere konvensjonelle gridkoblede systemer, nettbaserte backup-systemer og selvforsynte systemer. Vi tilbyr maksimal kvalitet, enkel installasjon og god valuta for pengene.<\/p>\n<p>&nbsp;<\/p>\n<p>Energiproduksjon 24 timer i d\u00f8gnet, avhengig av vindkraft<\/p>\n<p>Kombinasjon av fotovoltaisk og vindturbine energi<\/p>\n<p>H\u00f8y produksjon av elektrisitet<\/p>\n<p>3 \u00e5rs garanti<\/p>\n<p>Longevity<\/p>\n<p>Lavpris vedlikehold<\/p>\n<p>Automatisk funksjon<\/p>\n<p>Ingen utslipp<\/p>\n<p>&nbsp;<\/p>\n<p><strong>Produsenters sider<\/strong><\/p>\n<p>&nbsp;<\/p>\n<nav><a id=\"ContentPlaceHolderDefault_mainContent_ProjectLeftBar_4_rptSideLinks_hlItem_0\" href=\"http:\/\/www.primuswindpower.com%0D\/\" target=\"_blank\" rel=\"noopener noreferrer\">Primus WindPower Ropatec<\/a><\/nav>\n<nav><\/nav>\n<nav><\/nav>\n<nav><a id=\"ContentPlaceHolderDefault_mainContent_ProjectLeftBar_4_rptSideLinks_hlItem_1\" href=\"http:\/\/www.ropatec.com\/\" target=\"_blank\" rel=\"noopener noreferrer\">Ropatec<\/a><\/nav>\n<p>[\/vc_column_text][\/vc_column][\/vc_row][vc_row css_animation=&raquo;&raquo; row_type=&raquo;row&raquo; use_row_as_full_screen_section=&raquo;no&raquo; type=&raquo;full_width&raquo; angled_section=&raquo;no&raquo; text_align=&raquo;left&raquo; background_image_as_pattern=&raquo;without_pattern&raquo;][vc_column][vc_empty_space][vc_single_image image=&raquo;15324&#8243; img_size=&raquo;full&raquo; alignment=&raquo;center&raquo; qode_css_animation=&raquo;&raquo;][\/vc_column][\/vc_row]<\/p>\n<\/div>","protected":false},"excerpt":{"rendered":"<p>[vc_row css_animation=&raquo;&raquo; row_type=&raquo;row&raquo; use_row_as_full_screen_section=&raquo;no&raquo; type=&raquo;full_width&raquo; angled_section=&raquo;no&raquo; text_align=&raquo;left&raquo; background_image_as_pattern=&raquo;without_pattern&raquo;][vc_column][vc_column_text]Bruken av vindm\u00f8lle energi kan v\u00e6re en fin m\u00e5te \u00e5 tilf\u00f8re en ren og fornybar energi til ditt hjem eller bedrift. Det finnes en rekke sm\u00e5 vindenergimaskiner som kan bruke til \u00e5 generere str\u00f8m, og de fleste av&#8230;<\/p>\n","protected":false},"author":1,"featured_media":19981,"parent":0,"menu_order":0,"comment_status":"closed","ping_status":"closed","template":"","meta":{"footnotes":""},"class_list":["post-16558","page","type-page","status-publish","has-post-thumbnail","hentry"],"yoast_head":"<!-- This site is optimized with the Yoast SEO plugin v26.2 - https:\/\/yoast.com\/wordpress\/plugins\/seo\/ -->\n<title>Vindm\u00f8lle energi - Cretacon Green Energy<\/title>\n<meta name=\"robots\" content=\"index, follow, max-snippet:-1, max-image-preview:large, max-video-preview:-1\" \/>\n<link rel=\"canonical\" href=\"https:\/\/cretacon.gr\/\u03b1\u03b9\u03bf\u03bb\u03b9\u03ba\u03ae-\u03b5\u03bd\u03ad\u03c1\u03b3\u03b5\u03b9\u03b1\/\" \/>\n<meta property=\"og:locale\" content=\"nb_NO\" \/>\n<meta property=\"og:type\" content=\"article\" \/>\n<meta property=\"og:title\" content=\"Vindm\u00f8lle energi - Cretacon Green Energy\" \/>\n<meta property=\"og:description\" content=\"[vc_row css_animation=&raquo;&raquo; row_type=&raquo;row&raquo; use_row_as_full_screen_section=&raquo;no&raquo; type=&raquo;full_width&raquo; angled_section=&raquo;no&raquo; text_align=&raquo;left&raquo; background_image_as_pattern=&raquo;without_pattern&raquo;][vc_column][vc_column_text]Bruken av vindm\u00f8lle energi kan v\u00e6re en fin m\u00e5te \u00e5 tilf\u00f8re en ren og fornybar energi til ditt hjem eller bedrift. Det finnes en rekke sm\u00e5 vindenergimaskiner som kan bruke til \u00e5 generere str\u00f8m, og de fleste av...\" \/>\n<meta property=\"og:url\" content=\"https:\/\/cretacon.gr\/\u03b1\u03b9\u03bf\u03bb\u03b9\u03ba\u03ae-\u03b5\u03bd\u03ad\u03c1\u03b3\u03b5\u03b9\u03b1\/\" \/>\n<meta property=\"og:site_name\" content=\"Cretacon Green Energy\" \/>\n<meta property=\"og:image\" content=\"https:\/\/cretacon.gr\/wp-content\/uploads\/2017\/12\/111.jpg\" \/>\n\t<meta property=\"og:image:width\" content=\"1100\" \/>\n\t<meta property=\"og:image:height\" content=\"658\" \/>\n\t<meta property=\"og:image:type\" content=\"image\/jpeg\" \/>\n<meta name=\"twitter:card\" content=\"summary_large_image\" \/>\n<meta name=\"twitter:label1\" content=\"Ansl. lesetid\" \/>\n\t<meta name=\"twitter:data1\" content=\"3 minutter\" \/>\n<script type=\"application\/ld+json\" class=\"yoast-schema-graph\">{\"@context\":\"https:\/\/schema.org\",\"@graph\":[{\"@type\":\"WebPage\",\"@id\":\"https:\/\/cretacon.gr\/%ce%b1%ce%b9%ce%bf%ce%bb%ce%b9%ce%ba%ce%ae-%ce%b5%ce%bd%ce%ad%cf%81%ce%b3%ce%b5%ce%b9%ce%b1\/\",\"url\":\"https:\/\/cretacon.gr\/%ce%b1%ce%b9%ce%bf%ce%bb%ce%b9%ce%ba%ce%ae-%ce%b5%ce%bd%ce%ad%cf%81%ce%b3%ce%b5%ce%b9%ce%b1\/\",\"name\":\"Vindm\u00f8lle energi - Cretacon Green Energy\",\"isPartOf\":{\"@id\":\"https:\/\/cretacon.gr\/#website\"},\"primaryImageOfPage\":{\"@id\":\"https:\/\/cretacon.gr\/%ce%b1%ce%b9%ce%bf%ce%bb%ce%b9%ce%ba%ce%ae-%ce%b5%ce%bd%ce%ad%cf%81%ce%b3%ce%b5%ce%b9%ce%b1\/#primaryimage\"},\"image\":{\"@id\":\"https:\/\/cretacon.gr\/%ce%b1%ce%b9%ce%bf%ce%bb%ce%b9%ce%ba%ce%ae-%ce%b5%ce%bd%ce%ad%cf%81%ce%b3%ce%b5%ce%b9%ce%b1\/#primaryimage\"},\"thumbnailUrl\":\"https:\/\/cretacon.gr\/wp-content\/uploads\/2017\/12\/111.jpg\",\"datePublished\":\"2019-12-10T17:52:12+00:00\",\"breadcrumb\":{\"@id\":\"https:\/\/cretacon.gr\/%ce%b1%ce%b9%ce%bf%ce%bb%ce%b9%ce%ba%ce%ae-%ce%b5%ce%bd%ce%ad%cf%81%ce%b3%ce%b5%ce%b9%ce%b1\/#breadcrumb\"},\"inLanguage\":\"nb-NO\",\"potentialAction\":[{\"@type\":\"ReadAction\",\"target\":[\"https:\/\/cretacon.gr\/%ce%b1%ce%b9%ce%bf%ce%bb%ce%b9%ce%ba%ce%ae-%ce%b5%ce%bd%ce%ad%cf%81%ce%b3%ce%b5%ce%b9%ce%b1\/\"]}]},{\"@type\":\"ImageObject\",\"inLanguage\":\"nb-NO\",\"@id\":\"https:\/\/cretacon.gr\/%ce%b1%ce%b9%ce%bf%ce%bb%ce%b9%ce%ba%ce%ae-%ce%b5%ce%bd%ce%ad%cf%81%ce%b3%ce%b5%ce%b9%ce%b1\/#primaryimage\",\"url\":\"https:\/\/cretacon.gr\/wp-content\/uploads\/2017\/12\/111.jpg\",\"contentUrl\":\"https:\/\/cretacon.gr\/wp-content\/uploads\/2017\/12\/111.jpg\",\"width\":1100,\"height\":658},{\"@type\":\"BreadcrumbList\",\"@id\":\"https:\/\/cretacon.gr\/%ce%b1%ce%b9%ce%bf%ce%bb%ce%b9%ce%ba%ce%ae-%ce%b5%ce%bd%ce%ad%cf%81%ce%b3%ce%b5%ce%b9%ce%b1\/#breadcrumb\",\"itemListElement\":[{\"@type\":\"ListItem\",\"position\":1,\"name\":\"Home\",\"item\":\"https:\/\/cretacon.gr\/nb\/\"},{\"@type\":\"ListItem\",\"position\":2,\"name\":\"Vindm\u00f8lle energi\"}]},{\"@type\":\"WebSite\",\"@id\":\"https:\/\/cretacon.gr\/#website\",\"url\":\"https:\/\/cretacon.gr\/\",\"name\":\"Cretacon Green Energy\",\"description\":\"Construction Company\",\"publisher\":{\"@id\":\"https:\/\/cretacon.gr\/#organization\"},\"potentialAction\":[{\"@type\":\"SearchAction\",\"target\":{\"@type\":\"EntryPoint\",\"urlTemplate\":\"https:\/\/cretacon.gr\/?s={search_term_string}\"},\"query-input\":{\"@type\":\"PropertyValueSpecification\",\"valueRequired\":true,\"valueName\":\"search_term_string\"}}],\"inLanguage\":\"nb-NO\"},{\"@type\":\"Organization\",\"@id\":\"https:\/\/cretacon.gr\/#organization\",\"name\":\"Cretacon Green Energy\",\"url\":\"https:\/\/cretacon.gr\/\",\"logo\":{\"@type\":\"ImageObject\",\"inLanguage\":\"nb-NO\",\"@id\":\"https:\/\/cretacon.gr\/#\/schema\/logo\/image\/\",\"url\":\"https:\/\/cretacon.gr\/wp-content\/uploads\/2017\/09\/logo_white.png\",\"contentUrl\":\"https:\/\/cretacon.gr\/wp-content\/uploads\/2017\/09\/logo_white.png\",\"width\":465,\"height\":180,\"caption\":\"Cretacon Green Energy\"},\"image\":{\"@id\":\"https:\/\/cretacon.gr\/#\/schema\/logo\/image\/\"}}]}<\/script>\n<!-- \/ Yoast SEO plugin. -->","yoast_head_json":{"title":"Vindm\u00f8lle energi - Cretacon Green Energy","robots":{"index":"index","follow":"follow","max-snippet":"max-snippet:-1","max-image-preview":"max-image-preview:large","max-video-preview":"max-video-preview:-1"},"canonical":"https:\/\/cretacon.gr\/\u03b1\u03b9\u03bf\u03bb\u03b9\u03ba\u03ae-\u03b5\u03bd\u03ad\u03c1\u03b3\u03b5\u03b9\u03b1\/","og_locale":"nb_NO","og_type":"article","og_title":"Vindm\u00f8lle energi - Cretacon Green Energy","og_description":"[vc_row css_animation=&raquo;&raquo; row_type=&raquo;row&raquo; use_row_as_full_screen_section=&raquo;no&raquo; type=&raquo;full_width&raquo; angled_section=&raquo;no&raquo; text_align=&raquo;left&raquo; background_image_as_pattern=&raquo;without_pattern&raquo;][vc_column][vc_column_text]Bruken av vindm\u00f8lle energi kan v\u00e6re en fin m\u00e5te \u00e5 tilf\u00f8re en ren og fornybar energi til ditt hjem eller bedrift. Det finnes en rekke sm\u00e5 vindenergimaskiner som kan bruke til \u00e5 generere str\u00f8m, og de fleste av...","og_url":"https:\/\/cretacon.gr\/\u03b1\u03b9\u03bf\u03bb\u03b9\u03ba\u03ae-\u03b5\u03bd\u03ad\u03c1\u03b3\u03b5\u03b9\u03b1\/","og_site_name":"Cretacon Green Energy","og_image":[{"width":1100,"height":658,"url":"https:\/\/cretacon.gr\/wp-content\/uploads\/2017\/12\/111.jpg","type":"image\/jpeg"}],"twitter_card":"summary_large_image","twitter_misc":{"Ansl. lesetid":"3 minutter"},"schema":{"@context":"https:\/\/schema.org","@graph":[{"@type":"WebPage","@id":"https:\/\/cretacon.gr\/%ce%b1%ce%b9%ce%bf%ce%bb%ce%b9%ce%ba%ce%ae-%ce%b5%ce%bd%ce%ad%cf%81%ce%b3%ce%b5%ce%b9%ce%b1\/","url":"https:\/\/cretacon.gr\/%ce%b1%ce%b9%ce%bf%ce%bb%ce%b9%ce%ba%ce%ae-%ce%b5%ce%bd%ce%ad%cf%81%ce%b3%ce%b5%ce%b9%ce%b1\/","name":"Vindm\u00f8lle energi - Cretacon Green Energy","isPartOf":{"@id":"https:\/\/cretacon.gr\/#website"},"primaryImageOfPage":{"@id":"https:\/\/cretacon.gr\/%ce%b1%ce%b9%ce%bf%ce%bb%ce%b9%ce%ba%ce%ae-%ce%b5%ce%bd%ce%ad%cf%81%ce%b3%ce%b5%ce%b9%ce%b1\/#primaryimage"},"image":{"@id":"https:\/\/cretacon.gr\/%ce%b1%ce%b9%ce%bf%ce%bb%ce%b9%ce%ba%ce%ae-%ce%b5%ce%bd%ce%ad%cf%81%ce%b3%ce%b5%ce%b9%ce%b1\/#primaryimage"},"thumbnailUrl":"https:\/\/cretacon.gr\/wp-content\/uploads\/2017\/12\/111.jpg","datePublished":"2019-12-10T17:52:12+00:00","breadcrumb":{"@id":"https:\/\/cretacon.gr\/%ce%b1%ce%b9%ce%bf%ce%bb%ce%b9%ce%ba%ce%ae-%ce%b5%ce%bd%ce%ad%cf%81%ce%b3%ce%b5%ce%b9%ce%b1\/#breadcrumb"},"inLanguage":"nb-NO","potentialAction":[{"@type":"ReadAction","target":["https:\/\/cretacon.gr\/%ce%b1%ce%b9%ce%bf%ce%bb%ce%b9%ce%ba%ce%ae-%ce%b5%ce%bd%ce%ad%cf%81%ce%b3%ce%b5%ce%b9%ce%b1\/"]}]},{"@type":"ImageObject","inLanguage":"nb-NO","@id":"https:\/\/cretacon.gr\/%ce%b1%ce%b9%ce%bf%ce%bb%ce%b9%ce%ba%ce%ae-%ce%b5%ce%bd%ce%ad%cf%81%ce%b3%ce%b5%ce%b9%ce%b1\/#primaryimage","url":"https:\/\/cretacon.gr\/wp-content\/uploads\/2017\/12\/111.jpg","contentUrl":"https:\/\/cretacon.gr\/wp-content\/uploads\/2017\/12\/111.jpg","width":1100,"height":658},{"@type":"BreadcrumbList","@id":"https:\/\/cretacon.gr\/%ce%b1%ce%b9%ce%bf%ce%bb%ce%b9%ce%ba%ce%ae-%ce%b5%ce%bd%ce%ad%cf%81%ce%b3%ce%b5%ce%b9%ce%b1\/#breadcrumb","itemListElement":[{"@type":"ListItem","position":1,"name":"Home","item":"https:\/\/cretacon.gr\/nb\/"},{"@type":"ListItem","position":2,"name":"Vindm\u00f8lle energi"}]},{"@type":"WebSite","@id":"https:\/\/cretacon.gr\/#website","url":"https:\/\/cretacon.gr\/","name":"Cretacon Green Energy","description":"Construction Company","publisher":{"@id":"https:\/\/cretacon.gr\/#organization"},"potentialAction":[{"@type":"SearchAction","target":{"@type":"EntryPoint","urlTemplate":"https:\/\/cretacon.gr\/?s={search_term_string}"},"query-input":{"@type":"PropertyValueSpecification","valueRequired":true,"valueName":"search_term_string"}}],"inLanguage":"nb-NO"},{"@type":"Organization","@id":"https:\/\/cretacon.gr\/#organization","name":"Cretacon Green Energy","url":"https:\/\/cretacon.gr\/","logo":{"@type":"ImageObject","inLanguage":"nb-NO","@id":"https:\/\/cretacon.gr\/#\/schema\/logo\/image\/","url":"https:\/\/cretacon.gr\/wp-content\/uploads\/2017\/09\/logo_white.png","contentUrl":"https:\/\/cretacon.gr\/wp-content\/uploads\/2017\/09\/logo_white.png","width":465,"height":180,"caption":"Cretacon Green Energy"},"image":{"@id":"https:\/\/cretacon.gr\/#\/schema\/logo\/image\/"}}]}},"_links":{"self":[{"href":"https:\/\/cretacon.gr\/nb\/wp-json\/wp\/v2\/pages\/16558","targetHints":{"allow":["GET"]}}],"collection":[{"href":"https:\/\/cretacon.gr\/nb\/wp-json\/wp\/v2\/pages"}],"about":[{"href":"https:\/\/cretacon.gr\/nb\/wp-json\/wp\/v2\/types\/page"}],"author":[{"embeddable":true,"href":"https:\/\/cretacon.gr\/nb\/wp-json\/wp\/v2\/users\/1"}],"replies":[{"embeddable":true,"href":"https:\/\/cretacon.gr\/nb\/wp-json\/wp\/v2\/comments?post=16558"}],"version-history":[{"count":1,"href":"https:\/\/cretacon.gr\/nb\/wp-json\/wp\/v2\/pages\/16558\/revisions"}],"predecessor-version":[{"id":16559,"href":"https:\/\/cretacon.gr\/nb\/wp-json\/wp\/v2\/pages\/16558\/revisions\/16559"}],"wp:featuredmedia":[{"embeddable":true,"href":"https:\/\/cretacon.gr\/nb\/wp-json\/wp\/v2\/media\/19981"}],"wp:attachment":[{"href":"https:\/\/cretacon.gr\/nb\/wp-json\/wp\/v2\/media?parent=16558"}],"curies":[{"name":"wp","href":"https:\/\/api.w.org\/{rel}","templated":true}]}}