{"id":16552,"date":"2019-12-10T19:18:38","date_gmt":"2019-12-10T17:18:38","guid":{"rendered":"https:\/\/cretacon.gr\/?page_id=16552"},"modified":"2019-12-10T19:18:38","modified_gmt":"2019-12-10T17:18:38","slug":"solenergi","status":"publish","type":"page","link":"https:\/\/cretacon.gr\/nb\/solenergi\/","title":{"rendered":"Solenergi"},"content":{"rendered":"<div class=\"wpb-content-wrapper\"><p>[vc_row css_animation=&raquo;&raquo; row_type=&raquo;row&raquo; use_row_as_full_screen_section=&raquo;no&raquo; type=&raquo;full_width&raquo; angled_section=&raquo;no&raquo; text_align=&raquo;left&raquo; background_image_as_pattern=&raquo;without_pattern&raquo;][vc_column]<div class='q_icon_with_title tiny normal_icon '><div class=\"icon_holder \" style=\" \"><span data-icon-type=\"normal\" data-icon-hover-color=\"#000000\" style=\"font-size: 60px\" class=\"qode_iwt_icon_holder q_font_awsome_icon fa-lg  \"><i class=\"qodef-icon-linea-icon icon-weather-sun qode_iwt_icon_element\" style=\"color: #ff3d00\"><\/i><\/span><\/div><div class=\"icon_text_holder\" style=\"padding-left:97px;\"><div class=\"icon_text_inner\" style=\"\"><h5 class=\"icon_title\" style=\"\">Solenergi<\/h5><p style=''><\/p><\/div><\/div><\/div>[vc_column_text]Solenergi tilh\u00f8rer aktive solsystemer og er teknologien som bruker solenergi til \u00e5 produsere varme. Denne energien brukes til \u00e5 dekke behovene v\u00e5re i romoppvarming og varmt vann til husholdningsbruk.<\/p>\n<p>&nbsp;<\/p>\n<p>Ved bruk av solenergi i husholdningen tilf\u00f8res varmen til varmeb\u00e6rende medium som regel vann, som varmes opp ved \u00e5 brenne olje eller gass og sirkulerer til radiatorer eller gulvvarme. I en stor prosentandel og avhengig av anlegget\/solfangeren, kan vannet oppvarmes med solenergisystem som resulterer i reduksjon av drivstofforbruket. I Hellas hvor det er sterkt sollys selv i vinterm\u00e5nedene, er anvendelsen av solfangere sv\u00e6rt effektiv. Med stor suksess er solfangerne\/installasjonene allerede i bruk i stor grad Nord-Europa, hvor solstr\u00e5lingen er betydelig lavere enn i Hellas.<\/p>\n<p>&nbsp;<\/p>\n<p>Det grunnleggende prinsippet om et solvarmesystem\/solfanger er at det er installert og opererer for \u00e5 bidra til oppvarming med samtidig bruk av andre brensler (av eksisterende anlegg). Andelen av bidrag og dermed reduksjonen av drivstofforbruk er avhengig av st\u00f8rrelsen p\u00e5 den aktuelle solfanger\/installasjonen, dens topografi og andre faktorer. For eksempel kan et solsystem med gulvvarme, som ligger p\u00e5 Kreta, dekke 100% av behovet for oppvarming, ta bort oljeforbruket, mens det samme solsystemet i Nord-Hellas, hvor solstr\u00e5ling er redusert, vil bidragsandelen bli betydelig lavere, men det er absolutt sv\u00e6rt viktig n\u00e5r det gjelder \u00e5 redusere drivstofforbruket og kostnadene.<\/p>\n<p>&nbsp;<\/p>\n<p>Hvis det ikke er sol og det er behov for oppvarming, kommer forsyningene fra et magasin, kalt buffertank. N\u00e5r varmtvannet i bufferen er under settpunktstemperaturen, kommer en hjelpekilde i bruk, vanligvis den fra det konvensjonelle sentralvarmesystemet. Solvarmebeholderen, som er koblet til vannnettverket, har to varmevekslere, en matet fra oppvarmingsmediet som kommer fra magasintanken og den andre er koblet til varmekjelen. Hvis det ikke er behov for varmt vann til anlegget, kan solvarmebeholderen holde det varmt i flere dager. Et br\u00f8nndimensjonert solsystem kan gi nok energi til \u00e5 dekke perioden mellom mai og september opp til 100% av behovet for varmtvann og fra 50% til 70% \u00e5rlig. Men om vinteren m\u00e5 den konvensjonelle varmekilden fungere i tillegg til solsystemet. I bygninger med forsvarlig isolasjon kan solenergi gj\u00f8re mer: i l\u00f8pet av v\u00e5r og h\u00f8st kan det gi kj\u00f8ling, mens om vinteren kan det avlaste oljekjelen eller gasskjelen, og derved forbedre energiforbruket. <\/p>\n<p>&nbsp;<\/p>\n<p><strong>Hoveddelene som et solvarmeanlegg best\u00e5r av, er:<\/strong><\/p>\n<p>&nbsp;<\/p>\n<p>Solcellepaneler<\/p>\n<p>R\u00f8rlegger<\/p>\n<p>Buffer tank<\/p>\n<p>Solstasjonen\/Solfanger<\/p>\n<p>Controller-Automation Systems<\/p>\n<p>&nbsp;<\/p>\n<p>Et solvarmesystem kan installeres i hvilket som helst varmesystem, enten i begynnelsen av konstruksjonen eller senere. Installasjonen krever ingen modifikasjon til eksisterende varmesystem hvis det allerede er installert. Stort sett er det praktisk mulig i gulvvarme, fordi vann som oppvarmingsmedium sirkulerer ved lave temperaturer, slik at selv med lite sol er lett oppn\u00e5elig i henhold til den solenergi. Drivstofforbruk kan reduseres med opptil 80%, noe som er sv\u00e6rt viktig for husholdningenes \u00f8konomi og har stor innvirkning p\u00e5 milj\u00f8et. I tilfelle hvor varmesystemet opererer med varmekolber, er det klokt \u00e5 redusere romtemperaturen ved hjelp av termostater og for \u00e5 \u00f8ke driftstiden for lykkes med en mer fordelaktig anvendelse av solenergien.<\/p>\n<p>&nbsp;<\/p>\n<p>For \u00e5 samle solenergi og oppvarme vannet, brukes solpanel. Solpanelene sikrer h\u00f8yt opptak av solenergi og dermed et stort bidrag til varmesystemet. En typisk oppsamler er en flat plate solfanger og er vanligvis plassert p\u00e5 taket. Denne samleren er en rektangul\u00e6r plate med et gjennomskinnelig deksel som vender mot solen. Sm\u00e5 r\u00f8r er plassert inne i platen som b\u00e6rer vann eller annet v\u00e6ske som frostv\u00e6ske. R\u00f8rene er montert p\u00e5 en metallplate som er malt svart for \u00e5 absorbere solvarme. Baksiden og sidene til samleren er isolert for \u00e5 beholde varmen. Varmen oppsamles inne i oppsamleren, og n\u00e5r v\u00e6sken passerer gjennom r\u00f8rene, blir det varmt.<\/p>\n<p>&nbsp;<\/p>\n<p>P\u00e5 samme m\u00e5te som utformingen av et \u00d8ko-hus, kan varmesystemer kategoriseres i aktive og passive systemer. De vanligste systemene er aktive, og det betyr at de bruker pumper til \u00e5 sirkulere det oppvarmede mediet fra oppsamleren til magasintanken (buffer). Mens solvarmeanlegget fungerer bra, produserer det ikke nok varmeenergi n\u00e5r solen ikke skinner. Derfor er driften alltid kombinert med et konvensjonelt system som bruker fossilt brensel, gass eller en varmepumpe eller en biomasse kjele som den prim\u00e6re varmekilden.<\/p>\n<p>&nbsp;<\/p>\n<p>Kostnaden ved \u00e5 installere et solvarmesystem varierer avhengig av anleggets st\u00f8rrelse og forutsetningen for \u00f8nsket kostnadsreduksjon av energiforbruket.<\/p>\n<p>&nbsp;<\/p>\n<p><strong>Manufacturers&#8217; pages<\/strong><\/p>\n<p>&nbsp;<\/p>\n<nav><a id=\"ContentPlaceHolderDefault_mainContent_ProjectLeftBar_4_rptSideLinks_hlItem_0\" href=\"http:\/\/www.cosmosolar.com%0D\/\" target=\"_blank\" rel=\"noopener noreferrer\">Cosmosolar<\/a><\/nav>\n<nav><\/nav>\n<nav><\/nav>\n<nav><\/nav>\n<nav><a id=\"ContentPlaceHolderDefault_mainContent_ProjectLeftBar_4_rptSideLinks_hlItem_1\" href=\"http:\/\/www.tiemme.gr%0D\/\" target=\"_blank\" rel=\"noopener noreferrer\">Tiemme<\/a><\/nav>\n<nav><a id=\"ContentPlaceHolderDefault_mainContent_ProjectLeftBar_4_rptSideLinks_hlItem_2\" href=\"http:\/\/www.schueco.com\/\" target=\"_blank\" rel=\"noopener noreferrer\">Schueco<\/a><\/nav>\n<p>[\/vc_column_text][\/vc_column][\/vc_row][vc_row css_animation=&raquo;&raquo; row_type=&raquo;row&raquo; use_row_as_full_screen_section=&raquo;no&raquo; type=&raquo;full_width&raquo; angled_section=&raquo;no&raquo; text_align=&raquo;left&raquo; background_image_as_pattern=&raquo;without_pattern&raquo;][vc_column width=&raquo;1\/2&#8243;][vc_single_image image=&raquo;15354&#8243; img_size=&raquo;full&raquo; qode_css_animation=&raquo;&raquo;][\/vc_column][vc_column width=&raquo;1\/2&#8243;][vc_single_image image=&raquo;15355&#8243; img_size=&raquo;full&raquo; qode_css_animation=&raquo;&raquo;][vc_single_image image=&raquo;15356&#8243; img_size=&raquo;full&raquo; qode_css_animation=&raquo;&raquo;][\/vc_column][\/vc_row]<\/p>\n<\/div>","protected":false},"excerpt":{"rendered":"<p>[vc_row css_animation=&raquo;&raquo; row_type=&raquo;row&raquo; use_row_as_full_screen_section=&raquo;no&raquo; type=&raquo;full_width&raquo; angled_section=&raquo;no&raquo; text_align=&raquo;left&raquo; background_image_as_pattern=&raquo;without_pattern&raquo;][vc_column][vc_column_text]Solenergi tilh\u00f8rer aktive solsystemer og er teknologien som bruker solenergi til \u00e5 produsere varme. Denne energien brukes til \u00e5 dekke behovene v\u00e5re i romoppvarming og varmt vann til husholdningsbruk. &nbsp; Ved bruk av solenergi i husholdningen tilf\u00f8res varmen&#8230;<\/p>\n","protected":false},"author":1,"featured_media":0,"parent":0,"menu_order":0,"comment_status":"closed","ping_status":"closed","template":"","meta":{"footnotes":""},"class_list":["post-16552","page","type-page","status-publish","hentry"],"yoast_head":"<!-- This site is optimized with the Yoast SEO plugin v26.2 - https:\/\/yoast.com\/wordpress\/plugins\/seo\/ -->\n<title>Solenergi - Cretacon Green Energy<\/title>\n<meta name=\"robots\" content=\"index, follow, max-snippet:-1, max-image-preview:large, max-video-preview:-1\" \/>\n<link rel=\"canonical\" href=\"https:\/\/cretacon.gr\/\u03b7\u03bb\u03b9\u03bf\u03b8\u03b5\u03c1\u03bc\u03b9\u03ba\u03ae-\u03b5\u03bd\u03ad\u03c1\u03b3\u03b5\u03b9\u03b1\/\" \/>\n<meta property=\"og:locale\" content=\"nb_NO\" \/>\n<meta property=\"og:type\" content=\"article\" \/>\n<meta property=\"og:title\" content=\"Solenergi - Cretacon Green Energy\" \/>\n<meta property=\"og:description\" content=\"[vc_row css_animation=&raquo;&raquo; row_type=&raquo;row&raquo; use_row_as_full_screen_section=&raquo;no&raquo; type=&raquo;full_width&raquo; angled_section=&raquo;no&raquo; text_align=&raquo;left&raquo; background_image_as_pattern=&raquo;without_pattern&raquo;][vc_column][vc_column_text]Solenergi tilh\u00f8rer aktive solsystemer og er teknologien som bruker solenergi til \u00e5 produsere varme. Denne energien brukes til \u00e5 dekke behovene v\u00e5re i romoppvarming og varmt vann til husholdningsbruk. &nbsp; Ved bruk av solenergi i husholdningen tilf\u00f8res varmen...\" \/>\n<meta property=\"og:url\" content=\"https:\/\/cretacon.gr\/\u03b7\u03bb\u03b9\u03bf\u03b8\u03b5\u03c1\u03bc\u03b9\u03ba\u03ae-\u03b5\u03bd\u03ad\u03c1\u03b3\u03b5\u03b9\u03b1\/\" \/>\n<meta property=\"og:site_name\" content=\"Cretacon Green Energy\" \/>\n<meta name=\"twitter:card\" content=\"summary_large_image\" \/>\n<meta name=\"twitter:label1\" content=\"Ansl. lesetid\" \/>\n\t<meta name=\"twitter:data1\" content=\"4 minutter\" \/>\n<script type=\"application\/ld+json\" class=\"yoast-schema-graph\">{\"@context\":\"https:\/\/schema.org\",\"@graph\":[{\"@type\":\"WebPage\",\"@id\":\"https:\/\/cretacon.gr\/%ce%b7%ce%bb%ce%b9%ce%bf%ce%b8%ce%b5%cf%81%ce%bc%ce%b9%ce%ba%ce%ae-%ce%b5%ce%bd%ce%ad%cf%81%ce%b3%ce%b5%ce%b9%ce%b1\/\",\"url\":\"https:\/\/cretacon.gr\/%ce%b7%ce%bb%ce%b9%ce%bf%ce%b8%ce%b5%cf%81%ce%bc%ce%b9%ce%ba%ce%ae-%ce%b5%ce%bd%ce%ad%cf%81%ce%b3%ce%b5%ce%b9%ce%b1\/\",\"name\":\"Solenergi - Cretacon Green Energy\",\"isPartOf\":{\"@id\":\"https:\/\/cretacon.gr\/#website\"},\"datePublished\":\"2019-12-10T17:18:38+00:00\",\"breadcrumb\":{\"@id\":\"https:\/\/cretacon.gr\/%ce%b7%ce%bb%ce%b9%ce%bf%ce%b8%ce%b5%cf%81%ce%bc%ce%b9%ce%ba%ce%ae-%ce%b5%ce%bd%ce%ad%cf%81%ce%b3%ce%b5%ce%b9%ce%b1\/#breadcrumb\"},\"inLanguage\":\"nb-NO\",\"potentialAction\":[{\"@type\":\"ReadAction\",\"target\":[\"https:\/\/cretacon.gr\/%ce%b7%ce%bb%ce%b9%ce%bf%ce%b8%ce%b5%cf%81%ce%bc%ce%b9%ce%ba%ce%ae-%ce%b5%ce%bd%ce%ad%cf%81%ce%b3%ce%b5%ce%b9%ce%b1\/\"]}]},{\"@type\":\"BreadcrumbList\",\"@id\":\"https:\/\/cretacon.gr\/%ce%b7%ce%bb%ce%b9%ce%bf%ce%b8%ce%b5%cf%81%ce%bc%ce%b9%ce%ba%ce%ae-%ce%b5%ce%bd%ce%ad%cf%81%ce%b3%ce%b5%ce%b9%ce%b1\/#breadcrumb\",\"itemListElement\":[{\"@type\":\"ListItem\",\"position\":1,\"name\":\"Home\",\"item\":\"https:\/\/cretacon.gr\/nb\/\"},{\"@type\":\"ListItem\",\"position\":2,\"name\":\"Solenergi\"}]},{\"@type\":\"WebSite\",\"@id\":\"https:\/\/cretacon.gr\/#website\",\"url\":\"https:\/\/cretacon.gr\/\",\"name\":\"Cretacon Green Energy\",\"description\":\"Construction Company\",\"publisher\":{\"@id\":\"https:\/\/cretacon.gr\/#organization\"},\"potentialAction\":[{\"@type\":\"SearchAction\",\"target\":{\"@type\":\"EntryPoint\",\"urlTemplate\":\"https:\/\/cretacon.gr\/?s={search_term_string}\"},\"query-input\":{\"@type\":\"PropertyValueSpecification\",\"valueRequired\":true,\"valueName\":\"search_term_string\"}}],\"inLanguage\":\"nb-NO\"},{\"@type\":\"Organization\",\"@id\":\"https:\/\/cretacon.gr\/#organization\",\"name\":\"Cretacon Green Energy\",\"url\":\"https:\/\/cretacon.gr\/\",\"logo\":{\"@type\":\"ImageObject\",\"inLanguage\":\"nb-NO\",\"@id\":\"https:\/\/cretacon.gr\/#\/schema\/logo\/image\/\",\"url\":\"https:\/\/cretacon.gr\/wp-content\/uploads\/2017\/09\/logo_white.png\",\"contentUrl\":\"https:\/\/cretacon.gr\/wp-content\/uploads\/2017\/09\/logo_white.png\",\"width\":465,\"height\":180,\"caption\":\"Cretacon Green Energy\"},\"image\":{\"@id\":\"https:\/\/cretacon.gr\/#\/schema\/logo\/image\/\"}}]}<\/script>\n<!-- \/ Yoast SEO plugin. -->","yoast_head_json":{"title":"Solenergi - Cretacon Green Energy","robots":{"index":"index","follow":"follow","max-snippet":"max-snippet:-1","max-image-preview":"max-image-preview:large","max-video-preview":"max-video-preview:-1"},"canonical":"https:\/\/cretacon.gr\/\u03b7\u03bb\u03b9\u03bf\u03b8\u03b5\u03c1\u03bc\u03b9\u03ba\u03ae-\u03b5\u03bd\u03ad\u03c1\u03b3\u03b5\u03b9\u03b1\/","og_locale":"nb_NO","og_type":"article","og_title":"Solenergi - Cretacon Green Energy","og_description":"[vc_row css_animation=&raquo;&raquo; row_type=&raquo;row&raquo; use_row_as_full_screen_section=&raquo;no&raquo; type=&raquo;full_width&raquo; angled_section=&raquo;no&raquo; text_align=&raquo;left&raquo; background_image_as_pattern=&raquo;without_pattern&raquo;][vc_column][vc_column_text]Solenergi tilh\u00f8rer aktive solsystemer og er teknologien som bruker solenergi til \u00e5 produsere varme. Denne energien brukes til \u00e5 dekke behovene v\u00e5re i romoppvarming og varmt vann til husholdningsbruk. &nbsp; Ved bruk av solenergi i husholdningen tilf\u00f8res varmen...","og_url":"https:\/\/cretacon.gr\/\u03b7\u03bb\u03b9\u03bf\u03b8\u03b5\u03c1\u03bc\u03b9\u03ba\u03ae-\u03b5\u03bd\u03ad\u03c1\u03b3\u03b5\u03b9\u03b1\/","og_site_name":"Cretacon Green Energy","twitter_card":"summary_large_image","twitter_misc":{"Ansl. lesetid":"4 minutter"},"schema":{"@context":"https:\/\/schema.org","@graph":[{"@type":"WebPage","@id":"https:\/\/cretacon.gr\/%ce%b7%ce%bb%ce%b9%ce%bf%ce%b8%ce%b5%cf%81%ce%bc%ce%b9%ce%ba%ce%ae-%ce%b5%ce%bd%ce%ad%cf%81%ce%b3%ce%b5%ce%b9%ce%b1\/","url":"https:\/\/cretacon.gr\/%ce%b7%ce%bb%ce%b9%ce%bf%ce%b8%ce%b5%cf%81%ce%bc%ce%b9%ce%ba%ce%ae-%ce%b5%ce%bd%ce%ad%cf%81%ce%b3%ce%b5%ce%b9%ce%b1\/","name":"Solenergi - Cretacon Green Energy","isPartOf":{"@id":"https:\/\/cretacon.gr\/#website"},"datePublished":"2019-12-10T17:18:38+00:00","breadcrumb":{"@id":"https:\/\/cretacon.gr\/%ce%b7%ce%bb%ce%b9%ce%bf%ce%b8%ce%b5%cf%81%ce%bc%ce%b9%ce%ba%ce%ae-%ce%b5%ce%bd%ce%ad%cf%81%ce%b3%ce%b5%ce%b9%ce%b1\/#breadcrumb"},"inLanguage":"nb-NO","potentialAction":[{"@type":"ReadAction","target":["https:\/\/cretacon.gr\/%ce%b7%ce%bb%ce%b9%ce%bf%ce%b8%ce%b5%cf%81%ce%bc%ce%b9%ce%ba%ce%ae-%ce%b5%ce%bd%ce%ad%cf%81%ce%b3%ce%b5%ce%b9%ce%b1\/"]}]},{"@type":"BreadcrumbList","@id":"https:\/\/cretacon.gr\/%ce%b7%ce%bb%ce%b9%ce%bf%ce%b8%ce%b5%cf%81%ce%bc%ce%b9%ce%ba%ce%ae-%ce%b5%ce%bd%ce%ad%cf%81%ce%b3%ce%b5%ce%b9%ce%b1\/#breadcrumb","itemListElement":[{"@type":"ListItem","position":1,"name":"Home","item":"https:\/\/cretacon.gr\/nb\/"},{"@type":"ListItem","position":2,"name":"Solenergi"}]},{"@type":"WebSite","@id":"https:\/\/cretacon.gr\/#website","url":"https:\/\/cretacon.gr\/","name":"Cretacon Green Energy","description":"Construction Company","publisher":{"@id":"https:\/\/cretacon.gr\/#organization"},"potentialAction":[{"@type":"SearchAction","target":{"@type":"EntryPoint","urlTemplate":"https:\/\/cretacon.gr\/?s={search_term_string}"},"query-input":{"@type":"PropertyValueSpecification","valueRequired":true,"valueName":"search_term_string"}}],"inLanguage":"nb-NO"},{"@type":"Organization","@id":"https:\/\/cretacon.gr\/#organization","name":"Cretacon Green Energy","url":"https:\/\/cretacon.gr\/","logo":{"@type":"ImageObject","inLanguage":"nb-NO","@id":"https:\/\/cretacon.gr\/#\/schema\/logo\/image\/","url":"https:\/\/cretacon.gr\/wp-content\/uploads\/2017\/09\/logo_white.png","contentUrl":"https:\/\/cretacon.gr\/wp-content\/uploads\/2017\/09\/logo_white.png","width":465,"height":180,"caption":"Cretacon Green Energy"},"image":{"@id":"https:\/\/cretacon.gr\/#\/schema\/logo\/image\/"}}]}},"_links":{"self":[{"href":"https:\/\/cretacon.gr\/nb\/wp-json\/wp\/v2\/pages\/16552","targetHints":{"allow":["GET"]}}],"collection":[{"href":"https:\/\/cretacon.gr\/nb\/wp-json\/wp\/v2\/pages"}],"about":[{"href":"https:\/\/cretacon.gr\/nb\/wp-json\/wp\/v2\/types\/page"}],"author":[{"embeddable":true,"href":"https:\/\/cretacon.gr\/nb\/wp-json\/wp\/v2\/users\/1"}],"replies":[{"embeddable":true,"href":"https:\/\/cretacon.gr\/nb\/wp-json\/wp\/v2\/comments?post=16552"}],"version-history":[{"count":1,"href":"https:\/\/cretacon.gr\/nb\/wp-json\/wp\/v2\/pages\/16552\/revisions"}],"predecessor-version":[{"id":16553,"href":"https:\/\/cretacon.gr\/nb\/wp-json\/wp\/v2\/pages\/16552\/revisions\/16553"}],"wp:attachment":[{"href":"https:\/\/cretacon.gr\/nb\/wp-json\/wp\/v2\/media?parent=16552"}],"curies":[{"name":"wp","href":"https:\/\/api.w.org\/{rel}","templated":true}]}}