{"id":16548,"date":"2019-12-10T19:10:51","date_gmt":"2019-12-10T17:10:51","guid":{"rendered":"https:\/\/cretacon.gr\/?page_id=16548"},"modified":"2019-12-10T19:11:31","modified_gmt":"2019-12-10T17:11:31","slug":"murverkskonstruksjon","status":"publish","type":"page","link":"https:\/\/cretacon.gr\/nb\/tjenester\/murverkskonstruksjon\/","title":{"rendered":"Murverkskonstruksjon"},"content":{"rendered":"<div class=\"wpb-content-wrapper\"><p>[vc_row css_animation=&raquo;&raquo; row_type=&raquo;row&raquo; use_row_as_full_screen_section=&raquo;no&raquo; type=&raquo;full_width&raquo; angled_section=&raquo;no&raquo; text_align=&raquo;left&raquo; background_image_as_pattern=&raquo;without_pattern&raquo; css=&raquo;.vc_custom_1507313845771{margin-top: -40px !important;}&raquo;][vc_column][vc_empty_space]<div class=\"q_image_with_text_over q_iwto_hover\"><div class=\"shader\" style=\"background-color: rgba(255,255,255,0.12)\"><\/div><div class=\"shader_hover\" style=\"background-color: rgba(45,45,45,0.23)\"><\/div><img decoding=\"async\" itemprop=\"image\" src=\"https:\/\/cretacon.gr\/wp-content\/uploads\/2017\/10\/12354.jpg\" alt=\"\" \/><div class=\"text\"><table><tr><td><h3 class=\"caption no_icon\" style=\"\">Murverkskonstruksjon<\/h3><\/td><\/tr><\/table><table><tr><td><div class=\"desc\"><\/div><\/td><\/tr><\/table><\/div><\/div>[vc_empty_space][vc_widget_sidebar sidebar_id=&raquo;footer post&raquo;][\/vc_column][\/vc_row][vc_row css_animation=&raquo;&raquo; row_type=&raquo;row&raquo; use_row_as_full_screen_section=&raquo;no&raquo; type=&raquo;full_width&raquo; angled_section=&raquo;no&raquo; text_align=&raquo;left&raquo; background_image_as_pattern=&raquo;without_pattern&raquo; css=&raquo;.vc_custom_1507315153026{padding-right: 130px !important;padding-left: 130px !important;}&raquo;][vc_column width=&raquo;1\/2&#8243;]<div class=\"qode-image-with-icon-and-text\">\n    <div class=\"qode-iwiat-image-icon-holder\" >\n\t\t\t\t\t<div class=\"qode-iwiat-image\">\n\t\t\t\t<img decoding=\"async\" src=\"https:\/\/cretacon.gr\/wp-content\/uploads\/2016\/05\/11220942_1675760542654221_1244975688770251972_n.png\" alt=\"Cretacon Green Energy \u039a\u03b1\u03c4\u03b1\u03c3\u03ba\u03b5\u03c5\u03b1\u03c3\u03c4\u03b9\u03ba\u03ae \u0395\u03c4\u03b1\u03b9\u03c1\u03b5\u03af\u03b1 - \u03a0\u03c9\u03bb\u03ae\u03c3\u03b5\u03b9\u03c2\"\/>\n\t\t\t<\/div>\n\t\t\t\t<div class=\"qode-iwiat-icon-holder\">\n                            <span class=\"qode-icon-holder qode-icon-circle qode-icon-medium\"  >\n                    <i class=\"qode_icon_font_awesome fa fa-certificate qode-icon-element\" ><\/i>                <\/span>\n            \t\t<\/div>\n\t<\/div>\n\t\t<\/div>[vc_column_text]<strong>Murverkskonstruksjon<\/strong> inkluderer fylling av de vertikale og horisontale delene av utvendige rammer og innvendige partisjoner i en bygning. Avhengig av hvilken type bygning vi konstruerer (bolig, n\u00e6ringsbygg, lager, etc.) bruker vi riktige materialer som murstein, betongblokker (ytong), bearbeidet lokal stein, gipsplater, st\u00e5l og glass eller metall etc.[\/vc_column_text][vc_empty_space][\/vc_column][vc_column width=&raquo;1\/2&#8243;][vc_column_text]Vegger og tak er vanligvis gjengitt med tre lag med gips, &laquo;liming&raquo; med spredt kalk, andre lag med spr\u00f8yt sement og &laquo;skimming&raquo;. Fiberforsterket restaurering og fuktighetsisolerende belegg brukes ogs\u00e5 for \u00e5 forhindre kondens p\u00e5 vegger. For \u00e5 velge riktig materiale tar vi alltid hensyn til underlagstype, milj\u00f8forhold og estetikk.<\/p>\n<p>Ti\u00e5rs erfaring garanterer perfekte resultater p\u00e5 alle typer murbygninger og restaureringsarbeid vi p\u00e5tar oss.[\/vc_column_text][vc_empty_space height=&raquo;12px&raquo;][vc_facebook][vc_googleplus][vc_pinterest][vc_empty_space][\/vc_column][\/vc_row][vc_row css_animation=&raquo;&raquo; row_type=&raquo;row&raquo; use_row_as_full_screen_section=&raquo;no&raquo; type=&raquo;full_width&raquo; angled_section=&raquo;no&raquo; text_align=&raquo;left&raquo; background_image_as_pattern=&raquo;without_pattern&raquo;][vc_column][vc_text_separator title=&raquo;You will find us:&raquo; border=&raquo;no&raquo;][vc_empty_space height=&raquo;20px&raquo;][vc_gmaps link=&raquo;#E-8_JTNDaWZyYW1lJTIwc3JjJTNEJTIyaHR0cHMlM0ElMkYlMkZ3d3cuZ29vZ2xlLmNvbSUyRm1hcHMlMkZlbWJlZCUzRnBiJTNEJTIxMW0xNCUyMTFtOCUyMTFtMyUyMTFkMTI5ODcuNjI0MDg2NDgwMjMlMjEyZDIzLjgyNzg0NCUyMTNkMzUuNTMxMzIlMjEzbTIlMjExaTEwMjQlMjEyaTc2OCUyMTRmMTMuMSUyMTNtMyUyMTFtMiUyMTFzMHgwJTI1M0EweDJjYzM3ZTIyOWM5NjZjODIlMjEyc0NyZXRhY29uJTIxNWUwJTIxM20yJTIxMXNlbCUyMTJzZ3IlMjE0djE1Njc4NDYzODE0ODUlMjE1bTIlMjExc2VsJTIxMnNnciUyMiUyMHdpZHRoJTNEJTIyODAwJTIyJTIwaGVpZ2h0JTNEJTIyNDAwJTIyJTIwZnJhbWVib3JkZXIlM0QlMjIwJTIyJTIwc3R5bGUlM0QlMjJib3JkZXIlM0EwJTNCJTIyJTIwYWxsb3dmdWxsc2NyZWVuJTNEJTIyJTIyJTNFJTNDJTJGaWZyYW1lJTNF&raquo;][vc_empty_space height=&raquo;20px&raquo;][\/vc_column][\/vc_row][vc_row css_animation=&raquo;&raquo; row_type=&raquo;row&raquo; use_row_as_full_screen_section=&raquo;no&raquo; type=&raquo;full_width&raquo; angled_section=&raquo;no&raquo; text_align=&raquo;left&raquo; background_image_as_pattern=&raquo;without_pattern&raquo;][vc_column][vc_text_separator title=&raquo;Works&raquo; border=&raquo;no&raquo;][vc_empty_space height=&raquo;20px&raquo;]<div class='blog_slider_holder clearfix '><div class='blog_slider blog_slider_carousel' data-auto_start=\"false\"><ul class='blog_slides'>Sorry, no posts matched your criteria.<\/ul><ul class=\"caroufredsel-direction-nav\"><li><a id=\"caroufredsel-prev\" class=\"caroufredsel-prev\" href=\"#\"><div><i class=\"fa fa-angle-left\"><\/i><\/div><\/a><\/li><li><a class=\"caroufredsel-next\" id=\"caroufredsel-next\" href=\"#\"><div><i class=\"fa fa-angle-right\"><\/i><\/div><\/a><\/li><\/ul><\/div><\/div>[\/vc_column][\/vc_row]<\/p>\n<\/div>","protected":false},"excerpt":{"rendered":"<p>[vc_row css_animation=&raquo;&raquo; row_type=&raquo;row&raquo; use_row_as_full_screen_section=&raquo;no&raquo; type=&raquo;full_width&raquo; angled_section=&raquo;no&raquo; text_align=&raquo;left&raquo; background_image_as_pattern=&raquo;without_pattern&raquo; css=&raquo;.vc_custom_1507313845771{margin-top: -40px !important;}&raquo;][vc_column][vc_empty_space][vc_empty_space][vc_widget_sidebar sidebar_id=&raquo;footer post&raquo;][\/vc_column][\/vc_row][vc_row css_animation=&raquo;&raquo; row_type=&raquo;row&raquo; use_row_as_full_screen_section=&raquo;no&raquo; type=&raquo;full_width&raquo; angled_section=&raquo;no&raquo; text_align=&raquo;left&raquo; background_image_as_pattern=&raquo;without_pattern&raquo; css=&raquo;.vc_custom_1507315153026{padding-right: 130px !important;padding-left: 130px !important;}&raquo;][vc_column width=&raquo;1\/2&#8243;][vc_column_text]Murverkskonstruksjon inkluderer fylling av de vertikale og horisontale delene av utvendige rammer og innvendige partisjoner i en bygning. Avhengig av&#8230;<\/p>\n","protected":false},"author":1,"featured_media":15193,"parent":16531,"menu_order":0,"comment_status":"closed","ping_status":"closed","template":"","meta":{"footnotes":""},"class_list":["post-16548","page","type-page","status-publish","has-post-thumbnail","hentry"],"yoast_head":"<!-- This site is optimized with the Yoast SEO plugin v26.2 - https:\/\/yoast.com\/wordpress\/plugins\/seo\/ -->\n<title>Murverkskonstruksjon - Cretacon Green Energy<\/title>\n<meta name=\"robots\" content=\"index, follow, max-snippet:-1, max-image-preview:large, max-video-preview:-1\" \/>\n<link rel=\"canonical\" href=\"https:\/\/cretacon.gr\/\u03c5\u03c0\u03b7\u03c1\u03b5\u03c3\u03af\u03b5\u03c2\/\u03c4\u03bf\u03b9\u03c7\u03bf\u03c0\u03bf\u03b9\u03ca\u03b5\u03c2-\u03b5\u03c0\u03b9\u03c7\u03c1\u03af\u03c3\u03bc\u03b1\u03c4\u03b1\/\" \/>\n<meta property=\"og:locale\" content=\"nb_NO\" \/>\n<meta property=\"og:type\" content=\"article\" \/>\n<meta property=\"og:title\" content=\"Murverkskonstruksjon - Cretacon Green Energy\" \/>\n<meta property=\"og:description\" content=\"[vc_row css_animation=&raquo;&raquo; row_type=&raquo;row&raquo; use_row_as_full_screen_section=&raquo;no&raquo; type=&raquo;full_width&raquo; angled_section=&raquo;no&raquo; text_align=&raquo;left&raquo; background_image_as_pattern=&raquo;without_pattern&raquo; css=&raquo;.vc_custom_1507313845771{margin-top: -40px !important;}&raquo;][vc_column][vc_empty_space][vc_empty_space][vc_widget_sidebar sidebar_id=&raquo;footer post&raquo;][\/vc_column][\/vc_row][vc_row css_animation=&raquo;&raquo; row_type=&raquo;row&raquo; use_row_as_full_screen_section=&raquo;no&raquo; type=&raquo;full_width&raquo; angled_section=&raquo;no&raquo; text_align=&raquo;left&raquo; background_image_as_pattern=&raquo;without_pattern&raquo; css=&raquo;.vc_custom_1507315153026{padding-right: 130px !important;padding-left: 130px !important;}&raquo;][vc_column width=&raquo;1\/2&#8243;][vc_column_text]Murverkskonstruksjon inkluderer fylling av de vertikale og horisontale delene av utvendige rammer og innvendige partisjoner i en bygning. Avhengig av...\" \/>\n<meta property=\"og:url\" content=\"https:\/\/cretacon.gr\/\u03c5\u03c0\u03b7\u03c1\u03b5\u03c3\u03af\u03b5\u03c2\/\u03c4\u03bf\u03b9\u03c7\u03bf\u03c0\u03bf\u03b9\u03ca\u03b5\u03c2-\u03b5\u03c0\u03b9\u03c7\u03c1\u03af\u03c3\u03bc\u03b1\u03c4\u03b1\/\" \/>\n<meta property=\"og:site_name\" content=\"Cretacon Green Energy\" \/>\n<meta property=\"article:modified_time\" content=\"2019-12-10T17:11:31+00:00\" \/>\n<meta property=\"og:image\" content=\"https:\/\/cretacon.gr\/wp-content\/uploads\/2017\/10\/masonry-plastering-2.jpg\" \/>\n\t<meta property=\"og:image:width\" content=\"1066\" \/>\n\t<meta property=\"og:image:height\" content=\"800\" \/>\n\t<meta property=\"og:image:type\" content=\"image\/jpeg\" \/>\n<meta name=\"twitter:card\" content=\"summary_large_image\" \/>\n<meta name=\"twitter:label1\" content=\"Ansl. lesetid\" \/>\n\t<meta name=\"twitter:data1\" content=\"2 minutter\" \/>\n<script type=\"application\/ld+json\" class=\"yoast-schema-graph\">{\"@context\":\"https:\/\/schema.org\",\"@graph\":[{\"@type\":\"WebPage\",\"@id\":\"https:\/\/cretacon.gr\/%cf%85%cf%80%ce%b7%cf%81%ce%b5%cf%83%ce%af%ce%b5%cf%82\/%cf%84%ce%bf%ce%b9%cf%87%ce%bf%cf%80%ce%bf%ce%b9%cf%8a%ce%b5%cf%82-%ce%b5%cf%80%ce%b9%cf%87%cf%81%ce%af%cf%83%ce%bc%ce%b1%cf%84%ce%b1\/\",\"url\":\"https:\/\/cretacon.gr\/%cf%85%cf%80%ce%b7%cf%81%ce%b5%cf%83%ce%af%ce%b5%cf%82\/%cf%84%ce%bf%ce%b9%cf%87%ce%bf%cf%80%ce%bf%ce%b9%cf%8a%ce%b5%cf%82-%ce%b5%cf%80%ce%b9%cf%87%cf%81%ce%af%cf%83%ce%bc%ce%b1%cf%84%ce%b1\/\",\"name\":\"Murverkskonstruksjon - Cretacon Green Energy\",\"isPartOf\":{\"@id\":\"https:\/\/cretacon.gr\/#website\"},\"primaryImageOfPage\":{\"@id\":\"https:\/\/cretacon.gr\/%cf%85%cf%80%ce%b7%cf%81%ce%b5%cf%83%ce%af%ce%b5%cf%82\/%cf%84%ce%bf%ce%b9%cf%87%ce%bf%cf%80%ce%bf%ce%b9%cf%8a%ce%b5%cf%82-%ce%b5%cf%80%ce%b9%cf%87%cf%81%ce%af%cf%83%ce%bc%ce%b1%cf%84%ce%b1\/#primaryimage\"},\"image\":{\"@id\":\"https:\/\/cretacon.gr\/%cf%85%cf%80%ce%b7%cf%81%ce%b5%cf%83%ce%af%ce%b5%cf%82\/%cf%84%ce%bf%ce%b9%cf%87%ce%bf%cf%80%ce%bf%ce%b9%cf%8a%ce%b5%cf%82-%ce%b5%cf%80%ce%b9%cf%87%cf%81%ce%af%cf%83%ce%bc%ce%b1%cf%84%ce%b1\/#primaryimage\"},\"thumbnailUrl\":\"https:\/\/cretacon.gr\/wp-content\/uploads\/2017\/10\/masonry-plastering-2.jpg\",\"datePublished\":\"2019-12-10T17:10:51+00:00\",\"dateModified\":\"2019-12-10T17:11:31+00:00\",\"breadcrumb\":{\"@id\":\"https:\/\/cretacon.gr\/%cf%85%cf%80%ce%b7%cf%81%ce%b5%cf%83%ce%af%ce%b5%cf%82\/%cf%84%ce%bf%ce%b9%cf%87%ce%bf%cf%80%ce%bf%ce%b9%cf%8a%ce%b5%cf%82-%ce%b5%cf%80%ce%b9%cf%87%cf%81%ce%af%cf%83%ce%bc%ce%b1%cf%84%ce%b1\/#breadcrumb\"},\"inLanguage\":\"nb-NO\",\"potentialAction\":[{\"@type\":\"ReadAction\",\"target\":[\"https:\/\/cretacon.gr\/%cf%85%cf%80%ce%b7%cf%81%ce%b5%cf%83%ce%af%ce%b5%cf%82\/%cf%84%ce%bf%ce%b9%cf%87%ce%bf%cf%80%ce%bf%ce%b9%cf%8a%ce%b5%cf%82-%ce%b5%cf%80%ce%b9%cf%87%cf%81%ce%af%cf%83%ce%bc%ce%b1%cf%84%ce%b1\/\"]}]},{\"@type\":\"ImageObject\",\"inLanguage\":\"nb-NO\",\"@id\":\"https:\/\/cretacon.gr\/%cf%85%cf%80%ce%b7%cf%81%ce%b5%cf%83%ce%af%ce%b5%cf%82\/%cf%84%ce%bf%ce%b9%cf%87%ce%bf%cf%80%ce%bf%ce%b9%cf%8a%ce%b5%cf%82-%ce%b5%cf%80%ce%b9%cf%87%cf%81%ce%af%cf%83%ce%bc%ce%b1%cf%84%ce%b1\/#primaryimage\",\"url\":\"https:\/\/cretacon.gr\/wp-content\/uploads\/2017\/10\/masonry-plastering-2.jpg\",\"contentUrl\":\"https:\/\/cretacon.gr\/wp-content\/uploads\/2017\/10\/masonry-plastering-2.jpg\",\"width\":1066,\"height\":800,\"caption\":\"Mauerwerk - Verkleidungen Cretacon\"},{\"@type\":\"BreadcrumbList\",\"@id\":\"https:\/\/cretacon.gr\/%cf%85%cf%80%ce%b7%cf%81%ce%b5%cf%83%ce%af%ce%b5%cf%82\/%cf%84%ce%bf%ce%b9%cf%87%ce%bf%cf%80%ce%bf%ce%b9%cf%8a%ce%b5%cf%82-%ce%b5%cf%80%ce%b9%cf%87%cf%81%ce%af%cf%83%ce%bc%ce%b1%cf%84%ce%b1\/#breadcrumb\",\"itemListElement\":[{\"@type\":\"ListItem\",\"position\":1,\"name\":\"Home\",\"item\":\"https:\/\/cretacon.gr\/nb\/\"},{\"@type\":\"ListItem\",\"position\":2,\"name\":\"Tjenester\",\"item\":\"https:\/\/cretacon.gr\/nb\/tjenester\/\"},{\"@type\":\"ListItem\",\"position\":3,\"name\":\"Murverkskonstruksjon\"}]},{\"@type\":\"WebSite\",\"@id\":\"https:\/\/cretacon.gr\/#website\",\"url\":\"https:\/\/cretacon.gr\/\",\"name\":\"Cretacon Green Energy\",\"description\":\"Construction Company\",\"publisher\":{\"@id\":\"https:\/\/cretacon.gr\/#organization\"},\"potentialAction\":[{\"@type\":\"SearchAction\",\"target\":{\"@type\":\"EntryPoint\",\"urlTemplate\":\"https:\/\/cretacon.gr\/?s={search_term_string}\"},\"query-input\":{\"@type\":\"PropertyValueSpecification\",\"valueRequired\":true,\"valueName\":\"search_term_string\"}}],\"inLanguage\":\"nb-NO\"},{\"@type\":\"Organization\",\"@id\":\"https:\/\/cretacon.gr\/#organization\",\"name\":\"Cretacon Green Energy\",\"url\":\"https:\/\/cretacon.gr\/\",\"logo\":{\"@type\":\"ImageObject\",\"inLanguage\":\"nb-NO\",\"@id\":\"https:\/\/cretacon.gr\/#\/schema\/logo\/image\/\",\"url\":\"https:\/\/cretacon.gr\/wp-content\/uploads\/2017\/09\/logo_white.png\",\"contentUrl\":\"https:\/\/cretacon.gr\/wp-content\/uploads\/2017\/09\/logo_white.png\",\"width\":465,\"height\":180,\"caption\":\"Cretacon Green Energy\"},\"image\":{\"@id\":\"https:\/\/cretacon.gr\/#\/schema\/logo\/image\/\"}}]}<\/script>\n<!-- \/ Yoast SEO plugin. -->","yoast_head_json":{"title":"Murverkskonstruksjon - Cretacon Green Energy","robots":{"index":"index","follow":"follow","max-snippet":"max-snippet:-1","max-image-preview":"max-image-preview:large","max-video-preview":"max-video-preview:-1"},"canonical":"https:\/\/cretacon.gr\/\u03c5\u03c0\u03b7\u03c1\u03b5\u03c3\u03af\u03b5\u03c2\/\u03c4\u03bf\u03b9\u03c7\u03bf\u03c0\u03bf\u03b9\u03ca\u03b5\u03c2-\u03b5\u03c0\u03b9\u03c7\u03c1\u03af\u03c3\u03bc\u03b1\u03c4\u03b1\/","og_locale":"nb_NO","og_type":"article","og_title":"Murverkskonstruksjon - Cretacon Green Energy","og_description":"[vc_row css_animation=&raquo;&raquo; row_type=&raquo;row&raquo; use_row_as_full_screen_section=&raquo;no&raquo; type=&raquo;full_width&raquo; angled_section=&raquo;no&raquo; text_align=&raquo;left&raquo; background_image_as_pattern=&raquo;without_pattern&raquo; css=&raquo;.vc_custom_1507313845771{margin-top: -40px !important;}&raquo;][vc_column][vc_empty_space][vc_empty_space][vc_widget_sidebar sidebar_id=&raquo;footer post&raquo;][\/vc_column][\/vc_row][vc_row css_animation=&raquo;&raquo; row_type=&raquo;row&raquo; use_row_as_full_screen_section=&raquo;no&raquo; type=&raquo;full_width&raquo; angled_section=&raquo;no&raquo; text_align=&raquo;left&raquo; background_image_as_pattern=&raquo;without_pattern&raquo; css=&raquo;.vc_custom_1507315153026{padding-right: 130px !important;padding-left: 130px !important;}&raquo;][vc_column width=&raquo;1\/2&#8243;][vc_column_text]Murverkskonstruksjon inkluderer fylling av de vertikale og horisontale delene av utvendige rammer og innvendige partisjoner i en bygning. Avhengig av...","og_url":"https:\/\/cretacon.gr\/\u03c5\u03c0\u03b7\u03c1\u03b5\u03c3\u03af\u03b5\u03c2\/\u03c4\u03bf\u03b9\u03c7\u03bf\u03c0\u03bf\u03b9\u03ca\u03b5\u03c2-\u03b5\u03c0\u03b9\u03c7\u03c1\u03af\u03c3\u03bc\u03b1\u03c4\u03b1\/","og_site_name":"Cretacon Green Energy","article_modified_time":"2019-12-10T17:11:31+00:00","og_image":[{"width":1066,"height":800,"url":"https:\/\/cretacon.gr\/wp-content\/uploads\/2017\/10\/masonry-plastering-2.jpg","type":"image\/jpeg"}],"twitter_card":"summary_large_image","twitter_misc":{"Ansl. lesetid":"2 minutter"},"schema":{"@context":"https:\/\/schema.org","@graph":[{"@type":"WebPage","@id":"https:\/\/cretacon.gr\/%cf%85%cf%80%ce%b7%cf%81%ce%b5%cf%83%ce%af%ce%b5%cf%82\/%cf%84%ce%bf%ce%b9%cf%87%ce%bf%cf%80%ce%bf%ce%b9%cf%8a%ce%b5%cf%82-%ce%b5%cf%80%ce%b9%cf%87%cf%81%ce%af%cf%83%ce%bc%ce%b1%cf%84%ce%b1\/","url":"https:\/\/cretacon.gr\/%cf%85%cf%80%ce%b7%cf%81%ce%b5%cf%83%ce%af%ce%b5%cf%82\/%cf%84%ce%bf%ce%b9%cf%87%ce%bf%cf%80%ce%bf%ce%b9%cf%8a%ce%b5%cf%82-%ce%b5%cf%80%ce%b9%cf%87%cf%81%ce%af%cf%83%ce%bc%ce%b1%cf%84%ce%b1\/","name":"Murverkskonstruksjon - Cretacon Green Energy","isPartOf":{"@id":"https:\/\/cretacon.gr\/#website"},"primaryImageOfPage":{"@id":"https:\/\/cretacon.gr\/%cf%85%cf%80%ce%b7%cf%81%ce%b5%cf%83%ce%af%ce%b5%cf%82\/%cf%84%ce%bf%ce%b9%cf%87%ce%bf%cf%80%ce%bf%ce%b9%cf%8a%ce%b5%cf%82-%ce%b5%cf%80%ce%b9%cf%87%cf%81%ce%af%cf%83%ce%bc%ce%b1%cf%84%ce%b1\/#primaryimage"},"image":{"@id":"https:\/\/cretacon.gr\/%cf%85%cf%80%ce%b7%cf%81%ce%b5%cf%83%ce%af%ce%b5%cf%82\/%cf%84%ce%bf%ce%b9%cf%87%ce%bf%cf%80%ce%bf%ce%b9%cf%8a%ce%b5%cf%82-%ce%b5%cf%80%ce%b9%cf%87%cf%81%ce%af%cf%83%ce%bc%ce%b1%cf%84%ce%b1\/#primaryimage"},"thumbnailUrl":"https:\/\/cretacon.gr\/wp-content\/uploads\/2017\/10\/masonry-plastering-2.jpg","datePublished":"2019-12-10T17:10:51+00:00","dateModified":"2019-12-10T17:11:31+00:00","breadcrumb":{"@id":"https:\/\/cretacon.gr\/%cf%85%cf%80%ce%b7%cf%81%ce%b5%cf%83%ce%af%ce%b5%cf%82\/%cf%84%ce%bf%ce%b9%cf%87%ce%bf%cf%80%ce%bf%ce%b9%cf%8a%ce%b5%cf%82-%ce%b5%cf%80%ce%b9%cf%87%cf%81%ce%af%cf%83%ce%bc%ce%b1%cf%84%ce%b1\/#breadcrumb"},"inLanguage":"nb-NO","potentialAction":[{"@type":"ReadAction","target":["https:\/\/cretacon.gr\/%cf%85%cf%80%ce%b7%cf%81%ce%b5%cf%83%ce%af%ce%b5%cf%82\/%cf%84%ce%bf%ce%b9%cf%87%ce%bf%cf%80%ce%bf%ce%b9%cf%8a%ce%b5%cf%82-%ce%b5%cf%80%ce%b9%cf%87%cf%81%ce%af%cf%83%ce%bc%ce%b1%cf%84%ce%b1\/"]}]},{"@type":"ImageObject","inLanguage":"nb-NO","@id":"https:\/\/cretacon.gr\/%cf%85%cf%80%ce%b7%cf%81%ce%b5%cf%83%ce%af%ce%b5%cf%82\/%cf%84%ce%bf%ce%b9%cf%87%ce%bf%cf%80%ce%bf%ce%b9%cf%8a%ce%b5%cf%82-%ce%b5%cf%80%ce%b9%cf%87%cf%81%ce%af%cf%83%ce%bc%ce%b1%cf%84%ce%b1\/#primaryimage","url":"https:\/\/cretacon.gr\/wp-content\/uploads\/2017\/10\/masonry-plastering-2.jpg","contentUrl":"https:\/\/cretacon.gr\/wp-content\/uploads\/2017\/10\/masonry-plastering-2.jpg","width":1066,"height":800,"caption":"Mauerwerk - Verkleidungen Cretacon"},{"@type":"BreadcrumbList","@id":"https:\/\/cretacon.gr\/%cf%85%cf%80%ce%b7%cf%81%ce%b5%cf%83%ce%af%ce%b5%cf%82\/%cf%84%ce%bf%ce%b9%cf%87%ce%bf%cf%80%ce%bf%ce%b9%cf%8a%ce%b5%cf%82-%ce%b5%cf%80%ce%b9%cf%87%cf%81%ce%af%cf%83%ce%bc%ce%b1%cf%84%ce%b1\/#breadcrumb","itemListElement":[{"@type":"ListItem","position":1,"name":"Home","item":"https:\/\/cretacon.gr\/nb\/"},{"@type":"ListItem","position":2,"name":"Tjenester","item":"https:\/\/cretacon.gr\/nb\/tjenester\/"},{"@type":"ListItem","position":3,"name":"Murverkskonstruksjon"}]},{"@type":"WebSite","@id":"https:\/\/cretacon.gr\/#website","url":"https:\/\/cretacon.gr\/","name":"Cretacon Green Energy","description":"Construction Company","publisher":{"@id":"https:\/\/cretacon.gr\/#organization"},"potentialAction":[{"@type":"SearchAction","target":{"@type":"EntryPoint","urlTemplate":"https:\/\/cretacon.gr\/?s={search_term_string}"},"query-input":{"@type":"PropertyValueSpecification","valueRequired":true,"valueName":"search_term_string"}}],"inLanguage":"nb-NO"},{"@type":"Organization","@id":"https:\/\/cretacon.gr\/#organization","name":"Cretacon Green Energy","url":"https:\/\/cretacon.gr\/","logo":{"@type":"ImageObject","inLanguage":"nb-NO","@id":"https:\/\/cretacon.gr\/#\/schema\/logo\/image\/","url":"https:\/\/cretacon.gr\/wp-content\/uploads\/2017\/09\/logo_white.png","contentUrl":"https:\/\/cretacon.gr\/wp-content\/uploads\/2017\/09\/logo_white.png","width":465,"height":180,"caption":"Cretacon Green Energy"},"image":{"@id":"https:\/\/cretacon.gr\/#\/schema\/logo\/image\/"}}]}},"_links":{"self":[{"href":"https:\/\/cretacon.gr\/nb\/wp-json\/wp\/v2\/pages\/16548","targetHints":{"allow":["GET"]}}],"collection":[{"href":"https:\/\/cretacon.gr\/nb\/wp-json\/wp\/v2\/pages"}],"about":[{"href":"https:\/\/cretacon.gr\/nb\/wp-json\/wp\/v2\/types\/page"}],"author":[{"embeddable":true,"href":"https:\/\/cretacon.gr\/nb\/wp-json\/wp\/v2\/users\/1"}],"replies":[{"embeddable":true,"href":"https:\/\/cretacon.gr\/nb\/wp-json\/wp\/v2\/comments?post=16548"}],"version-history":[{"count":2,"href":"https:\/\/cretacon.gr\/nb\/wp-json\/wp\/v2\/pages\/16548\/revisions"}],"predecessor-version":[{"id":16550,"href":"https:\/\/cretacon.gr\/nb\/wp-json\/wp\/v2\/pages\/16548\/revisions\/16550"}],"up":[{"embeddable":true,"href":"https:\/\/cretacon.gr\/nb\/wp-json\/wp\/v2\/pages\/16531"}],"wp:featuredmedia":[{"embeddable":true,"href":"https:\/\/cretacon.gr\/nb\/wp-json\/wp\/v2\/media\/15193"}],"wp:attachment":[{"href":"https:\/\/cretacon.gr\/nb\/wp-json\/wp\/v2\/media?parent=16548"}],"curies":[{"name":"wp","href":"https:\/\/api.w.org\/{rel}","templated":true}]}}