{"id":16545,"date":"2019-12-10T17:49:08","date_gmt":"2019-12-10T15:49:08","guid":{"rendered":"https:\/\/cretacon.gr\/?page_id=16545"},"modified":"2019-12-10T17:49:08","modified_gmt":"2019-12-10T15:49:08","slug":"jordenergi-geotermisk-energi","status":"publish","type":"page","link":"https:\/\/cretacon.gr\/nb\/jordenergi-geotermisk-energi\/","title":{"rendered":"Jordenergi\/Geotermisk Energi"},"content":{"rendered":"<div class=\"wpb-content-wrapper\"><p>[vc_row css_animation=&raquo;&raquo; row_type=&raquo;row&raquo; use_row_as_full_screen_section=&raquo;no&raquo; type=&raquo;full_width&raquo; angled_section=&raquo;no&raquo; text_align=&raquo;left&raquo; background_image_as_pattern=&raquo;without_pattern&raquo;][vc_column]<div class='q_icon_with_title tiny normal_icon '><div class=\"icon_holder \" style=\" \"><span data-icon-type=\"normal\" data-icon-hover-color=\"#000000\" style=\"font-size: 60px\" class=\"qode_iwt_icon_holder q_font_awsome_icon fa-lg  \"><i class=\"qodef-icon-linea-icon icon-weather-aquarius qode_iwt_icon_element\" style=\"color: #ff3d00\"><\/i><\/span><\/div><div class=\"icon_text_holder\" style=\"padding-left:97px;\"><div class=\"icon_text_inner\" style=\"\"><h5 class=\"icon_title\" style=\"\">Jordenergi\/Geotermisk Energi<\/h5><p style=''><\/p><\/div><\/div><\/div>[vc_column_text]Ordet geotermisk kommer fra de greske ordene geo (jord) og terme (varme). S\u00e5, geotermisk energi er varme fra jorden. Vi kan bruke damp og varmt vann produsert i jorden for \u00e5 varme opp bygninger eller produsere elektrisitet. Geotermisk energi er en fornybar energikilde fordi vannet blir etterfylt av nedb\u00f8r og varmen produseres kontinuerlig i jorden.<br \/>\nGeotermisk energi genereres i jordens kjerne, ca 4.000 miles under overflaten. Temperaturer er varmere enn solens overflate produseres kontinuerlig inne i jorden ved langsomt forfall av radioaktive partikler, en prosess som skjer i alle bergarter.<br \/>\nJorden har en rekke forskjellige lag:<\/p>\n<p>&nbsp;<\/p>\n<p>Kjernen i seg selv har to lag: en solid jernkjerne og en ytre kjerne laget av smeltet stein, kalt magma. Mantelen som omgir kjernen og er ca 1,800 miles tykk. Den best\u00e5r av magma og solid stein. Skorpen er det ytre laget av jorden, landet som danner kontinenter og havbunn. Det kan v\u00e6re tre til fem miles tykt under havene og 15 til 35 miles tykk p\u00e5 kontinentene. Jordskorpen er brutt i stykker kalt platene. Magma kommer opp til jordens overflate n\u00e6r kantene p\u00e5 disse platene. Det er her vulkaner oppst\u00e5r. Lavaen som kommer ut av vulkaner er delvis magma. Dypt i undergrunnen, absorberer bergarter og vann varmen fra denne magmaen. Temperaturen p\u00e5 bergarter og vann blir varmere og varmere jo dypere en kommer ned.<\/p>\n<p>&nbsp;<\/p>\n<p>Geotermisk energi bruker:<br \/>\nMennesker rundt om i verden bruker geotermisk energi til \u00e5 varme sine hjem og produsere elektrisitet ved \u00e5 grave dype br\u00f8nner og pumpe oppvarmet underjordisk vann eller damp til overflaten. Eller vi kan gj\u00f8re bruk av de stabile temperaturene n\u00e6r jordens overflate for \u00e5 varme og kj\u00f8le bygninger.<br \/>\nNoen anvendelser av geotermisk energi bruker jordens temperaturer n\u00e6r overflaten, mens andre krever dypere grunnboring. De tre hovedbruken av geotermisk energi er:<\/p>\n<p>&nbsp;<\/p>\n<p>1) Direkte bruk og fjernvarmesystemer som bruker varmt vann fra fj\u00e6rer eller reservoarer n\u00e6r overflaten.<br \/>\n2) Str\u00f8mgenerering i kraftverk krever vann eller damp ved sv\u00e6rt h\u00f8y temperatur (300 til 700 grader Fahrenheit). Geotermiske kraftverk er generelt bygget der geotermiske reservoarer befinner seg innenfor en kilometer eller to under overflaten.<br \/>\n3) Geotermiske pumper bruker stabile jord- eller vanntemperaturer n\u00e6r jordens overflate for \u00e5 kontrollere bygningstemperaturer over bakken.<\/p>\n<p>&nbsp;<\/p>\n<p>Geotermisk energi og milj\u00f8et<br \/>\nMilj\u00f8p\u00e5virkningen av geotermisk energi er avhengig av hvordan den brukes. Direkte bruk og oppvarming har nesten ingen negativ innvirkning p\u00e5 milj\u00f8et.<\/p>\n<p>&nbsp;<\/p>\n<p>Geotermiske kraftverk brenner ikke drivstoff for \u00e5 produsere elektrisitet, s\u00e5 utslippsniv\u00e5ene er sv\u00e6rt lave. De frigj\u00f8r mindre enn 1 prosent av karbondioksidutslippene fra et fossilt kraftverk. Geotermiske kraftverk bruker skrubbersystemer for \u00e5 rense luften av hydrogensulfid som naturlig finnes i damp og varmt vann. Geotermiske kraftverk avgir 97 prosent mindre utslipp, som for\u00e5rsaker svovelforbindelser enn utslipp av fossilt brensel planter. Etter at damp og vann fra et geotermisk reservoar er blitt brukt, blir de pumpet tilbake i jorden.<\/p>\n<p>&nbsp;<\/p>\n<p>Geotermiske egenskaper i nasjonalparker, er beskyttet av lov, for \u00e5 forhindre at landet blir forstyrret.<\/p>\n<p>Produsenters nettsider<\/p>\n<nav>\n<ul class=\"menu\">\n<li id=\"ContentPlaceHolderDefault_mainContent_ProjectLeftBar_4_rptSideLinks_liItem_0\" class=\"sidebar_link\"><a id=\"ContentPlaceHolderDefault_mainContent_ProjectLeftBar_4_rptSideLinks_hlItem_0\" href=\"http:\/\/www.aidengineering.gr\/\" target=\"_blank\" rel=\"noopener noreferrer\">AiD Engineering<\/a><\/li>\n<\/ul>\n<\/nav>\n<p>[\/vc_column_text][\/vc_column][\/vc_row][vc_row css_animation=&raquo;&raquo; row_type=&raquo;row&raquo; use_row_as_full_screen_section=&raquo;no&raquo; type=&raquo;full_width&raquo; angled_section=&raquo;no&raquo; text_align=&raquo;left&raquo; background_image_as_pattern=&raquo;without_pattern&raquo;][vc_column][vc_empty_space][vc_single_image image=&raquo;15342&#8243; img_size=&raquo;full&raquo; alignment=&raquo;center&raquo; qode_css_animation=&raquo;&raquo;][\/vc_column][\/vc_row][vc_row css_animation=&raquo;&raquo; row_type=&raquo;row&raquo; use_row_as_full_screen_section=&raquo;no&raquo; type=&raquo;full_width&raquo; angled_section=&raquo;no&raquo; text_align=&raquo;left&raquo; background_image_as_pattern=&raquo;without_pattern&raquo;][vc_column width=&raquo;1\/2&#8243;][vc_single_image image=&raquo;15343&#8243; img_size=&raquo;full&raquo; qode_css_animation=&raquo;&raquo;][\/vc_column][vc_column width=&raquo;1\/2&#8243;][vc_empty_space][vc_single_image image=&raquo;15344&#8243; img_size=&raquo;full&raquo; qode_css_animation=&raquo;&raquo;][vc_single_image image=&raquo;15345&#8243; qode_css_animation=&raquo;&raquo;][\/vc_column][\/vc_row]<\/p>\n<\/div>","protected":false},"excerpt":{"rendered":"<p>[vc_row css_animation=&raquo;&raquo; row_type=&raquo;row&raquo; use_row_as_full_screen_section=&raquo;no&raquo; type=&raquo;full_width&raquo; angled_section=&raquo;no&raquo; text_align=&raquo;left&raquo; background_image_as_pattern=&raquo;without_pattern&raquo;][vc_column][vc_column_text]Ordet geotermisk kommer fra de greske ordene geo (jord) og terme (varme). S\u00e5, geotermisk energi er varme fra jorden. Vi kan bruke damp og varmt vann produsert i jorden for \u00e5 varme opp bygninger eller produsere elektrisitet. Geotermisk&#8230;<\/p>\n","protected":false},"author":1,"featured_media":20001,"parent":0,"menu_order":0,"comment_status":"closed","ping_status":"closed","template":"","meta":{"footnotes":""},"class_list":["post-16545","page","type-page","status-publish","has-post-thumbnail","hentry"],"yoast_head":"<!-- This site is optimized with the Yoast SEO plugin v26.2 - https:\/\/yoast.com\/wordpress\/plugins\/seo\/ -->\n<title>Jordenergi\/Geotermisk Energi - Cretacon Green Energy<\/title>\n<meta name=\"robots\" content=\"index, follow, max-snippet:-1, max-image-preview:large, max-video-preview:-1\" \/>\n<link rel=\"canonical\" href=\"https:\/\/cretacon.gr\/nb\/jordenergi-geotermisk-energi\/\" \/>\n<meta property=\"og:locale\" content=\"nb_NO\" \/>\n<meta property=\"og:type\" content=\"article\" \/>\n<meta property=\"og:title\" content=\"Jordenergi\/Geotermisk Energi - Cretacon Green Energy\" \/>\n<meta property=\"og:description\" content=\"[vc_row css_animation=&raquo;&raquo; row_type=&raquo;row&raquo; use_row_as_full_screen_section=&raquo;no&raquo; type=&raquo;full_width&raquo; angled_section=&raquo;no&raquo; text_align=&raquo;left&raquo; background_image_as_pattern=&raquo;without_pattern&raquo;][vc_column][vc_column_text]Ordet geotermisk kommer fra de greske ordene geo (jord) og terme (varme). S\u00e5, geotermisk energi er varme fra jorden. Vi kan bruke damp og varmt vann produsert i jorden for \u00e5 varme opp bygninger eller produsere elektrisitet. Geotermisk...\" \/>\n<meta property=\"og:url\" content=\"https:\/\/cretacon.gr\/nb\/jordenergi-geotermisk-energi\/\" \/>\n<meta property=\"og:site_name\" content=\"Cretacon Green Energy\" \/>\n<meta property=\"og:image\" content=\"https:\/\/cretacon.gr\/wp-content\/uploads\/2017\/12\/24124.jpg\" \/>\n\t<meta property=\"og:image:width\" content=\"1100\" \/>\n\t<meta property=\"og:image:height\" content=\"658\" \/>\n\t<meta property=\"og:image:type\" content=\"image\/jpeg\" \/>\n<meta name=\"twitter:card\" content=\"summary_large_image\" \/>\n<meta name=\"twitter:label1\" content=\"Ansl. lesetid\" \/>\n\t<meta name=\"twitter:data1\" content=\"4 minutter\" \/>\n<script type=\"application\/ld+json\" class=\"yoast-schema-graph\">{\"@context\":\"https:\/\/schema.org\",\"@graph\":[{\"@type\":\"WebPage\",\"@id\":\"https:\/\/cretacon.gr\/nb\/jordenergi-geotermisk-energi\/\",\"url\":\"https:\/\/cretacon.gr\/nb\/jordenergi-geotermisk-energi\/\",\"name\":\"Jordenergi\/Geotermisk Energi - Cretacon Green Energy\",\"isPartOf\":{\"@id\":\"https:\/\/cretacon.gr\/#website\"},\"primaryImageOfPage\":{\"@id\":\"https:\/\/cretacon.gr\/nb\/jordenergi-geotermisk-energi\/#primaryimage\"},\"image\":{\"@id\":\"https:\/\/cretacon.gr\/nb\/jordenergi-geotermisk-energi\/#primaryimage\"},\"thumbnailUrl\":\"https:\/\/cretacon.gr\/wp-content\/uploads\/2017\/12\/24124.jpg\",\"datePublished\":\"2019-12-10T15:49:08+00:00\",\"breadcrumb\":{\"@id\":\"https:\/\/cretacon.gr\/nb\/jordenergi-geotermisk-energi\/#breadcrumb\"},\"inLanguage\":\"nb-NO\",\"potentialAction\":[{\"@type\":\"ReadAction\",\"target\":[\"https:\/\/cretacon.gr\/nb\/jordenergi-geotermisk-energi\/\"]}]},{\"@type\":\"ImageObject\",\"inLanguage\":\"nb-NO\",\"@id\":\"https:\/\/cretacon.gr\/nb\/jordenergi-geotermisk-energi\/#primaryimage\",\"url\":\"https:\/\/cretacon.gr\/wp-content\/uploads\/2017\/12\/24124.jpg\",\"contentUrl\":\"https:\/\/cretacon.gr\/wp-content\/uploads\/2017\/12\/24124.jpg\",\"width\":1100,\"height\":658},{\"@type\":\"BreadcrumbList\",\"@id\":\"https:\/\/cretacon.gr\/nb\/jordenergi-geotermisk-energi\/#breadcrumb\",\"itemListElement\":[{\"@type\":\"ListItem\",\"position\":1,\"name\":\"Home\",\"item\":\"https:\/\/cretacon.gr\/nb\/\"},{\"@type\":\"ListItem\",\"position\":2,\"name\":\"Jordenergi\/Geotermisk Energi\"}]},{\"@type\":\"WebSite\",\"@id\":\"https:\/\/cretacon.gr\/#website\",\"url\":\"https:\/\/cretacon.gr\/\",\"name\":\"Cretacon Green Energy\",\"description\":\"Construction Company\",\"publisher\":{\"@id\":\"https:\/\/cretacon.gr\/#organization\"},\"potentialAction\":[{\"@type\":\"SearchAction\",\"target\":{\"@type\":\"EntryPoint\",\"urlTemplate\":\"https:\/\/cretacon.gr\/?s={search_term_string}\"},\"query-input\":{\"@type\":\"PropertyValueSpecification\",\"valueRequired\":true,\"valueName\":\"search_term_string\"}}],\"inLanguage\":\"nb-NO\"},{\"@type\":\"Organization\",\"@id\":\"https:\/\/cretacon.gr\/#organization\",\"name\":\"Cretacon Green Energy\",\"url\":\"https:\/\/cretacon.gr\/\",\"logo\":{\"@type\":\"ImageObject\",\"inLanguage\":\"nb-NO\",\"@id\":\"https:\/\/cretacon.gr\/#\/schema\/logo\/image\/\",\"url\":\"https:\/\/cretacon.gr\/wp-content\/uploads\/2017\/09\/logo_white.png\",\"contentUrl\":\"https:\/\/cretacon.gr\/wp-content\/uploads\/2017\/09\/logo_white.png\",\"width\":465,\"height\":180,\"caption\":\"Cretacon Green Energy\"},\"image\":{\"@id\":\"https:\/\/cretacon.gr\/#\/schema\/logo\/image\/\"}}]}<\/script>\n<!-- \/ Yoast SEO plugin. -->","yoast_head_json":{"title":"Jordenergi\/Geotermisk Energi - Cretacon Green Energy","robots":{"index":"index","follow":"follow","max-snippet":"max-snippet:-1","max-image-preview":"max-image-preview:large","max-video-preview":"max-video-preview:-1"},"canonical":"https:\/\/cretacon.gr\/nb\/jordenergi-geotermisk-energi\/","og_locale":"nb_NO","og_type":"article","og_title":"Jordenergi\/Geotermisk Energi - Cretacon Green Energy","og_description":"[vc_row css_animation=&raquo;&raquo; row_type=&raquo;row&raquo; use_row_as_full_screen_section=&raquo;no&raquo; type=&raquo;full_width&raquo; angled_section=&raquo;no&raquo; text_align=&raquo;left&raquo; background_image_as_pattern=&raquo;without_pattern&raquo;][vc_column][vc_column_text]Ordet geotermisk kommer fra de greske ordene geo (jord) og terme (varme). S\u00e5, geotermisk energi er varme fra jorden. Vi kan bruke damp og varmt vann produsert i jorden for \u00e5 varme opp bygninger eller produsere elektrisitet. Geotermisk...","og_url":"https:\/\/cretacon.gr\/nb\/jordenergi-geotermisk-energi\/","og_site_name":"Cretacon Green Energy","og_image":[{"width":1100,"height":658,"url":"https:\/\/cretacon.gr\/wp-content\/uploads\/2017\/12\/24124.jpg","type":"image\/jpeg"}],"twitter_card":"summary_large_image","twitter_misc":{"Ansl. lesetid":"4 minutter"},"schema":{"@context":"https:\/\/schema.org","@graph":[{"@type":"WebPage","@id":"https:\/\/cretacon.gr\/nb\/jordenergi-geotermisk-energi\/","url":"https:\/\/cretacon.gr\/nb\/jordenergi-geotermisk-energi\/","name":"Jordenergi\/Geotermisk Energi - Cretacon Green Energy","isPartOf":{"@id":"https:\/\/cretacon.gr\/#website"},"primaryImageOfPage":{"@id":"https:\/\/cretacon.gr\/nb\/jordenergi-geotermisk-energi\/#primaryimage"},"image":{"@id":"https:\/\/cretacon.gr\/nb\/jordenergi-geotermisk-energi\/#primaryimage"},"thumbnailUrl":"https:\/\/cretacon.gr\/wp-content\/uploads\/2017\/12\/24124.jpg","datePublished":"2019-12-10T15:49:08+00:00","breadcrumb":{"@id":"https:\/\/cretacon.gr\/nb\/jordenergi-geotermisk-energi\/#breadcrumb"},"inLanguage":"nb-NO","potentialAction":[{"@type":"ReadAction","target":["https:\/\/cretacon.gr\/nb\/jordenergi-geotermisk-energi\/"]}]},{"@type":"ImageObject","inLanguage":"nb-NO","@id":"https:\/\/cretacon.gr\/nb\/jordenergi-geotermisk-energi\/#primaryimage","url":"https:\/\/cretacon.gr\/wp-content\/uploads\/2017\/12\/24124.jpg","contentUrl":"https:\/\/cretacon.gr\/wp-content\/uploads\/2017\/12\/24124.jpg","width":1100,"height":658},{"@type":"BreadcrumbList","@id":"https:\/\/cretacon.gr\/nb\/jordenergi-geotermisk-energi\/#breadcrumb","itemListElement":[{"@type":"ListItem","position":1,"name":"Home","item":"https:\/\/cretacon.gr\/nb\/"},{"@type":"ListItem","position":2,"name":"Jordenergi\/Geotermisk Energi"}]},{"@type":"WebSite","@id":"https:\/\/cretacon.gr\/#website","url":"https:\/\/cretacon.gr\/","name":"Cretacon Green Energy","description":"Construction Company","publisher":{"@id":"https:\/\/cretacon.gr\/#organization"},"potentialAction":[{"@type":"SearchAction","target":{"@type":"EntryPoint","urlTemplate":"https:\/\/cretacon.gr\/?s={search_term_string}"},"query-input":{"@type":"PropertyValueSpecification","valueRequired":true,"valueName":"search_term_string"}}],"inLanguage":"nb-NO"},{"@type":"Organization","@id":"https:\/\/cretacon.gr\/#organization","name":"Cretacon Green Energy","url":"https:\/\/cretacon.gr\/","logo":{"@type":"ImageObject","inLanguage":"nb-NO","@id":"https:\/\/cretacon.gr\/#\/schema\/logo\/image\/","url":"https:\/\/cretacon.gr\/wp-content\/uploads\/2017\/09\/logo_white.png","contentUrl":"https:\/\/cretacon.gr\/wp-content\/uploads\/2017\/09\/logo_white.png","width":465,"height":180,"caption":"Cretacon Green Energy"},"image":{"@id":"https:\/\/cretacon.gr\/#\/schema\/logo\/image\/"}}]}},"_links":{"self":[{"href":"https:\/\/cretacon.gr\/nb\/wp-json\/wp\/v2\/pages\/16545","targetHints":{"allow":["GET"]}}],"collection":[{"href":"https:\/\/cretacon.gr\/nb\/wp-json\/wp\/v2\/pages"}],"about":[{"href":"https:\/\/cretacon.gr\/nb\/wp-json\/wp\/v2\/types\/page"}],"author":[{"embeddable":true,"href":"https:\/\/cretacon.gr\/nb\/wp-json\/wp\/v2\/users\/1"}],"replies":[{"embeddable":true,"href":"https:\/\/cretacon.gr\/nb\/wp-json\/wp\/v2\/comments?post=16545"}],"version-history":[{"count":1,"href":"https:\/\/cretacon.gr\/nb\/wp-json\/wp\/v2\/pages\/16545\/revisions"}],"predecessor-version":[{"id":16546,"href":"https:\/\/cretacon.gr\/nb\/wp-json\/wp\/v2\/pages\/16545\/revisions\/16546"}],"wp:featuredmedia":[{"embeddable":true,"href":"https:\/\/cretacon.gr\/nb\/wp-json\/wp\/v2\/media\/20001"}],"wp:attachment":[{"href":"https:\/\/cretacon.gr\/nb\/wp-json\/wp\/v2\/media?parent=16545"}],"curies":[{"name":"wp","href":"https:\/\/api.w.org\/{rel}","templated":true}]}}