{"id":16504,"date":"2017-11-02T18:37:05","date_gmt":"2017-11-02T16:37:05","guid":{"rendered":"https:\/\/cretacon.gr\/ultra-low-energy-house\/"},"modified":"2019-12-10T20:11:27","modified_gmt":"2019-12-10T18:11:27","slug":"ultra-lavenergihus","status":"publish","type":"page","link":"https:\/\/cretacon.gr\/nb\/ultra-lavenergihus\/","title":{"rendered":"ULTRA LAVENERGIHUS"},"content":{"rendered":"<div class=\"wpb-content-wrapper\"><p>[vc_row css_animation=&raquo;&raquo; row_type=&raquo;row&raquo; use_row_as_full_screen_section=&raquo;no&raquo; type=&raquo;full_width&raquo; angled_section=&raquo;no&raquo; text_align=&raquo;left&raquo; background_image_as_pattern=&raquo;without_pattern&raquo;][vc_column]<div class='q_icon_with_title tiny normal_icon '><div class=\"icon_holder \" style=\" \"><span data-icon-type=\"normal\" data-icon-hover-color=\"#000000\" style=\"font-size: 60px\" class=\"qode_iwt_icon_holder q_font_awsome_icon fa-lg  \"><i class=\"qodef-icon-linea-icon icon-basic-home qode_iwt_icon_element\" style=\"color: #ff3d00\"><\/i><\/span><\/div><div class=\"icon_text_holder\" style=\"padding-left:97px;\"><div class=\"icon_text_inner\" style=\"\"><h5 class=\"icon_title\" style=\"\">ULTRA LAVENERGIHUS<\/h5><p style=''><\/p><\/div><\/div><\/div>[vc_column_text]<\/p>\n<p>&nbsp;<\/p>\n<p>&nbsp;<\/p>\n<p><strong>Et ultra lavenergihus er en hustype, som ut fra design, teknologi og bygningsmaterialer bruker mindre energi enn et tradisjonelt hus og andre moderne hus.<\/strong><\/p>\n<p><strong>I praksis med design, arkitektur og byggemetode, bruker et ultra lavenergihus ofte aktiv og passiv solenergi, designteknikk og komponenter for \u00e5 redusere energiforbruket.<\/strong><\/p>\n<p><strong>Vanligvis bruk av de h\u00f8ye niv\u00e5er av isolasjon, f.eks. varmeisolerende systemer for \u00e5 hindre varmetap via vegger, tak og kjeller i sammen med energieffektive vinduer.<\/strong><\/p>\n<p><strong>Denne m\u00e5ten \u00e5 bruke solenergisystemet p\u00e5 gir ogs\u00e5 varmt vann til husholdning og samtidig til nedkj\u00f8ling av huset.<\/strong><\/p>\n<p><strong>\u00a0<\/strong><\/p>\n<p><strong>Belysning og diverse energiforbruk er utstyrt med lavenergi lys og energieffektive apparater.<\/strong><\/p>\n<p><strong>\u00a0<\/strong><\/p>\n<p><strong>Denne type hus oppfyller de nye forskrifter og regler for bygg av lavenergihus.<\/strong>[\/vc_column_text][\/vc_column][\/vc_row][vc_row css_animation=&raquo;&raquo; row_type=&raquo;row&raquo; use_row_as_full_screen_section=&raquo;no&raquo; type=&raquo;full_width&raquo; angled_section=&raquo;no&raquo; text_align=&raquo;left&raquo; background_image_as_pattern=&raquo;without_pattern&raquo;][vc_column][vc_empty_space][vc_single_image image=&raquo;15300&#8243; img_size=&raquo;full&raquo; alignment=&raquo;center&raquo; qode_css_animation=&raquo;&raquo;][vc_single_image image=&raquo;15299&#8243; img_size=&raquo;full&raquo; alignment=&raquo;center&raquo; qode_css_animation=&raquo;&raquo;][\/vc_column][\/vc_row]<\/p>\n<\/div>","protected":false},"excerpt":{"rendered":"<p>[vc_row css_animation=&raquo;&raquo; row_type=&raquo;row&raquo; use_row_as_full_screen_section=&raquo;no&raquo; type=&raquo;full_width&raquo; angled_section=&raquo;no&raquo; text_align=&raquo;left&raquo; background_image_as_pattern=&raquo;without_pattern&raquo;][vc_column][vc_column_text] &nbsp; &nbsp; Et ultra lavenergihus er en hustype, som ut fra design, teknologi og bygningsmaterialer bruker mindre energi enn et tradisjonelt hus og andre moderne hus. I praksis med design, arkitektur og byggemetode, bruker et ultra lavenergihus&#8230;<\/p>\n","protected":false},"author":1,"featured_media":0,"parent":0,"menu_order":0,"comment_status":"closed","ping_status":"closed","template":"","meta":{"footnotes":""},"class_list":["post-16504","page","type-page","status-publish","hentry"],"yoast_head":"<!-- This site is optimized with the Yoast SEO plugin v26.2 - https:\/\/yoast.com\/wordpress\/plugins\/seo\/ -->\n<title>ULTRA LAVENERGIHUS - Cretacon Green Energy<\/title>\n<meta name=\"description\" content=\"Et ultra lavenergihus er en hustype, som ut fra design, teknologi og bygningsmaterialer bruker mindre energi enn et tradisjonelt hus og andre moderne hus.\" \/>\n<meta name=\"robots\" content=\"index, follow, max-snippet:-1, max-image-preview:large, max-video-preview:-1\" \/>\n<link rel=\"canonical\" href=\"https:\/\/cretacon.gr\/\u03c0\u03c1\u03b1\u03c3\u03b9\u03bd\u03bf-\u03c3\u03c0\u03b9\u03c4\u03b9\/\" \/>\n<meta property=\"og:locale\" content=\"nb_NO\" \/>\n<meta property=\"og:type\" content=\"article\" \/>\n<meta property=\"og:title\" content=\"ULTRA LAVENERGIHUS - Cretacon Green Energy\" \/>\n<meta property=\"og:description\" content=\"Et ultra lavenergihus er en hustype, som ut fra design, teknologi og bygningsmaterialer bruker mindre energi enn et tradisjonelt hus og andre moderne hus.\" \/>\n<meta property=\"og:url\" content=\"https:\/\/cretacon.gr\/\u03c0\u03c1\u03b1\u03c3\u03b9\u03bd\u03bf-\u03c3\u03c0\u03b9\u03c4\u03b9\/\" \/>\n<meta property=\"og:site_name\" content=\"Cretacon Green Energy\" \/>\n<meta property=\"article:modified_time\" content=\"2019-12-10T18:11:27+00:00\" \/>\n<meta name=\"twitter:card\" content=\"summary_large_image\" \/>\n<meta name=\"twitter:label1\" content=\"Ansl. lesetid\" \/>\n\t<meta name=\"twitter:data1\" content=\"1 minutt\" \/>\n<script type=\"application\/ld+json\" class=\"yoast-schema-graph\">{\"@context\":\"https:\/\/schema.org\",\"@graph\":[{\"@type\":\"WebPage\",\"@id\":\"https:\/\/cretacon.gr\/%cf%80%cf%81%ce%b1%cf%83%ce%b9%ce%bd%ce%bf-%cf%83%cf%80%ce%b9%cf%84%ce%b9\/\",\"url\":\"https:\/\/cretacon.gr\/%cf%80%cf%81%ce%b1%cf%83%ce%b9%ce%bd%ce%bf-%cf%83%cf%80%ce%b9%cf%84%ce%b9\/\",\"name\":\"ULTRA LAVENERGIHUS - Cretacon Green Energy\",\"isPartOf\":{\"@id\":\"https:\/\/cretacon.gr\/#website\"},\"datePublished\":\"2017-11-02T16:37:05+00:00\",\"dateModified\":\"2019-12-10T18:11:27+00:00\",\"description\":\"Et ultra lavenergihus er en hustype, som ut fra design, teknologi og bygningsmaterialer bruker mindre energi enn et tradisjonelt hus og andre moderne hus.\",\"breadcrumb\":{\"@id\":\"https:\/\/cretacon.gr\/%cf%80%cf%81%ce%b1%cf%83%ce%b9%ce%bd%ce%bf-%cf%83%cf%80%ce%b9%cf%84%ce%b9\/#breadcrumb\"},\"inLanguage\":\"nb-NO\",\"potentialAction\":[{\"@type\":\"ReadAction\",\"target\":[\"https:\/\/cretacon.gr\/%cf%80%cf%81%ce%b1%cf%83%ce%b9%ce%bd%ce%bf-%cf%83%cf%80%ce%b9%cf%84%ce%b9\/\"]}]},{\"@type\":\"BreadcrumbList\",\"@id\":\"https:\/\/cretacon.gr\/%cf%80%cf%81%ce%b1%cf%83%ce%b9%ce%bd%ce%bf-%cf%83%cf%80%ce%b9%cf%84%ce%b9\/#breadcrumb\",\"itemListElement\":[{\"@type\":\"ListItem\",\"position\":1,\"name\":\"Home\",\"item\":\"https:\/\/cretacon.gr\/nb\/\"},{\"@type\":\"ListItem\",\"position\":2,\"name\":\"ULTRA LAVENERGIHUS\"}]},{\"@type\":\"WebSite\",\"@id\":\"https:\/\/cretacon.gr\/#website\",\"url\":\"https:\/\/cretacon.gr\/\",\"name\":\"Cretacon Green Energy\",\"description\":\"Construction Company\",\"publisher\":{\"@id\":\"https:\/\/cretacon.gr\/#organization\"},\"potentialAction\":[{\"@type\":\"SearchAction\",\"target\":{\"@type\":\"EntryPoint\",\"urlTemplate\":\"https:\/\/cretacon.gr\/?s={search_term_string}\"},\"query-input\":{\"@type\":\"PropertyValueSpecification\",\"valueRequired\":true,\"valueName\":\"search_term_string\"}}],\"inLanguage\":\"nb-NO\"},{\"@type\":\"Organization\",\"@id\":\"https:\/\/cretacon.gr\/#organization\",\"name\":\"Cretacon Green Energy\",\"url\":\"https:\/\/cretacon.gr\/\",\"logo\":{\"@type\":\"ImageObject\",\"inLanguage\":\"nb-NO\",\"@id\":\"https:\/\/cretacon.gr\/#\/schema\/logo\/image\/\",\"url\":\"https:\/\/cretacon.gr\/wp-content\/uploads\/2017\/09\/logo_white.png\",\"contentUrl\":\"https:\/\/cretacon.gr\/wp-content\/uploads\/2017\/09\/logo_white.png\",\"width\":465,\"height\":180,\"caption\":\"Cretacon Green Energy\"},\"image\":{\"@id\":\"https:\/\/cretacon.gr\/#\/schema\/logo\/image\/\"}}]}<\/script>\n<!-- \/ Yoast SEO plugin. -->","yoast_head_json":{"title":"ULTRA LAVENERGIHUS - Cretacon Green Energy","description":"Et ultra lavenergihus er en hustype, som ut fra design, teknologi og bygningsmaterialer bruker mindre energi enn et tradisjonelt hus og andre moderne hus.","robots":{"index":"index","follow":"follow","max-snippet":"max-snippet:-1","max-image-preview":"max-image-preview:large","max-video-preview":"max-video-preview:-1"},"canonical":"https:\/\/cretacon.gr\/\u03c0\u03c1\u03b1\u03c3\u03b9\u03bd\u03bf-\u03c3\u03c0\u03b9\u03c4\u03b9\/","og_locale":"nb_NO","og_type":"article","og_title":"ULTRA LAVENERGIHUS - Cretacon Green Energy","og_description":"Et ultra lavenergihus er en hustype, som ut fra design, teknologi og bygningsmaterialer bruker mindre energi enn et tradisjonelt hus og andre moderne hus.","og_url":"https:\/\/cretacon.gr\/\u03c0\u03c1\u03b1\u03c3\u03b9\u03bd\u03bf-\u03c3\u03c0\u03b9\u03c4\u03b9\/","og_site_name":"Cretacon Green Energy","article_modified_time":"2019-12-10T18:11:27+00:00","twitter_card":"summary_large_image","twitter_misc":{"Ansl. lesetid":"1 minutt"},"schema":{"@context":"https:\/\/schema.org","@graph":[{"@type":"WebPage","@id":"https:\/\/cretacon.gr\/%cf%80%cf%81%ce%b1%cf%83%ce%b9%ce%bd%ce%bf-%cf%83%cf%80%ce%b9%cf%84%ce%b9\/","url":"https:\/\/cretacon.gr\/%cf%80%cf%81%ce%b1%cf%83%ce%b9%ce%bd%ce%bf-%cf%83%cf%80%ce%b9%cf%84%ce%b9\/","name":"ULTRA LAVENERGIHUS - Cretacon Green Energy","isPartOf":{"@id":"https:\/\/cretacon.gr\/#website"},"datePublished":"2017-11-02T16:37:05+00:00","dateModified":"2019-12-10T18:11:27+00:00","description":"Et ultra lavenergihus er en hustype, som ut fra design, teknologi og bygningsmaterialer bruker mindre energi enn et tradisjonelt hus og andre moderne hus.","breadcrumb":{"@id":"https:\/\/cretacon.gr\/%cf%80%cf%81%ce%b1%cf%83%ce%b9%ce%bd%ce%bf-%cf%83%cf%80%ce%b9%cf%84%ce%b9\/#breadcrumb"},"inLanguage":"nb-NO","potentialAction":[{"@type":"ReadAction","target":["https:\/\/cretacon.gr\/%cf%80%cf%81%ce%b1%cf%83%ce%b9%ce%bd%ce%bf-%cf%83%cf%80%ce%b9%cf%84%ce%b9\/"]}]},{"@type":"BreadcrumbList","@id":"https:\/\/cretacon.gr\/%cf%80%cf%81%ce%b1%cf%83%ce%b9%ce%bd%ce%bf-%cf%83%cf%80%ce%b9%cf%84%ce%b9\/#breadcrumb","itemListElement":[{"@type":"ListItem","position":1,"name":"Home","item":"https:\/\/cretacon.gr\/nb\/"},{"@type":"ListItem","position":2,"name":"ULTRA LAVENERGIHUS"}]},{"@type":"WebSite","@id":"https:\/\/cretacon.gr\/#website","url":"https:\/\/cretacon.gr\/","name":"Cretacon Green Energy","description":"Construction Company","publisher":{"@id":"https:\/\/cretacon.gr\/#organization"},"potentialAction":[{"@type":"SearchAction","target":{"@type":"EntryPoint","urlTemplate":"https:\/\/cretacon.gr\/?s={search_term_string}"},"query-input":{"@type":"PropertyValueSpecification","valueRequired":true,"valueName":"search_term_string"}}],"inLanguage":"nb-NO"},{"@type":"Organization","@id":"https:\/\/cretacon.gr\/#organization","name":"Cretacon Green Energy","url":"https:\/\/cretacon.gr\/","logo":{"@type":"ImageObject","inLanguage":"nb-NO","@id":"https:\/\/cretacon.gr\/#\/schema\/logo\/image\/","url":"https:\/\/cretacon.gr\/wp-content\/uploads\/2017\/09\/logo_white.png","contentUrl":"https:\/\/cretacon.gr\/wp-content\/uploads\/2017\/09\/logo_white.png","width":465,"height":180,"caption":"Cretacon Green Energy"},"image":{"@id":"https:\/\/cretacon.gr\/#\/schema\/logo\/image\/"}}]}},"_links":{"self":[{"href":"https:\/\/cretacon.gr\/nb\/wp-json\/wp\/v2\/pages\/16504","targetHints":{"allow":["GET"]}}],"collection":[{"href":"https:\/\/cretacon.gr\/nb\/wp-json\/wp\/v2\/pages"}],"about":[{"href":"https:\/\/cretacon.gr\/nb\/wp-json\/wp\/v2\/types\/page"}],"author":[{"embeddable":true,"href":"https:\/\/cretacon.gr\/nb\/wp-json\/wp\/v2\/users\/1"}],"replies":[{"embeddable":true,"href":"https:\/\/cretacon.gr\/nb\/wp-json\/wp\/v2\/comments?post=16504"}],"version-history":[{"count":2,"href":"https:\/\/cretacon.gr\/nb\/wp-json\/wp\/v2\/pages\/16504\/revisions"}],"predecessor-version":[{"id":16509,"href":"https:\/\/cretacon.gr\/nb\/wp-json\/wp\/v2\/pages\/16504\/revisions\/16509"}],"wp:attachment":[{"href":"https:\/\/cretacon.gr\/nb\/wp-json\/wp\/v2\/media?parent=16504"}],"curies":[{"name":"wp","href":"https:\/\/api.w.org\/{rel}","templated":true}]}}