{"id":16498,"date":"2017-11-02T18:48:40","date_gmt":"2017-11-02T16:48:40","guid":{"rendered":"https:\/\/cretacon.gr\/eco-house\/"},"modified":"2019-09-21T12:42:59","modified_gmt":"2019-09-21T09:42:59","slug":"okohus","status":"publish","type":"page","link":"https:\/\/cretacon.gr\/nb\/okohus\/","title":{"rendered":"\u00d8KOHUS"},"content":{"rendered":"<div class=\"wpb-content-wrapper\"><p>[vc_row css_animation=&raquo;&raquo; row_type=&raquo;row&raquo; use_row_as_full_screen_section=&raquo;no&raquo; type=&raquo;full_width&raquo; angled_section=&raquo;no&raquo; text_align=&raquo;left&raquo; background_image_as_pattern=&raquo;without_pattern&raquo;][vc_column]<div class='q_icon_with_title tiny normal_icon '><div class=\"icon_holder \" style=\" \"><span data-icon-type=\"normal\" data-icon-hover-color=\"#000000\" style=\"font-size: 60px\" class=\"qode_iwt_icon_holder q_font_awsome_icon fa-lg  \"><i class=\"qodef-icon-linea-icon icon-basic-gear qode_iwt_icon_element\" style=\"color: #ff3d00\"><\/i><\/span><\/div><div class=\"icon_text_holder\" style=\"padding-left:97px;\"><div class=\"icon_text_inner\" style=\"\"><h5 class=\"icon_title\" style=\"\">\u00d8KOHUS<\/h5><p style=''><\/p><\/div><\/div><\/div>[vc_column_text]\u00d8kohus er et hus designet for \u00e5 v\u00e6re uavhengig av det eksterne str\u00f8mnettet.<\/p>\n<p>&nbsp;<\/p>\n<p>Bygningselementene er organisert i samsvar med plassering, vind, stedstopografi for \u00e5 utnytte stedets muligheter til varme og kj\u00f8ling via naturressursene for \u00e5 minimalisere energiforbruket.<\/p>\n<p>&nbsp;<\/p>\n<p>Et \u00f8kohus er et hus uten regninger, med elektrisitet generert p\u00e5 stedet med energikilden som\u00a0 sol, vind eller jordressurser.<\/p>\n<p>Et \u00f8kohus inneb\u00e6rer at oppvarmingen\/kj\u00f8ling av hus og vann blir utf\u00f8rt av sol, vind eller jordressurser, regnvann blir samlet opp for bruk til vanning av hager og jordbruk. Med milj\u00f8vennlig bruk av gr\u00e5vannsystemer og avfall g\u00e5r til gjenvinning og kompostering.<\/p>\n<p>&nbsp;<\/p>\n<p>Milj\u00f8p\u00e5virkningene fra et \u00f8kohus er minimum og som i motsetning til tradisjonelle hus, er husets bidrag til drivhuseffekten ubetydelig. CO2 \u2013 utslippet tilsvarer et opptak av CO2 fra 310 tr\u00e6r.[\/vc_column_text][\/vc_column][\/vc_row][vc_row css_animation=&raquo;&raquo; row_type=&raquo;row&raquo; use_row_as_full_screen_section=&raquo;no&raquo; type=&raquo;full_width&raquo; angled_section=&raquo;no&raquo; text_align=&raquo;left&raquo; background_image_as_pattern=&raquo;without_pattern&raquo;][vc_column][vc_empty_space][vc_single_image image=&raquo;15286&#8243; img_size=&raquo;full&raquo; alignment=&raquo;center&raquo; qode_css_animation=&raquo;&raquo;][vc_single_image image=&raquo;15287&#8243; img_size=&raquo;full&raquo; alignment=&raquo;center&raquo; qode_css_animation=&raquo;&raquo;][\/vc_column][\/vc_row]<\/p>\n<\/div>","protected":false},"excerpt":{"rendered":"<p>[vc_row css_animation=&raquo;&raquo; row_type=&raquo;row&raquo; use_row_as_full_screen_section=&raquo;no&raquo; type=&raquo;full_width&raquo; angled_section=&raquo;no&raquo; text_align=&raquo;left&raquo; background_image_as_pattern=&raquo;without_pattern&raquo;][vc_column][vc_column_text]\u00d8kohus er et hus designet for \u00e5 v\u00e6re uavhengig av det eksterne str\u00f8mnettet. &nbsp; Bygningselementene er organisert i samsvar med plassering, vind, stedstopografi for \u00e5 utnytte stedets muligheter til varme og kj\u00f8ling via naturressursene for \u00e5 minimalisere energiforbruket&#8230;.<\/p>\n","protected":false},"author":1,"featured_media":0,"parent":0,"menu_order":0,"comment_status":"closed","ping_status":"closed","template":"","meta":{"footnotes":""},"class_list":["post-16498","page","type-page","status-publish","hentry"],"yoast_head":"<!-- This site is optimized with the Yoast SEO plugin v26.2 - https:\/\/yoast.com\/wordpress\/plugins\/seo\/ -->\n<title>\u00d8KOHUS- Cretacon Green Energy - Crete, Chania,\u00d8KOHUS ,eco<\/title>\n<meta name=\"description\" content=\"\u00d8kohus er et hus designet for \u00e5 v\u00e6re uavhengig av det eksterne str\u00f8mnettet. Bygningselementene er organisert i samsvar med plassering, vind...\" \/>\n<meta name=\"robots\" content=\"index, follow, max-snippet:-1, max-image-preview:large, max-video-preview:-1\" \/>\n<link rel=\"canonical\" href=\"https:\/\/cretacon.gr\/nb\/okohus\/\" \/>\n<meta property=\"og:locale\" content=\"nb_NO\" \/>\n<meta property=\"og:type\" content=\"article\" \/>\n<meta property=\"og:title\" content=\"\u00d8KOHUS- Cretacon Green Energy - Crete, Chania,\u00d8KOHUS ,eco\" \/>\n<meta property=\"og:description\" content=\"\u00d8kohus er et hus designet for \u00e5 v\u00e6re uavhengig av det eksterne str\u00f8mnettet. Bygningselementene er organisert i samsvar med plassering, vind...\" \/>\n<meta property=\"og:url\" content=\"https:\/\/cretacon.gr\/nb\/okohus\/\" \/>\n<meta property=\"og:site_name\" content=\"Cretacon Green Energy\" \/>\n<meta property=\"article:modified_time\" content=\"2019-09-21T09:42:59+00:00\" \/>\n<meta name=\"twitter:card\" content=\"summary_large_image\" \/>\n<meta name=\"twitter:label1\" content=\"Ansl. lesetid\" \/>\n\t<meta name=\"twitter:data1\" content=\"1 minutt\" \/>\n<script type=\"application\/ld+json\" class=\"yoast-schema-graph\">{\"@context\":\"https:\/\/schema.org\",\"@graph\":[{\"@type\":\"WebPage\",\"@id\":\"https:\/\/cretacon.gr\/nb\/okohus\/\",\"url\":\"https:\/\/cretacon.gr\/nb\/okohus\/\",\"name\":\"\u00d8KOHUS- Cretacon Green Energy - Crete, Chania,\u00d8KOHUS ,eco\",\"isPartOf\":{\"@id\":\"https:\/\/cretacon.gr\/#website\"},\"datePublished\":\"2017-11-02T16:48:40+00:00\",\"dateModified\":\"2019-09-21T09:42:59+00:00\",\"description\":\"\u00d8kohus er et hus designet for \u00e5 v\u00e6re uavhengig av det eksterne str\u00f8mnettet. Bygningselementene er organisert i samsvar med plassering, vind...\",\"breadcrumb\":{\"@id\":\"https:\/\/cretacon.gr\/nb\/okohus\/#breadcrumb\"},\"inLanguage\":\"nb-NO\",\"potentialAction\":[{\"@type\":\"ReadAction\",\"target\":[\"https:\/\/cretacon.gr\/nb\/okohus\/\"]}]},{\"@type\":\"BreadcrumbList\",\"@id\":\"https:\/\/cretacon.gr\/nb\/okohus\/#breadcrumb\",\"itemListElement\":[{\"@type\":\"ListItem\",\"position\":1,\"name\":\"Home\",\"item\":\"https:\/\/cretacon.gr\/nb\/\"},{\"@type\":\"ListItem\",\"position\":2,\"name\":\"\u00d8KOHUS\"}]},{\"@type\":\"WebSite\",\"@id\":\"https:\/\/cretacon.gr\/#website\",\"url\":\"https:\/\/cretacon.gr\/\",\"name\":\"Cretacon Green Energy\",\"description\":\"Construction Company\",\"publisher\":{\"@id\":\"https:\/\/cretacon.gr\/#organization\"},\"potentialAction\":[{\"@type\":\"SearchAction\",\"target\":{\"@type\":\"EntryPoint\",\"urlTemplate\":\"https:\/\/cretacon.gr\/?s={search_term_string}\"},\"query-input\":{\"@type\":\"PropertyValueSpecification\",\"valueRequired\":true,\"valueName\":\"search_term_string\"}}],\"inLanguage\":\"nb-NO\"},{\"@type\":\"Organization\",\"@id\":\"https:\/\/cretacon.gr\/#organization\",\"name\":\"Cretacon Green Energy\",\"url\":\"https:\/\/cretacon.gr\/\",\"logo\":{\"@type\":\"ImageObject\",\"inLanguage\":\"nb-NO\",\"@id\":\"https:\/\/cretacon.gr\/#\/schema\/logo\/image\/\",\"url\":\"https:\/\/cretacon.gr\/wp-content\/uploads\/2017\/09\/logo_white.png\",\"contentUrl\":\"https:\/\/cretacon.gr\/wp-content\/uploads\/2017\/09\/logo_white.png\",\"width\":465,\"height\":180,\"caption\":\"Cretacon Green Energy\"},\"image\":{\"@id\":\"https:\/\/cretacon.gr\/#\/schema\/logo\/image\/\"}}]}<\/script>\n<!-- \/ Yoast SEO plugin. -->","yoast_head_json":{"title":"\u00d8KOHUS- Cretacon Green Energy - Crete, Chania,\u00d8KOHUS ,eco","description":"\u00d8kohus er et hus designet for \u00e5 v\u00e6re uavhengig av det eksterne str\u00f8mnettet. Bygningselementene er organisert i samsvar med plassering, vind...","robots":{"index":"index","follow":"follow","max-snippet":"max-snippet:-1","max-image-preview":"max-image-preview:large","max-video-preview":"max-video-preview:-1"},"canonical":"https:\/\/cretacon.gr\/nb\/okohus\/","og_locale":"nb_NO","og_type":"article","og_title":"\u00d8KOHUS- Cretacon Green Energy - Crete, Chania,\u00d8KOHUS ,eco","og_description":"\u00d8kohus er et hus designet for \u00e5 v\u00e6re uavhengig av det eksterne str\u00f8mnettet. Bygningselementene er organisert i samsvar med plassering, vind...","og_url":"https:\/\/cretacon.gr\/nb\/okohus\/","og_site_name":"Cretacon Green Energy","article_modified_time":"2019-09-21T09:42:59+00:00","twitter_card":"summary_large_image","twitter_misc":{"Ansl. lesetid":"1 minutt"},"schema":{"@context":"https:\/\/schema.org","@graph":[{"@type":"WebPage","@id":"https:\/\/cretacon.gr\/nb\/okohus\/","url":"https:\/\/cretacon.gr\/nb\/okohus\/","name":"\u00d8KOHUS- Cretacon Green Energy - Crete, Chania,\u00d8KOHUS ,eco","isPartOf":{"@id":"https:\/\/cretacon.gr\/#website"},"datePublished":"2017-11-02T16:48:40+00:00","dateModified":"2019-09-21T09:42:59+00:00","description":"\u00d8kohus er et hus designet for \u00e5 v\u00e6re uavhengig av det eksterne str\u00f8mnettet. Bygningselementene er organisert i samsvar med plassering, vind...","breadcrumb":{"@id":"https:\/\/cretacon.gr\/nb\/okohus\/#breadcrumb"},"inLanguage":"nb-NO","potentialAction":[{"@type":"ReadAction","target":["https:\/\/cretacon.gr\/nb\/okohus\/"]}]},{"@type":"BreadcrumbList","@id":"https:\/\/cretacon.gr\/nb\/okohus\/#breadcrumb","itemListElement":[{"@type":"ListItem","position":1,"name":"Home","item":"https:\/\/cretacon.gr\/nb\/"},{"@type":"ListItem","position":2,"name":"\u00d8KOHUS"}]},{"@type":"WebSite","@id":"https:\/\/cretacon.gr\/#website","url":"https:\/\/cretacon.gr\/","name":"Cretacon Green Energy","description":"Construction Company","publisher":{"@id":"https:\/\/cretacon.gr\/#organization"},"potentialAction":[{"@type":"SearchAction","target":{"@type":"EntryPoint","urlTemplate":"https:\/\/cretacon.gr\/?s={search_term_string}"},"query-input":{"@type":"PropertyValueSpecification","valueRequired":true,"valueName":"search_term_string"}}],"inLanguage":"nb-NO"},{"@type":"Organization","@id":"https:\/\/cretacon.gr\/#organization","name":"Cretacon Green Energy","url":"https:\/\/cretacon.gr\/","logo":{"@type":"ImageObject","inLanguage":"nb-NO","@id":"https:\/\/cretacon.gr\/#\/schema\/logo\/image\/","url":"https:\/\/cretacon.gr\/wp-content\/uploads\/2017\/09\/logo_white.png","contentUrl":"https:\/\/cretacon.gr\/wp-content\/uploads\/2017\/09\/logo_white.png","width":465,"height":180,"caption":"Cretacon Green Energy"},"image":{"@id":"https:\/\/cretacon.gr\/#\/schema\/logo\/image\/"}}]}},"_links":{"self":[{"href":"https:\/\/cretacon.gr\/nb\/wp-json\/wp\/v2\/pages\/16498","targetHints":{"allow":["GET"]}}],"collection":[{"href":"https:\/\/cretacon.gr\/nb\/wp-json\/wp\/v2\/pages"}],"about":[{"href":"https:\/\/cretacon.gr\/nb\/wp-json\/wp\/v2\/types\/page"}],"author":[{"embeddable":true,"href":"https:\/\/cretacon.gr\/nb\/wp-json\/wp\/v2\/users\/1"}],"replies":[{"embeddable":true,"href":"https:\/\/cretacon.gr\/nb\/wp-json\/wp\/v2\/comments?post=16498"}],"version-history":[{"count":2,"href":"https:\/\/cretacon.gr\/nb\/wp-json\/wp\/v2\/pages\/16498\/revisions"}],"predecessor-version":[{"id":16501,"href":"https:\/\/cretacon.gr\/nb\/wp-json\/wp\/v2\/pages\/16498\/revisions\/16501"}],"wp:attachment":[{"href":"https:\/\/cretacon.gr\/nb\/wp-json\/wp\/v2\/media?parent=16498"}],"curies":[{"name":"wp","href":"https:\/\/api.w.org\/{rel}","templated":true}]}}