{"id":15282,"date":"2017-11-02T18:52:13","date_gmt":"2017-11-02T16:52:13","guid":{"rendered":"https:\/\/cretacon.gr\/?page_id=15282"},"modified":"2017-11-02T19:08:10","modified_gmt":"2017-11-02T17:08:10","slug":"oeko-haus","status":"publish","type":"page","link":"https:\/\/cretacon.gr\/de\/oeko-haus\/","title":{"rendered":"\u00d6ko Haus"},"content":{"rendered":"<div class=\"wpb-content-wrapper\"><p>[vc_row css_animation=&#8220;&#8220; row_type=&#8220;row&#8220; use_row_as_full_screen_section=&#8220;no&#8220; type=&#8220;full_width&#8220; angled_section=&#8220;no&#8220; text_align=&#8220;left&#8220; background_image_as_pattern=&#8220;without_pattern&#8220;][vc_column]<div class='q_icon_with_title tiny normal_icon '><div class=\"icon_holder \" style=\" \"><span data-icon-type=\"normal\" data-icon-hover-color=\"#000000\" style=\"font-size: 60px\" class=\"qode_iwt_icon_holder q_font_awsome_icon fa-lg  \"><i class=\"qodef-icon-linea-icon icon-basic-gear qode_iwt_icon_element\" style=\"color: #ff3d00\"><\/i><\/span><\/div><div class=\"icon_text_holder\" style=\"padding-left:97px;\"><div class=\"icon_text_inner\" style=\"\"><h5 class=\"icon_title\" style=\"\">\u00d6ko Haus<\/h5><p style=''><\/p><\/div><\/div><\/div>[vc_column_text]Das \u00d6ko Haus wurde entworfen um unabh\u00e4ngig von infrastrukturelle Dienstleistungen wie Stromnetz zu sein.<\/p>\n<p>&nbsp;<\/p>\n<p>Baustoffe werden in \u00dcbereinstimmung mit der Lage, des Windes, der Gel\u00e4ndetopographie und der Heiz-und K\u00fchlpotentiale angelegt um die nat\u00fcrlichen Ressourcen zu nutzen und den Energieverbrauch zu minimieren.<br \/>\nEin \u00d6ko-Haus ist ein Haus ohne Stromrechnungen, da Strom aus erneuerbaren Energiequellen wie Sonne, Wind oder Erdw\u00e4rme erzeugt wird.<br \/>\nEin \u00d6ko-Haus beinhaltet Solarwasser und Raumheizung,\u00a0 Regenwassernutzung f\u00fcr die Landwirtschaft, Grauwassersysteme und umweltfreundliche Bewirtschaftung von Abf\u00e4llen durch Recycling und Kompostierung.<\/p>\n<p>&nbsp;<\/p>\n<p>Die Umweltauswirkung eines \u00d6ko-Haus ist minimal. Im Gegensatz zu traditionellen H\u00e4usern ist der Beitrag zum Treibhauseffekt unbedeutend. Die niedrigen CO2-Emmissionen eines \u00d6ko-Hauses erhalten 6223 Quadratmeter B\u00e4ume, 310 St\u00fcck.[\/vc_column_text][\/vc_column][\/vc_row][vc_row css_animation=&#8220;&#8220; row_type=&#8220;row&#8220; use_row_as_full_screen_section=&#8220;no&#8220; type=&#8220;full_width&#8220; angled_section=&#8220;no&#8220; text_align=&#8220;left&#8220; background_image_as_pattern=&#8220;without_pattern&#8220;][vc_column][vc_empty_space][vc_single_image image=&#8220;15286&#8243; img_size=&#8220;full&#8220; alignment=&#8220;center&#8220; qode_css_animation=&#8220;&#8220;][vc_single_image image=&#8220;15287&#8243; img_size=&#8220;full&#8220; alignment=&#8220;center&#8220; qode_css_animation=&#8220;&#8220;][\/vc_column][\/vc_row]<\/p>\n<\/div>","protected":false},"excerpt":{"rendered":"<p>[vc_row css_animation=&#8220;&#8220; row_type=&#8220;row&#8220; use_row_as_full_screen_section=&#8220;no&#8220; type=&#8220;full_width&#8220; angled_section=&#8220;no&#8220; text_align=&#8220;left&#8220; background_image_as_pattern=&#8220;without_pattern&#8220;][vc_column][vc_column_text]Das \u00d6ko Haus wurde entworfen um unabh\u00e4ngig von infrastrukturelle Dienstleistungen wie Stromnetz zu sein. &nbsp; Baustoffe werden in \u00dcbereinstimmung mit der Lage, des Windes, der Gel\u00e4ndetopographie und der Heiz-und K\u00fchlpotentiale angelegt um die nat\u00fcrlichen Ressourcen zu nutzen und&#8230;<\/p>\n","protected":false},"author":1,"featured_media":0,"parent":0,"menu_order":0,"comment_status":"closed","ping_status":"closed","template":"","meta":{"footnotes":""},"class_list":["post-15282","page","type-page","status-publish","hentry"],"yoast_head":"<!-- This site is optimized with the Yoast SEO plugin v26.2 - https:\/\/yoast.com\/wordpress\/plugins\/seo\/ -->\n<title>\u00d6ko Haus - Cretacon Green Energy<\/title>\n<meta name=\"robots\" content=\"index, follow, max-snippet:-1, max-image-preview:large, max-video-preview:-1\" \/>\n<link rel=\"canonical\" href=\"https:\/\/cretacon.gr\/\u03c5\u03b2\u03c1\u03b9\u03b4\u03b9\u03ba\u03cc-\u03c3\u03c0\u03af\u03c4\u03b9\/\" \/>\n<meta property=\"og:locale\" content=\"de_DE\" \/>\n<meta property=\"og:type\" content=\"article\" \/>\n<meta property=\"og:title\" content=\"\u00d6ko Haus - Cretacon Green Energy\" \/>\n<meta property=\"og:description\" content=\"[vc_row css_animation=&#8220;&#8220; row_type=&#8220;row&#8220; use_row_as_full_screen_section=&#8220;no&#8220; type=&#8220;full_width&#8220; angled_section=&#8220;no&#8220; text_align=&#8220;left&#8220; background_image_as_pattern=&#8220;without_pattern&#8220;][vc_column][vc_column_text]Das \u00d6ko Haus wurde entworfen um unabh\u00e4ngig von infrastrukturelle Dienstleistungen wie Stromnetz zu sein. &nbsp; Baustoffe werden in \u00dcbereinstimmung mit der Lage, des Windes, der Gel\u00e4ndetopographie und der Heiz-und K\u00fchlpotentiale angelegt um die nat\u00fcrlichen Ressourcen zu nutzen und...\" \/>\n<meta property=\"og:url\" content=\"https:\/\/cretacon.gr\/\u03c5\u03b2\u03c1\u03b9\u03b4\u03b9\u03ba\u03cc-\u03c3\u03c0\u03af\u03c4\u03b9\/\" \/>\n<meta property=\"og:site_name\" content=\"Cretacon Green Energy\" \/>\n<meta property=\"article:modified_time\" content=\"2017-11-02T17:08:10+00:00\" \/>\n<meta name=\"twitter:card\" content=\"summary_large_image\" \/>\n<meta name=\"twitter:label1\" content=\"Gesch\u00e4tzte Lesezeit\" \/>\n\t<meta name=\"twitter:data1\" content=\"1\u00a0Minute\" \/>\n<script type=\"application\/ld+json\" class=\"yoast-schema-graph\">{\"@context\":\"https:\/\/schema.org\",\"@graph\":[{\"@type\":\"WebPage\",\"@id\":\"https:\/\/cretacon.gr\/%cf%85%ce%b2%cf%81%ce%b9%ce%b4%ce%b9%ce%ba%cf%8c-%cf%83%cf%80%ce%af%cf%84%ce%b9\/\",\"url\":\"https:\/\/cretacon.gr\/%cf%85%ce%b2%cf%81%ce%b9%ce%b4%ce%b9%ce%ba%cf%8c-%cf%83%cf%80%ce%af%cf%84%ce%b9\/\",\"name\":\"\u00d6ko Haus - Cretacon Green Energy\",\"isPartOf\":{\"@id\":\"https:\/\/cretacon.gr\/#website\"},\"datePublished\":\"2017-11-02T16:52:13+00:00\",\"dateModified\":\"2017-11-02T17:08:10+00:00\",\"breadcrumb\":{\"@id\":\"https:\/\/cretacon.gr\/%cf%85%ce%b2%cf%81%ce%b9%ce%b4%ce%b9%ce%ba%cf%8c-%cf%83%cf%80%ce%af%cf%84%ce%b9\/#breadcrumb\"},\"inLanguage\":\"de\",\"potentialAction\":[{\"@type\":\"ReadAction\",\"target\":[\"https:\/\/cretacon.gr\/%cf%85%ce%b2%cf%81%ce%b9%ce%b4%ce%b9%ce%ba%cf%8c-%cf%83%cf%80%ce%af%cf%84%ce%b9\/\"]}]},{\"@type\":\"BreadcrumbList\",\"@id\":\"https:\/\/cretacon.gr\/%cf%85%ce%b2%cf%81%ce%b9%ce%b4%ce%b9%ce%ba%cf%8c-%cf%83%cf%80%ce%af%cf%84%ce%b9\/#breadcrumb\",\"itemListElement\":[{\"@type\":\"ListItem\",\"position\":1,\"name\":\"Home\",\"item\":\"https:\/\/cretacon.gr\/de\/\"},{\"@type\":\"ListItem\",\"position\":2,\"name\":\"\u00d6ko Haus\"}]},{\"@type\":\"WebSite\",\"@id\":\"https:\/\/cretacon.gr\/#website\",\"url\":\"https:\/\/cretacon.gr\/\",\"name\":\"Cretacon Green Energy\",\"description\":\"Construction Company\",\"publisher\":{\"@id\":\"https:\/\/cretacon.gr\/#organization\"},\"potentialAction\":[{\"@type\":\"SearchAction\",\"target\":{\"@type\":\"EntryPoint\",\"urlTemplate\":\"https:\/\/cretacon.gr\/?s={search_term_string}\"},\"query-input\":{\"@type\":\"PropertyValueSpecification\",\"valueRequired\":true,\"valueName\":\"search_term_string\"}}],\"inLanguage\":\"de\"},{\"@type\":\"Organization\",\"@id\":\"https:\/\/cretacon.gr\/#organization\",\"name\":\"Cretacon Green Energy\",\"url\":\"https:\/\/cretacon.gr\/\",\"logo\":{\"@type\":\"ImageObject\",\"inLanguage\":\"de\",\"@id\":\"https:\/\/cretacon.gr\/#\/schema\/logo\/image\/\",\"url\":\"https:\/\/cretacon.gr\/wp-content\/uploads\/2017\/09\/logo_white.png\",\"contentUrl\":\"https:\/\/cretacon.gr\/wp-content\/uploads\/2017\/09\/logo_white.png\",\"width\":465,\"height\":180,\"caption\":\"Cretacon Green Energy\"},\"image\":{\"@id\":\"https:\/\/cretacon.gr\/#\/schema\/logo\/image\/\"}}]}<\/script>\n<!-- \/ Yoast SEO plugin. -->","yoast_head_json":{"title":"\u00d6ko Haus - Cretacon Green Energy","robots":{"index":"index","follow":"follow","max-snippet":"max-snippet:-1","max-image-preview":"max-image-preview:large","max-video-preview":"max-video-preview:-1"},"canonical":"https:\/\/cretacon.gr\/\u03c5\u03b2\u03c1\u03b9\u03b4\u03b9\u03ba\u03cc-\u03c3\u03c0\u03af\u03c4\u03b9\/","og_locale":"de_DE","og_type":"article","og_title":"\u00d6ko Haus - Cretacon Green Energy","og_description":"[vc_row css_animation=&#8220;&#8220; row_type=&#8220;row&#8220; use_row_as_full_screen_section=&#8220;no&#8220; type=&#8220;full_width&#8220; angled_section=&#8220;no&#8220; text_align=&#8220;left&#8220; background_image_as_pattern=&#8220;without_pattern&#8220;][vc_column][vc_column_text]Das \u00d6ko Haus wurde entworfen um unabh\u00e4ngig von infrastrukturelle Dienstleistungen wie Stromnetz zu sein. &nbsp; Baustoffe werden in \u00dcbereinstimmung mit der Lage, des Windes, der Gel\u00e4ndetopographie und der Heiz-und K\u00fchlpotentiale angelegt um die nat\u00fcrlichen Ressourcen zu nutzen und...","og_url":"https:\/\/cretacon.gr\/\u03c5\u03b2\u03c1\u03b9\u03b4\u03b9\u03ba\u03cc-\u03c3\u03c0\u03af\u03c4\u03b9\/","og_site_name":"Cretacon Green Energy","article_modified_time":"2017-11-02T17:08:10+00:00","twitter_card":"summary_large_image","twitter_misc":{"Gesch\u00e4tzte Lesezeit":"1\u00a0Minute"},"schema":{"@context":"https:\/\/schema.org","@graph":[{"@type":"WebPage","@id":"https:\/\/cretacon.gr\/%cf%85%ce%b2%cf%81%ce%b9%ce%b4%ce%b9%ce%ba%cf%8c-%cf%83%cf%80%ce%af%cf%84%ce%b9\/","url":"https:\/\/cretacon.gr\/%cf%85%ce%b2%cf%81%ce%b9%ce%b4%ce%b9%ce%ba%cf%8c-%cf%83%cf%80%ce%af%cf%84%ce%b9\/","name":"\u00d6ko Haus - Cretacon Green Energy","isPartOf":{"@id":"https:\/\/cretacon.gr\/#website"},"datePublished":"2017-11-02T16:52:13+00:00","dateModified":"2017-11-02T17:08:10+00:00","breadcrumb":{"@id":"https:\/\/cretacon.gr\/%cf%85%ce%b2%cf%81%ce%b9%ce%b4%ce%b9%ce%ba%cf%8c-%cf%83%cf%80%ce%af%cf%84%ce%b9\/#breadcrumb"},"inLanguage":"de","potentialAction":[{"@type":"ReadAction","target":["https:\/\/cretacon.gr\/%cf%85%ce%b2%cf%81%ce%b9%ce%b4%ce%b9%ce%ba%cf%8c-%cf%83%cf%80%ce%af%cf%84%ce%b9\/"]}]},{"@type":"BreadcrumbList","@id":"https:\/\/cretacon.gr\/%cf%85%ce%b2%cf%81%ce%b9%ce%b4%ce%b9%ce%ba%cf%8c-%cf%83%cf%80%ce%af%cf%84%ce%b9\/#breadcrumb","itemListElement":[{"@type":"ListItem","position":1,"name":"Home","item":"https:\/\/cretacon.gr\/de\/"},{"@type":"ListItem","position":2,"name":"\u00d6ko Haus"}]},{"@type":"WebSite","@id":"https:\/\/cretacon.gr\/#website","url":"https:\/\/cretacon.gr\/","name":"Cretacon Green Energy","description":"Construction Company","publisher":{"@id":"https:\/\/cretacon.gr\/#organization"},"potentialAction":[{"@type":"SearchAction","target":{"@type":"EntryPoint","urlTemplate":"https:\/\/cretacon.gr\/?s={search_term_string}"},"query-input":{"@type":"PropertyValueSpecification","valueRequired":true,"valueName":"search_term_string"}}],"inLanguage":"de"},{"@type":"Organization","@id":"https:\/\/cretacon.gr\/#organization","name":"Cretacon Green Energy","url":"https:\/\/cretacon.gr\/","logo":{"@type":"ImageObject","inLanguage":"de","@id":"https:\/\/cretacon.gr\/#\/schema\/logo\/image\/","url":"https:\/\/cretacon.gr\/wp-content\/uploads\/2017\/09\/logo_white.png","contentUrl":"https:\/\/cretacon.gr\/wp-content\/uploads\/2017\/09\/logo_white.png","width":465,"height":180,"caption":"Cretacon Green Energy"},"image":{"@id":"https:\/\/cretacon.gr\/#\/schema\/logo\/image\/"}}]}},"_links":{"self":[{"href":"https:\/\/cretacon.gr\/de\/wp-json\/wp\/v2\/pages\/15282","targetHints":{"allow":["GET"]}}],"collection":[{"href":"https:\/\/cretacon.gr\/de\/wp-json\/wp\/v2\/pages"}],"about":[{"href":"https:\/\/cretacon.gr\/de\/wp-json\/wp\/v2\/types\/page"}],"author":[{"embeddable":true,"href":"https:\/\/cretacon.gr\/de\/wp-json\/wp\/v2\/users\/1"}],"replies":[{"embeddable":true,"href":"https:\/\/cretacon.gr\/de\/wp-json\/wp\/v2\/comments?post=15282"}],"version-history":[{"count":3,"href":"https:\/\/cretacon.gr\/de\/wp-json\/wp\/v2\/pages\/15282\/revisions"}],"predecessor-version":[{"id":15298,"href":"https:\/\/cretacon.gr\/de\/wp-json\/wp\/v2\/pages\/15282\/revisions\/15298"}],"wp:attachment":[{"href":"https:\/\/cretacon.gr\/de\/wp-json\/wp\/v2\/media?parent=15282"}],"curies":[{"name":"wp","href":"https:\/\/api.w.org\/{rel}","templated":true}]}}