{"id":15273,"date":"2017-11-02T18:39:31","date_gmt":"2017-11-02T16:39:31","guid":{"rendered":"https:\/\/cretacon.gr\/?page_id=15273"},"modified":"2017-11-02T19:14:16","modified_gmt":"2017-11-02T17:14:16","slug":"ultra-niedrigenergiehaus","status":"publish","type":"page","link":"https:\/\/cretacon.gr\/de\/ultra-niedrigenergiehaus\/","title":{"rendered":"Ultra-Niedrigenergiehaus"},"content":{"rendered":"<div class=\"wpb-content-wrapper\"><p>[vc_row css_animation=&#8220;&#8220; row_type=&#8220;row&#8220; use_row_as_full_screen_section=&#8220;no&#8220; type=&#8220;full_width&#8220; angled_section=&#8220;no&#8220; text_align=&#8220;left&#8220; background_image_as_pattern=&#8220;without_pattern&#8220;][vc_column]<div class='q_icon_with_title tiny normal_icon '><div class=\"icon_holder \" style=\" \"><span data-icon-type=\"normal\" data-icon-hover-color=\"#000000\" style=\"font-size: 60px\" class=\"qode_iwt_icon_holder q_font_awsome_icon fa-lg  \"><i class=\"qodef-icon-linea-icon icon-basic-home qode_iwt_icon_element\" style=\"color: #ff3d00\"><\/i><\/span><\/div><div class=\"icon_text_holder\" style=\"padding-left:97px;\"><div class=\"icon_text_inner\" style=\"\"><h5 class=\"icon_title\" style=\"\">Ultra-Niedrigenergiehaus<\/h5><p style=''><\/p><\/div><\/div><\/div>[vc_column_text]Ein Ultra Niedrig-Energie-Haus ein Haus, welches durch neue Technologien und Baustoffe viel weniger Energie verbraucht als ein durchschnittliches traditionelles oder modernes Haus.<\/p>\n<p>&nbsp;<\/p>\n<p>Ultra Niedrig-Energie-H\u00e4user werden oft mit aktiven und passiven Solarelementen, Techniken und Komponenten ausgestattet um den Energieaufwand erheblich zu reduzieren.<\/p>\n<p>&nbsp;<\/p>\n<p>Sie sind in hohem Ma\u00dfe mit W\u00e4rmed\u00e4mmsystemen isoliert und durch lineare W\u00e4rmebr\u00fccken, Wasser-und W\u00e4rmed\u00e4mmung von D\u00e4chern und Kellern sowie energieeffizienten Fenstern ausgestattet um W\u00e4rmeverlust zu verhindern und Heiz-und K\u00fchlenergie zu senken. Thermische Solaranlagen f\u00fcr den Hausgebrauch liefern nicht nur Warmwasser, sondern tragen auch zur Beheizung des Hauses bei.<br \/>\nBeleuchtung und sonstige Energienutzung wird durch Leuchtstofflampen und energieeffiziente Ger\u00e4ten \u00fcbernommen.<\/p>\n<p>&nbsp;<\/p>\n<p>Dieser Haustyp erf\u00fcllt die Anforderungen der neuen Verordnung f\u00fcr Energieeffizienz von Geb\u00e4uden.[\/vc_column_text][\/vc_column][\/vc_row][vc_row css_animation=&#8220;&#8220; row_type=&#8220;row&#8220; use_row_as_full_screen_section=&#8220;no&#8220; type=&#8220;full_width&#8220; angled_section=&#8220;no&#8220; text_align=&#8220;left&#8220; background_image_as_pattern=&#8220;without_pattern&#8220;][vc_column][vc_empty_space][vc_single_image image=&#8220;15300&#8243; img_size=&#8220;full&#8220; alignment=&#8220;center&#8220; qode_css_animation=&#8220;&#8220;][vc_single_image image=&#8220;15299&#8243; img_size=&#8220;full&#8220; alignment=&#8220;center&#8220; qode_css_animation=&#8220;&#8220;][\/vc_column][\/vc_row]<\/p>\n<\/div>","protected":false},"excerpt":{"rendered":"<p>[vc_row css_animation=&#8220;&#8220; row_type=&#8220;row&#8220; use_row_as_full_screen_section=&#8220;no&#8220; type=&#8220;full_width&#8220; angled_section=&#8220;no&#8220; text_align=&#8220;left&#8220; background_image_as_pattern=&#8220;without_pattern&#8220;][vc_column][vc_column_text]Ein Ultra Niedrig-Energie-Haus ein Haus, welches durch neue Technologien und Baustoffe viel weniger Energie verbraucht als ein durchschnittliches traditionelles oder modernes Haus. &nbsp; Ultra Niedrig-Energie-H\u00e4user werden oft mit aktiven und passiven Solarelementen, Techniken und Komponenten ausgestattet um den&#8230;<\/p>\n","protected":false},"author":1,"featured_media":0,"parent":0,"menu_order":0,"comment_status":"closed","ping_status":"closed","template":"","meta":{"footnotes":""},"class_list":["post-15273","page","type-page","status-publish","hentry"],"yoast_head":"<!-- This site is optimized with the Yoast SEO plugin v26.2 - https:\/\/yoast.com\/wordpress\/plugins\/seo\/ -->\n<title>Ultra-Niedrigenergiehaus - Cretacon Green Energy<\/title>\n<meta name=\"robots\" content=\"index, follow, max-snippet:-1, max-image-preview:large, max-video-preview:-1\" \/>\n<link rel=\"canonical\" href=\"https:\/\/cretacon.gr\/\u03c0\u03c1\u03b1\u03c3\u03b9\u03bd\u03bf-\u03c3\u03c0\u03b9\u03c4\u03b9\/\" \/>\n<meta property=\"og:locale\" content=\"de_DE\" \/>\n<meta property=\"og:type\" content=\"article\" \/>\n<meta property=\"og:title\" content=\"Ultra-Niedrigenergiehaus - Cretacon Green Energy\" \/>\n<meta property=\"og:description\" content=\"[vc_row css_animation=&#8220;&#8220; row_type=&#8220;row&#8220; use_row_as_full_screen_section=&#8220;no&#8220; type=&#8220;full_width&#8220; angled_section=&#8220;no&#8220; text_align=&#8220;left&#8220; background_image_as_pattern=&#8220;without_pattern&#8220;][vc_column][vc_column_text]Ein Ultra Niedrig-Energie-Haus ein Haus, welches durch neue Technologien und Baustoffe viel weniger Energie verbraucht als ein durchschnittliches traditionelles oder modernes Haus. &nbsp; Ultra Niedrig-Energie-H\u00e4user werden oft mit aktiven und passiven Solarelementen, Techniken und Komponenten ausgestattet um den...\" \/>\n<meta property=\"og:url\" content=\"https:\/\/cretacon.gr\/\u03c0\u03c1\u03b1\u03c3\u03b9\u03bd\u03bf-\u03c3\u03c0\u03b9\u03c4\u03b9\/\" \/>\n<meta property=\"og:site_name\" content=\"Cretacon Green Energy\" \/>\n<meta property=\"article:modified_time\" content=\"2017-11-02T17:14:16+00:00\" \/>\n<meta name=\"twitter:card\" content=\"summary_large_image\" \/>\n<meta name=\"twitter:label1\" content=\"Gesch\u00e4tzte Lesezeit\" \/>\n\t<meta name=\"twitter:data1\" content=\"1\u00a0Minute\" \/>\n<script type=\"application\/ld+json\" class=\"yoast-schema-graph\">{\"@context\":\"https:\/\/schema.org\",\"@graph\":[{\"@type\":\"WebPage\",\"@id\":\"https:\/\/cretacon.gr\/%cf%80%cf%81%ce%b1%cf%83%ce%b9%ce%bd%ce%bf-%cf%83%cf%80%ce%b9%cf%84%ce%b9\/\",\"url\":\"https:\/\/cretacon.gr\/%cf%80%cf%81%ce%b1%cf%83%ce%b9%ce%bd%ce%bf-%cf%83%cf%80%ce%b9%cf%84%ce%b9\/\",\"name\":\"Ultra-Niedrigenergiehaus - Cretacon Green Energy\",\"isPartOf\":{\"@id\":\"https:\/\/cretacon.gr\/#website\"},\"datePublished\":\"2017-11-02T16:39:31+00:00\",\"dateModified\":\"2017-11-02T17:14:16+00:00\",\"breadcrumb\":{\"@id\":\"https:\/\/cretacon.gr\/%cf%80%cf%81%ce%b1%cf%83%ce%b9%ce%bd%ce%bf-%cf%83%cf%80%ce%b9%cf%84%ce%b9\/#breadcrumb\"},\"inLanguage\":\"de\",\"potentialAction\":[{\"@type\":\"ReadAction\",\"target\":[\"https:\/\/cretacon.gr\/%cf%80%cf%81%ce%b1%cf%83%ce%b9%ce%bd%ce%bf-%cf%83%cf%80%ce%b9%cf%84%ce%b9\/\"]}]},{\"@type\":\"BreadcrumbList\",\"@id\":\"https:\/\/cretacon.gr\/%cf%80%cf%81%ce%b1%cf%83%ce%b9%ce%bd%ce%bf-%cf%83%cf%80%ce%b9%cf%84%ce%b9\/#breadcrumb\",\"itemListElement\":[{\"@type\":\"ListItem\",\"position\":1,\"name\":\"Home\",\"item\":\"https:\/\/cretacon.gr\/de\/\"},{\"@type\":\"ListItem\",\"position\":2,\"name\":\"Ultra-Niedrigenergiehaus\"}]},{\"@type\":\"WebSite\",\"@id\":\"https:\/\/cretacon.gr\/#website\",\"url\":\"https:\/\/cretacon.gr\/\",\"name\":\"Cretacon Green Energy\",\"description\":\"Construction Company\",\"publisher\":{\"@id\":\"https:\/\/cretacon.gr\/#organization\"},\"potentialAction\":[{\"@type\":\"SearchAction\",\"target\":{\"@type\":\"EntryPoint\",\"urlTemplate\":\"https:\/\/cretacon.gr\/?s={search_term_string}\"},\"query-input\":{\"@type\":\"PropertyValueSpecification\",\"valueRequired\":true,\"valueName\":\"search_term_string\"}}],\"inLanguage\":\"de\"},{\"@type\":\"Organization\",\"@id\":\"https:\/\/cretacon.gr\/#organization\",\"name\":\"Cretacon Green Energy\",\"url\":\"https:\/\/cretacon.gr\/\",\"logo\":{\"@type\":\"ImageObject\",\"inLanguage\":\"de\",\"@id\":\"https:\/\/cretacon.gr\/#\/schema\/logo\/image\/\",\"url\":\"https:\/\/cretacon.gr\/wp-content\/uploads\/2017\/09\/logo_white.png\",\"contentUrl\":\"https:\/\/cretacon.gr\/wp-content\/uploads\/2017\/09\/logo_white.png\",\"width\":465,\"height\":180,\"caption\":\"Cretacon Green Energy\"},\"image\":{\"@id\":\"https:\/\/cretacon.gr\/#\/schema\/logo\/image\/\"}}]}<\/script>\n<!-- \/ Yoast SEO plugin. -->","yoast_head_json":{"title":"Ultra-Niedrigenergiehaus - Cretacon Green Energy","robots":{"index":"index","follow":"follow","max-snippet":"max-snippet:-1","max-image-preview":"max-image-preview:large","max-video-preview":"max-video-preview:-1"},"canonical":"https:\/\/cretacon.gr\/\u03c0\u03c1\u03b1\u03c3\u03b9\u03bd\u03bf-\u03c3\u03c0\u03b9\u03c4\u03b9\/","og_locale":"de_DE","og_type":"article","og_title":"Ultra-Niedrigenergiehaus - Cretacon Green Energy","og_description":"[vc_row css_animation=&#8220;&#8220; row_type=&#8220;row&#8220; use_row_as_full_screen_section=&#8220;no&#8220; type=&#8220;full_width&#8220; angled_section=&#8220;no&#8220; text_align=&#8220;left&#8220; background_image_as_pattern=&#8220;without_pattern&#8220;][vc_column][vc_column_text]Ein Ultra Niedrig-Energie-Haus ein Haus, welches durch neue Technologien und Baustoffe viel weniger Energie verbraucht als ein durchschnittliches traditionelles oder modernes Haus. &nbsp; Ultra Niedrig-Energie-H\u00e4user werden oft mit aktiven und passiven Solarelementen, Techniken und Komponenten ausgestattet um den...","og_url":"https:\/\/cretacon.gr\/\u03c0\u03c1\u03b1\u03c3\u03b9\u03bd\u03bf-\u03c3\u03c0\u03b9\u03c4\u03b9\/","og_site_name":"Cretacon Green Energy","article_modified_time":"2017-11-02T17:14:16+00:00","twitter_card":"summary_large_image","twitter_misc":{"Gesch\u00e4tzte Lesezeit":"1\u00a0Minute"},"schema":{"@context":"https:\/\/schema.org","@graph":[{"@type":"WebPage","@id":"https:\/\/cretacon.gr\/%cf%80%cf%81%ce%b1%cf%83%ce%b9%ce%bd%ce%bf-%cf%83%cf%80%ce%b9%cf%84%ce%b9\/","url":"https:\/\/cretacon.gr\/%cf%80%cf%81%ce%b1%cf%83%ce%b9%ce%bd%ce%bf-%cf%83%cf%80%ce%b9%cf%84%ce%b9\/","name":"Ultra-Niedrigenergiehaus - Cretacon Green Energy","isPartOf":{"@id":"https:\/\/cretacon.gr\/#website"},"datePublished":"2017-11-02T16:39:31+00:00","dateModified":"2017-11-02T17:14:16+00:00","breadcrumb":{"@id":"https:\/\/cretacon.gr\/%cf%80%cf%81%ce%b1%cf%83%ce%b9%ce%bd%ce%bf-%cf%83%cf%80%ce%b9%cf%84%ce%b9\/#breadcrumb"},"inLanguage":"de","potentialAction":[{"@type":"ReadAction","target":["https:\/\/cretacon.gr\/%cf%80%cf%81%ce%b1%cf%83%ce%b9%ce%bd%ce%bf-%cf%83%cf%80%ce%b9%cf%84%ce%b9\/"]}]},{"@type":"BreadcrumbList","@id":"https:\/\/cretacon.gr\/%cf%80%cf%81%ce%b1%cf%83%ce%b9%ce%bd%ce%bf-%cf%83%cf%80%ce%b9%cf%84%ce%b9\/#breadcrumb","itemListElement":[{"@type":"ListItem","position":1,"name":"Home","item":"https:\/\/cretacon.gr\/de\/"},{"@type":"ListItem","position":2,"name":"Ultra-Niedrigenergiehaus"}]},{"@type":"WebSite","@id":"https:\/\/cretacon.gr\/#website","url":"https:\/\/cretacon.gr\/","name":"Cretacon Green Energy","description":"Construction Company","publisher":{"@id":"https:\/\/cretacon.gr\/#organization"},"potentialAction":[{"@type":"SearchAction","target":{"@type":"EntryPoint","urlTemplate":"https:\/\/cretacon.gr\/?s={search_term_string}"},"query-input":{"@type":"PropertyValueSpecification","valueRequired":true,"valueName":"search_term_string"}}],"inLanguage":"de"},{"@type":"Organization","@id":"https:\/\/cretacon.gr\/#organization","name":"Cretacon Green Energy","url":"https:\/\/cretacon.gr\/","logo":{"@type":"ImageObject","inLanguage":"de","@id":"https:\/\/cretacon.gr\/#\/schema\/logo\/image\/","url":"https:\/\/cretacon.gr\/wp-content\/uploads\/2017\/09\/logo_white.png","contentUrl":"https:\/\/cretacon.gr\/wp-content\/uploads\/2017\/09\/logo_white.png","width":465,"height":180,"caption":"Cretacon Green Energy"},"image":{"@id":"https:\/\/cretacon.gr\/#\/schema\/logo\/image\/"}}]}},"_links":{"self":[{"href":"https:\/\/cretacon.gr\/de\/wp-json\/wp\/v2\/pages\/15273","targetHints":{"allow":["GET"]}}],"collection":[{"href":"https:\/\/cretacon.gr\/de\/wp-json\/wp\/v2\/pages"}],"about":[{"href":"https:\/\/cretacon.gr\/de\/wp-json\/wp\/v2\/types\/page"}],"author":[{"embeddable":true,"href":"https:\/\/cretacon.gr\/de\/wp-json\/wp\/v2\/users\/1"}],"replies":[{"embeddable":true,"href":"https:\/\/cretacon.gr\/de\/wp-json\/wp\/v2\/comments?post=15273"}],"version-history":[{"count":2,"href":"https:\/\/cretacon.gr\/de\/wp-json\/wp\/v2\/pages\/15273\/revisions"}],"predecessor-version":[{"id":15303,"href":"https:\/\/cretacon.gr\/de\/wp-json\/wp\/v2\/pages\/15273\/revisions\/15303"}],"wp:attachment":[{"href":"https:\/\/cretacon.gr\/de\/wp-json\/wp\/v2\/media?parent=15273"}],"curies":[{"name":"wp","href":"https:\/\/api.w.org\/{rel}","templated":true}]}}