{"id":15255,"date":"2017-11-01T19:22:25","date_gmt":"2017-11-01T17:22:25","guid":{"rendered":"https:\/\/cretacon.gr\/?page_id=15255"},"modified":"2017-11-04T19:55:10","modified_gmt":"2017-11-04T17:55:10","slug":"solarthermie","status":"publish","type":"page","link":"https:\/\/cretacon.gr\/de\/solarthermie\/","title":{"rendered":"Solarthermie"},"content":{"rendered":"<div class=\"wpb-content-wrapper\"><p>[vc_row css_animation=&#8220;&#8220; row_type=&#8220;row&#8220; use_row_as_full_screen_section=&#8220;no&#8220; type=&#8220;full_width&#8220; angled_section=&#8220;no&#8220; text_align=&#8220;left&#8220; background_image_as_pattern=&#8220;without_pattern&#8220;][vc_column]<div class='q_icon_with_title tiny normal_icon '><div class=\"icon_holder \" style=\" \"><span data-icon-type=\"normal\" data-icon-hover-color=\"#000000\" style=\"font-size: 60px\" class=\"qode_iwt_icon_holder q_font_awsome_icon fa-lg  \"><i class=\"qodef-icon-linea-icon icon-weather-sun qode_iwt_icon_element\" style=\"color: #ff3d00\"><\/i><\/span><\/div><div class=\"icon_text_holder\" style=\"padding-left:97px;\"><div class=\"icon_text_inner\" style=\"\"><h5 class=\"icon_title\" style=\"\">Solarthermie<\/h5><p style=''><\/p><\/div><\/div><\/div>[vc_column_text]Zur Solarthermie geh\u00f6ren aktive Solarsysteme. Es ist eine Technologie, die Sonnenenergie zur Erzeugung von W\u00e4rme verwendet. Diese Energie wird verwendet, um unsere Bed\u00fcrfnisse in der Raumheizung und Erzeugung von Warmwasser (WW) zu erf\u00fcllen.<\/p>\n<p>&nbsp;<\/p>\n<p>In der Haustechnik ist der W\u00e4rmetr\u00e4ger der Heizung das Wasser, das durch die Verbrennung von \u00d6l oder Gas beheizt wird und durch die Heizk\u00f6rpern oder die Fu\u00dfbodenheizung zirkuliert. In einem hohen Prozentsatz und abh\u00e4ngig von der Anlage, kann das Wasser durch ein Sonnenenergiesystem zur Verringerung des Kraftstoffverbrauchs erhitzt werden. In Griechenland, wo es eine starke Sonneneinstrahlung auch in den Wintermonaten gibt, ist die Anwendung von Solaranlagen sehr effizient. Selbst in L\u00e4ndern Nordeuropas, wo die Sonnenstrahlung ist deutlich niedriger als in Griechenland werden diese Anlangen mit einem gro\u00dfen Erfolg eingesetzt.<\/p>\n<p>&nbsp;<\/p>\n<p>Das Grundprinzip einer Solaranlage ist einen Beitrag zur Heizung bei gleichzeitiger Verwendung anderer Brennstoffe (von den bestehenden Anlagen) zu leisten. Der Anteil des Beitrags und damit die Reduzierung des Kraftstoffverbrauchs sind abh\u00e4ngig von der Gr\u00f6\u00dfe der betreffenden Anlage, ihres Standorts und andere Faktoren. Zum Beispiel kann eine solargetriebene Fu\u00dfbodenheizung auf Kreta 100% des Bedarfs f\u00fcr die Heizung decken und keinen weiteren \u00d6lverbrauch erfordern, w\u00e4hrend die gleiche Solaranlage in Nordgriechenland, wo die Sonneneinstrahlung nicht so stark ist nur eine reduzierte Leistung abgibt, was aber aus Kostenspargr\u00fcnden dennoch lohnenswert sein kann.<\/p>\n<p>&nbsp;<\/p>\n<p>Wenn es keine Sonne gibt, ist es n\u00f6tig, die Heizung aus der Versorgung mit einem inaktiven Beh\u00e4lter, genannt Puffertank anzutreiben. Wenn das hei\u00dfe Wasser in dem Puffer unter der Solltemperatur liegt, wird eine Hilfsleistungsquelle in Betrieb genommen, die in der Regel aus einer herk\u00f6mmlichen Heizung besteht. Der Solarwasserbeh\u00e4lter der an das Wassernetz angeschlossen ist besteht aus zwei W\u00e4rmetauschern, wovon einer mit dem Kolletktor und der andere mit dem Heizkessel verbunden ist. Wenn kein gro\u00dfer Warmwasserbedarf besteht, ist der Solarbeh\u00e4lter in der Lage das Wasser f\u00fcr mehrere Tage warm zu halten. Eine gut dimensionierte Solaranlage liefert genug Energie, um den Zeitraum zwischen Mai und September bis zu 100 % des Bedarfs f\u00fcr die Warmwasserbereitung und von 50 % bis 70 % pro Jahr abzudecken. Doch im Winter muss der konventionelle Heizkessel zus\u00e4tzlich zum Sonnensystem zu arbeiten. In Geb\u00e4uden mit der richtigen D\u00e4mmung kann die Sonnenenergie noch mehr: im Fr\u00fchling und Herbst kann sie f\u00fcr die K\u00fchlung sorgen und im Winter die \u00d6lkessel oder Gaskessel von der Gesamtw\u00e4rmelast zu befreien.<\/p>\n<p>&nbsp;<\/p>\n<p><strong>Die Hauptteile einer Solarheizanlage sind:<\/strong><\/p>\n<p>&nbsp;<\/p>\n<p>Sonnenkollektoren<\/p>\n<p>Installation<\/p>\n<p>Pufferspeicher<\/p>\n<p>Solarstation<\/p>\n<p>Automatische Steuerung<\/p>\n<p>&nbsp;<\/p>\n<p>Eine Solaranlage kann in jeder Heizungsanlage eingebaut werden, entweder am Anfang des Aufbaus oder sp\u00e4ter. Die Installation erfordert keine \u00c4nderung der bestehenden Heizungsanlage, wenn das Hauptsystem bereits installiert ist. Meistens ist die Integration in der Fu\u00dfbodenheizung sinnvoll, weil Wasser als Heizmedium bei niedrigen Temperaturen zirkuliert und auch mit wenig Sonnenschein die Vorteile der Solarenergie genautzt werden kann. Die Reduzierung des Kraftstoffverbrauchs kann bis zu 80% betragen, was sowohl f\u00fcr die Wirtschaftlichkeit als auch f\u00fcr die Umweltbelastung bedeutsam ist. Wenn die Solaranlage\u00a0 mit einer anderen Heizung (Boiler) arbeitet, ist es ratsam, die Betriebstemperatur zu reduzieren und so die Betriebszeitperiode zu erh\u00f6hen, um den gr\u00f6\u00dftm\u00f6glichen Vorteil aus der Anlage zu gewinnen.<\/p>\n<p>&nbsp;<\/p>\n<p>F\u00fcr das Sammeln der Solarenergie und die Wassererw\u00e4rmung werden Sonnenkollektoren eingesetzt. Die Kollektoren erreichen eine hohe Absorption von Solarenergie und leisten somit einen gro\u00dfen Beitrag zu der Heizungsanlage. Ein typischer Kollektor wird als Solar-Flachkollektor und in der Regel auf dem Dach platziert. Dieser Kollektor ist eine rechteckige Platte mit einer durchl\u00e4ssigen Abdeckung mit Blick auf die Sonne. Kleine Rohre sind im Inneren der Platte, die Wasser oder eine andere Fl\u00fcssigkeit wie Frostschutzmittel tragen. Die Rohre werden auf einer Metallabsorberplatte, die schwarz angemalt ist um mehr Sonnenw\u00e4rme zu absorbieren montiert. Die R\u00fcckseite und die Seiten des Kollektors sind isoliert um die W\u00e4rme zu halten. W\u00e4rme wird innerhalb des Kollektors gesammelt und das Fluid, welches durch die Rohre hindurchflie\u00dft, wird hei\u00df.<\/p>\n<p>&nbsp;<\/p>\n<p>\u00c4hnlich wie bei der Planung einer Solaranlage, k\u00f6nnen Heiz-Solarsysteme in aktive und passive Systeme kategorisiert werden. Die gebr\u00e4uchlichsten Systeme sind aktiv, und das bedeutet, dass sie Pumpen verweden um das erhitzte Medium aus dem Kollektor zu dem Speichertank (Puffer) zu bef\u00f6rdern. Obwohl die Solar-Wasser-Heizung gut funktioniert, ist meist nicht genug W\u00e4rmeenergie vorhanden, wenn die Sonne nicht scheint. Deshalb wir stets den Betrieb mit einem konventionellen System, die fossile Brennstoffe, Gas oder eine W\u00e4rmepumpe oder ein Biomassekessels als prim\u00e4re W\u00e4rmequelle in Kombination verwendet.<\/p>\n<p>&nbsp;<\/p>\n<p>Die Kosten f\u00fcr die Installation einer Solaranlage h\u00e4ngen von der Gr\u00f6\u00dfe der Anlage und der Reduzierung des Kraftstoffverbrauchs ab. Der gro\u00dfe Vorteil eines solchen Systems ist, da\u00df die Gr\u00f6\u00dfe (und somit die Kosten) auf die Anforderungen des Benutzers angepasst werden kann und einfach variiert wird. Beispielsweise kann zun\u00e4chst ein System installiert werden, dass 30% der Gesamtw\u00e4rmelast abdeckt und nach der Zeit von einem Jahr das System um zus\u00e4tzliche Solarkollektoren erweitert werden, um 60% Abdeckung des gesamten W\u00e4rmebedarfs zu erzielen.<\/p>\n<p>&nbsp;<\/p>\n<p><strong>Herstellerseiten<\/strong><\/p>\n<p>&nbsp;<\/p>\n<nav><a id=\"ContentPlaceHolderDefault_mainContent_ProjectLeftBar_4_rptSideLinks_hlItem_0\" href=\"http:\/\/www.cosmosolar.com%0D\/\" target=\"_blank\" rel=\"noopener noreferrer\">Cosmosolar<\/a><\/nav>\n<nav><\/nav>\n<nav><\/nav>\n<nav><\/nav>\n<nav><a id=\"ContentPlaceHolderDefault_mainContent_ProjectLeftBar_4_rptSideLinks_hlItem_1\" href=\"http:\/\/www.tiemme.gr%0D\/\" target=\"_blank\" rel=\"noopener noreferrer\">Tiemme<\/a><\/nav>\n<nav><a id=\"ContentPlaceHolderDefault_mainContent_ProjectLeftBar_4_rptSideLinks_hlItem_2\" href=\"http:\/\/www.schueco.com\/\" target=\"_blank\" rel=\"noopener noreferrer\">Schueco<\/a><\/nav>\n<p>[\/vc_column_text][\/vc_column][\/vc_row][vc_row css_animation=&#8220;&#8220; row_type=&#8220;row&#8220; use_row_as_full_screen_section=&#8220;no&#8220; type=&#8220;full_width&#8220; angled_section=&#8220;no&#8220; text_align=&#8220;left&#8220; background_image_as_pattern=&#8220;without_pattern&#8220;][vc_column width=&#8220;1\/2&#8243;][vc_single_image image=&#8220;15354&#8243; img_size=&#8220;full&#8220; qode_css_animation=&#8220;&#8220;][\/vc_column][vc_column width=&#8220;1\/2&#8243;][vc_single_image image=&#8220;15355&#8243; img_size=&#8220;full&#8220; qode_css_animation=&#8220;&#8220;][vc_single_image image=&#8220;15356&#8243; img_size=&#8220;full&#8220; qode_css_animation=&#8220;&#8220;][\/vc_column][\/vc_row]<\/p>\n<\/div>","protected":false},"excerpt":{"rendered":"<p>[vc_row css_animation=&#8220;&#8220; row_type=&#8220;row&#8220; use_row_as_full_screen_section=&#8220;no&#8220; type=&#8220;full_width&#8220; angled_section=&#8220;no&#8220; text_align=&#8220;left&#8220; background_image_as_pattern=&#8220;without_pattern&#8220;][vc_column][vc_column_text]Zur Solarthermie geh\u00f6ren aktive Solarsysteme. Es ist eine Technologie, die Sonnenenergie zur Erzeugung von W\u00e4rme verwendet. Diese Energie wird verwendet, um unsere Bed\u00fcrfnisse in der Raumheizung und Erzeugung von Warmwasser (WW) zu erf\u00fcllen. &nbsp; In der Haustechnik ist&#8230;<\/p>\n","protected":false},"author":1,"featured_media":0,"parent":0,"menu_order":0,"comment_status":"closed","ping_status":"closed","template":"","meta":{"footnotes":""},"class_list":["post-15255","page","type-page","status-publish","hentry"],"yoast_head":"<!-- This site is optimized with the Yoast SEO plugin v26.2 - https:\/\/yoast.com\/wordpress\/plugins\/seo\/ -->\n<title>Solarthermie - Cretacon Green Energy<\/title>\n<meta name=\"robots\" content=\"index, follow, max-snippet:-1, max-image-preview:large, max-video-preview:-1\" \/>\n<link rel=\"canonical\" href=\"https:\/\/cretacon.gr\/de\/solarthermie\/\" \/>\n<meta property=\"og:locale\" content=\"de_DE\" \/>\n<meta property=\"og:type\" content=\"article\" \/>\n<meta property=\"og:title\" content=\"Solarthermie - Cretacon Green Energy\" \/>\n<meta property=\"og:description\" content=\"[vc_row css_animation=&#8220;&#8220; row_type=&#8220;row&#8220; use_row_as_full_screen_section=&#8220;no&#8220; type=&#8220;full_width&#8220; angled_section=&#8220;no&#8220; text_align=&#8220;left&#8220; background_image_as_pattern=&#8220;without_pattern&#8220;][vc_column][vc_column_text]Zur Solarthermie geh\u00f6ren aktive Solarsysteme. Es ist eine Technologie, die Sonnenenergie zur Erzeugung von W\u00e4rme verwendet. Diese Energie wird verwendet, um unsere Bed\u00fcrfnisse in der Raumheizung und Erzeugung von Warmwasser (WW) zu erf\u00fcllen. &nbsp; In der Haustechnik ist...\" \/>\n<meta property=\"og:url\" content=\"https:\/\/cretacon.gr\/de\/solarthermie\/\" \/>\n<meta property=\"og:site_name\" content=\"Cretacon Green Energy\" \/>\n<meta property=\"article:modified_time\" content=\"2017-11-04T17:55:10+00:00\" \/>\n<meta name=\"twitter:card\" content=\"summary_large_image\" \/>\n<meta name=\"twitter:label1\" content=\"Gesch\u00e4tzte Lesezeit\" \/>\n\t<meta name=\"twitter:data1\" content=\"5\u00a0Minuten\" \/>\n<script type=\"application\/ld+json\" class=\"yoast-schema-graph\">{\"@context\":\"https:\/\/schema.org\",\"@graph\":[{\"@type\":\"WebPage\",\"@id\":\"https:\/\/cretacon.gr\/de\/solarthermie\/\",\"url\":\"https:\/\/cretacon.gr\/de\/solarthermie\/\",\"name\":\"Solarthermie - Cretacon Green Energy\",\"isPartOf\":{\"@id\":\"https:\/\/cretacon.gr\/#website\"},\"datePublished\":\"2017-11-01T17:22:25+00:00\",\"dateModified\":\"2017-11-04T17:55:10+00:00\",\"breadcrumb\":{\"@id\":\"https:\/\/cretacon.gr\/de\/solarthermie\/#breadcrumb\"},\"inLanguage\":\"de\",\"potentialAction\":[{\"@type\":\"ReadAction\",\"target\":[\"https:\/\/cretacon.gr\/de\/solarthermie\/\"]}]},{\"@type\":\"BreadcrumbList\",\"@id\":\"https:\/\/cretacon.gr\/de\/solarthermie\/#breadcrumb\",\"itemListElement\":[{\"@type\":\"ListItem\",\"position\":1,\"name\":\"Home\",\"item\":\"https:\/\/cretacon.gr\/de\/\"},{\"@type\":\"ListItem\",\"position\":2,\"name\":\"Solarthermie\"}]},{\"@type\":\"WebSite\",\"@id\":\"https:\/\/cretacon.gr\/#website\",\"url\":\"https:\/\/cretacon.gr\/\",\"name\":\"Cretacon Green Energy\",\"description\":\"Construction Company\",\"publisher\":{\"@id\":\"https:\/\/cretacon.gr\/#organization\"},\"potentialAction\":[{\"@type\":\"SearchAction\",\"target\":{\"@type\":\"EntryPoint\",\"urlTemplate\":\"https:\/\/cretacon.gr\/?s={search_term_string}\"},\"query-input\":{\"@type\":\"PropertyValueSpecification\",\"valueRequired\":true,\"valueName\":\"search_term_string\"}}],\"inLanguage\":\"de\"},{\"@type\":\"Organization\",\"@id\":\"https:\/\/cretacon.gr\/#organization\",\"name\":\"Cretacon Green Energy\",\"url\":\"https:\/\/cretacon.gr\/\",\"logo\":{\"@type\":\"ImageObject\",\"inLanguage\":\"de\",\"@id\":\"https:\/\/cretacon.gr\/#\/schema\/logo\/image\/\",\"url\":\"https:\/\/cretacon.gr\/wp-content\/uploads\/2017\/09\/logo_white.png\",\"contentUrl\":\"https:\/\/cretacon.gr\/wp-content\/uploads\/2017\/09\/logo_white.png\",\"width\":465,\"height\":180,\"caption\":\"Cretacon Green Energy\"},\"image\":{\"@id\":\"https:\/\/cretacon.gr\/#\/schema\/logo\/image\/\"}}]}<\/script>\n<!-- \/ Yoast SEO plugin. -->","yoast_head_json":{"title":"Solarthermie - Cretacon Green Energy","robots":{"index":"index","follow":"follow","max-snippet":"max-snippet:-1","max-image-preview":"max-image-preview:large","max-video-preview":"max-video-preview:-1"},"canonical":"https:\/\/cretacon.gr\/de\/solarthermie\/","og_locale":"de_DE","og_type":"article","og_title":"Solarthermie - Cretacon Green Energy","og_description":"[vc_row css_animation=&#8220;&#8220; row_type=&#8220;row&#8220; use_row_as_full_screen_section=&#8220;no&#8220; type=&#8220;full_width&#8220; angled_section=&#8220;no&#8220; text_align=&#8220;left&#8220; background_image_as_pattern=&#8220;without_pattern&#8220;][vc_column][vc_column_text]Zur Solarthermie geh\u00f6ren aktive Solarsysteme. Es ist eine Technologie, die Sonnenenergie zur Erzeugung von W\u00e4rme verwendet. Diese Energie wird verwendet, um unsere Bed\u00fcrfnisse in der Raumheizung und Erzeugung von Warmwasser (WW) zu erf\u00fcllen. &nbsp; In der Haustechnik ist...","og_url":"https:\/\/cretacon.gr\/de\/solarthermie\/","og_site_name":"Cretacon Green Energy","article_modified_time":"2017-11-04T17:55:10+00:00","twitter_card":"summary_large_image","twitter_misc":{"Gesch\u00e4tzte Lesezeit":"5\u00a0Minuten"},"schema":{"@context":"https:\/\/schema.org","@graph":[{"@type":"WebPage","@id":"https:\/\/cretacon.gr\/de\/solarthermie\/","url":"https:\/\/cretacon.gr\/de\/solarthermie\/","name":"Solarthermie - Cretacon Green Energy","isPartOf":{"@id":"https:\/\/cretacon.gr\/#website"},"datePublished":"2017-11-01T17:22:25+00:00","dateModified":"2017-11-04T17:55:10+00:00","breadcrumb":{"@id":"https:\/\/cretacon.gr\/de\/solarthermie\/#breadcrumb"},"inLanguage":"de","potentialAction":[{"@type":"ReadAction","target":["https:\/\/cretacon.gr\/de\/solarthermie\/"]}]},{"@type":"BreadcrumbList","@id":"https:\/\/cretacon.gr\/de\/solarthermie\/#breadcrumb","itemListElement":[{"@type":"ListItem","position":1,"name":"Home","item":"https:\/\/cretacon.gr\/de\/"},{"@type":"ListItem","position":2,"name":"Solarthermie"}]},{"@type":"WebSite","@id":"https:\/\/cretacon.gr\/#website","url":"https:\/\/cretacon.gr\/","name":"Cretacon Green Energy","description":"Construction Company","publisher":{"@id":"https:\/\/cretacon.gr\/#organization"},"potentialAction":[{"@type":"SearchAction","target":{"@type":"EntryPoint","urlTemplate":"https:\/\/cretacon.gr\/?s={search_term_string}"},"query-input":{"@type":"PropertyValueSpecification","valueRequired":true,"valueName":"search_term_string"}}],"inLanguage":"de"},{"@type":"Organization","@id":"https:\/\/cretacon.gr\/#organization","name":"Cretacon Green Energy","url":"https:\/\/cretacon.gr\/","logo":{"@type":"ImageObject","inLanguage":"de","@id":"https:\/\/cretacon.gr\/#\/schema\/logo\/image\/","url":"https:\/\/cretacon.gr\/wp-content\/uploads\/2017\/09\/logo_white.png","contentUrl":"https:\/\/cretacon.gr\/wp-content\/uploads\/2017\/09\/logo_white.png","width":465,"height":180,"caption":"Cretacon Green Energy"},"image":{"@id":"https:\/\/cretacon.gr\/#\/schema\/logo\/image\/"}}]}},"_links":{"self":[{"href":"https:\/\/cretacon.gr\/de\/wp-json\/wp\/v2\/pages\/15255","targetHints":{"allow":["GET"]}}],"collection":[{"href":"https:\/\/cretacon.gr\/de\/wp-json\/wp\/v2\/pages"}],"about":[{"href":"https:\/\/cretacon.gr\/de\/wp-json\/wp\/v2\/types\/page"}],"author":[{"embeddable":true,"href":"https:\/\/cretacon.gr\/de\/wp-json\/wp\/v2\/users\/1"}],"replies":[{"embeddable":true,"href":"https:\/\/cretacon.gr\/de\/wp-json\/wp\/v2\/comments?post=15255"}],"version-history":[{"count":3,"href":"https:\/\/cretacon.gr\/de\/wp-json\/wp\/v2\/pages\/15255\/revisions"}],"predecessor-version":[{"id":15362,"href":"https:\/\/cretacon.gr\/de\/wp-json\/wp\/v2\/pages\/15255\/revisions\/15362"}],"wp:attachment":[{"href":"https:\/\/cretacon.gr\/de\/wp-json\/wp\/v2\/media?parent=15255"}],"curies":[{"name":"wp","href":"https:\/\/api.w.org\/{rel}","templated":true}]}}