{"id":15167,"date":"2017-10-24T19:43:34","date_gmt":"2017-10-24T16:43:34","guid":{"rendered":"https:\/\/cretacon.gr\/?page_id=15167"},"modified":"2019-09-07T11:53:55","modified_gmt":"2019-09-07T08:53:55","slug":"isolierungen","status":"publish","type":"page","link":"https:\/\/cretacon.gr\/de\/dienstleistungen\/isolierungen\/","title":{"rendered":"Isolierungen"},"content":{"rendered":"<div class=\"wpb-content-wrapper\"><p>[vc_row css_animation=&#8220;&#8220; row_type=&#8220;row&#8220; use_row_as_full_screen_section=&#8220;no&#8220; type=&#8220;full_width&#8220; angled_section=&#8220;no&#8220; text_align=&#8220;left&#8220; background_image_as_pattern=&#8220;without_pattern&#8220; css=&#8220;.vc_custom_1507313845771{margin-top: -40px !important;}&#8220;][vc_column][vc_empty_space height=&#8220;12px&#8220;]<div class=\"q_image_with_text_over q_iwto_hover\"><div class=\"shader\" style=\"background-color: rgba(255,255,255,0.12)\"><\/div><div class=\"shader_hover\" style=\"background-color: rgba(45,45,45,0.23)\"><\/div><img decoding=\"async\" itemprop=\"image\" src=\"https:\/\/cretacon.gr\/wp-content\/uploads\/2017\/10\/2-1.jpg\" alt=\"\" \/><div class=\"text\"><table><tr><td><h3 class=\"caption no_icon\" style=\"\">Isolierungen<\/h3><\/td><\/tr><\/table><table><tr><td><div class=\"desc\"><\/div><\/td><\/tr><\/table><\/div><\/div>[vc_empty_space][vc_widget_sidebar sidebar_id=&#8220;footer post&#8220;][\/vc_column][\/vc_row][vc_row css_animation=&#8220;&#8220; row_type=&#8220;row&#8220; use_row_as_full_screen_section=&#8220;no&#8220; type=&#8220;full_width&#8220; angled_section=&#8220;no&#8220; text_align=&#8220;left&#8220; background_image_as_pattern=&#8220;without_pattern&#8220; css=&#8220;.vc_custom_1507315153026{padding-right: 130px !important;padding-left: 130px !important;}&#8220;][vc_column width=&#8220;1\/2&#8243;]<div class=\"qode-image-with-icon-and-text\">\n    <div class=\"qode-iwiat-image-icon-holder\" >\n\t\t\t\t\t<div class=\"qode-iwiat-image\">\n\t\t\t\t<img decoding=\"async\" src=\"https:\/\/cretacon.gr\/wp-content\/uploads\/2016\/05\/11220942_1675760542654221_1244975688770251972_n.png\" alt=\"Cretacon Green Energy \u039a\u03b1\u03c4\u03b1\u03c3\u03ba\u03b5\u03c5\u03b1\u03c3\u03c4\u03b9\u03ba\u03ae \u0395\u03c4\u03b1\u03b9\u03c1\u03b5\u03af\u03b1 - \u03a0\u03c9\u03bb\u03ae\u03c3\u03b5\u03b9\u03c2\"\/>\n\t\t\t<\/div>\n\t\t\t\t<div class=\"qode-iwiat-icon-holder\">\n                            <span class=\"qode-icon-holder qode-icon-circle qode-icon-medium\"  >\n                    <i class=\"qode_icon_font_awesome fa fa-certificate qode-icon-element\" ><\/i>                <\/span>\n            \t\t<\/div>\n\t<\/div>\n\t\t<\/div>[vc_column_text]<\/p>\n<h3><span style=\"text-decoration: underline;\">W\u00e4rmed\u00e4mm-System Climatotal<\/span><\/h3>\n<p>&nbsp;<\/p>\n<p>CLIMATOTAL, von der ETA 10\/0122 zertifiziert (Europ\u00e4ische Organisation f\u00fcr Technische Zulassung) und in \u00dcbereinstimmung mit der neuen Verordnung f\u00fcr Energieeffizienz von Geb\u00e4uden ist ein W\u00e4rmed\u00e4mm-Verbundsystem, eine Abdeckung f\u00fcr Geb\u00e4ude, die aus mehreren Schichten Materialien besteht (einschlie\u00dflich Polystyrolplatten). Sie wird speziell ausgew\u00e4hlt, um Effekte wie hohe Energieeffizienz, W\u00e4rmed\u00e4mmung und Schutz der Struktur von den Wetter- und Temperatureinfl\u00fcssen zu bieten.[\/vc_column_text][vc_empty_space][\/vc_column][vc_column width=&#8220;1\/2&#8243;][vc_single_image image=&#8220;15164&#8243; img_size=&#8220;full&#8220; alignment=&#8220;center&#8220; style=&#8220;vc_box_circle&#8220; qode_css_animation=&#8220;&#8220;][vc_column_text]<strong>Wir \u00fcbernehmen auch Arbeiten wie zum Beispiel:<\/strong><\/p>\n<p>&nbsp;<\/p>\n<ul>\n<li>Wasser-und W\u00e4rmed\u00e4mmung von Flachd\u00e4chern<\/li>\n<li>Ged\u00e4mmte Terrassen, Keller, Tanks und Pools.<\/li>\n<li>Ged\u00e4mmte Ziegeld\u00e4cher<\/li>\n<li>Ged\u00e4mmte W\u00e4nde gegen aufsteigende Feuchtigkeit und Kondensation.<\/li>\n<\/ul>\n<p>[\/vc_column_text][vc_empty_space height=&#8220;12px&#8220;][vc_facebook][vc_googleplus][vc_pinterest][vc_empty_space][\/vc_column][\/vc_row][vc_row css_animation=&#8220;&#8220; row_type=&#8220;row&#8220; use_row_as_full_screen_section=&#8220;no&#8220; type=&#8220;full_width&#8220; angled_section=&#8220;no&#8220; text_align=&#8220;left&#8220; background_image_as_pattern=&#8220;without_pattern&#8220;][vc_column][vc_text_separator title=&#8220;Anschrift:&#8220; border=&#8220;no&#8220;][vc_empty_space height=&#8220;20px&#8220;][vc_gmaps link=&#8220;#E-8_JTNDaWZyYW1lJTIwc3JjJTNEJTIyaHR0cHMlM0ElMkYlMkZ3d3cuZ29vZ2xlLmNvbSUyRm1hcHMlMkZlbWJlZCUzRnBiJTNEJTIxMW0xNCUyMTFtOCUyMTFtMyUyMTFkMTI5ODcuNjI0MDg2NDgwMjMlMjEyZDIzLjgyNzg0NCUyMTNkMzUuNTMxMzIlMjEzbTIlMjExaTEwMjQlMjEyaTc2OCUyMTRmMTMuMSUyMTNtMyUyMTFtMiUyMTFzMHgwJTI1M0EweDJjYzM3ZTIyOWM5NjZjODIlMjEyc0NyZXRhY29uJTIxNWUwJTIxM20yJTIxMXNlbCUyMTJzZ3IlMjE0djE1Njc4NDYzODE0ODUlMjE1bTIlMjExc2VsJTIxMnNnciUyMiUyMHdpZHRoJTNEJTIyODAwJTIyJTIwaGVpZ2h0JTNEJTIyNDAwJTIyJTIwZnJhbWVib3JkZXIlM0QlMjIwJTIyJTIwc3R5bGUlM0QlMjJib3JkZXIlM0EwJTNCJTIyJTIwYWxsb3dmdWxsc2NyZWVuJTNEJTIyJTIyJTNFJTNDJTJGaWZyYW1lJTNF&#8220;][vc_empty_space height=&#8220;20px&#8220;][\/vc_column][\/vc_row][vc_row css_animation=&#8220;&#8220; row_type=&#8220;row&#8220; use_row_as_full_screen_section=&#8220;no&#8220; type=&#8220;full_width&#8220; angled_section=&#8220;no&#8220; text_align=&#8220;left&#8220; background_image_as_pattern=&#8220;without_pattern&#8220;][vc_column][vc_text_separator title=&#8220;Projekte&#8220; border=&#8220;no&#8220;][vc_empty_space height=&#8220;20px&#8220;]<div class='blog_slider_holder clearfix '><div class='blog_slider blog_slider_carousel' data-auto_start=\"false\"><ul class='blog_slides'><li class='item'><div class=\"item_holder\"><div class=\"blog_text_holder \" ><div class=\"blog_text_holder_outer\"><div class=\"blog_text_holder_inner\"><h3 itemprop=\"name\" class=\"blog_slider_title entry_title\" ><a itemprop=\"url\" href=\"https:\/\/cretacon.gr\/de\/modern-minimal-residence-tavronitis\/\" >Modern-Minimal Residence in Tavronitis<\/a><\/h3><\/div><\/div><\/div><div class=\"blog_image_holder\"><span class=\"image\"><img loading=\"lazy\" decoding=\"async\" src=\"https:\/\/cretacon.gr\/wp-content\/uploads\/2017\/10\/0428-300x200.jpg\" alt=\"Modern-Minimal Residence in Tavronitis\" width=\"300\" height=\"200\" \/><\/span><\/div><\/div><\/li><li class='item'><div class=\"item_holder\"><div class=\"blog_text_holder \" ><div class=\"blog_text_holder_outer\"><div class=\"blog_text_holder_inner\"><h3 itemprop=\"name\" class=\"blog_slider_title entry_title\" ><a itemprop=\"url\" href=\"https:\/\/cretacon.gr\/de\/luxurious-stone-built-residence\/\" >Luxurious Stone Built Residence<\/a><\/h3><\/div><\/div><\/div><div class=\"blog_image_holder\"><span class=\"image\"><img loading=\"lazy\" decoding=\"async\" src=\"https:\/\/cretacon.gr\/wp-content\/uploads\/2017\/10\/0615-300x200.jpg\" alt=\"Luxurious Stone Built Residence\" width=\"300\" height=\"200\" \/><\/span><\/div><\/div><\/li><li class='item'><div class=\"item_holder\"><div class=\"blog_text_holder \" ><div class=\"blog_text_holder_outer\"><div class=\"blog_text_holder_inner\"><h3 itemprop=\"name\" class=\"blog_slider_title entry_title\" ><a itemprop=\"url\" href=\"https:\/\/cretacon.gr\/de\/luxurious-eco-villa-clean-energy-credentials\/\" >Luxurious ECO Villa with clean energy credentials<\/a><\/h3><\/div><\/div><\/div><div class=\"blog_image_holder\"><span class=\"image\"><img loading=\"lazy\" decoding=\"async\" src=\"https:\/\/cretacon.gr\/wp-content\/uploads\/2017\/10\/0021-300x200.jpg\" alt=\"Luxurious ECO Villa with clean energy credentials\" width=\"300\" height=\"200\" \/><\/span><\/div><\/div><\/li><li class='item'><div class=\"item_holder\"><div class=\"blog_text_holder \" ><div class=\"blog_text_holder_outer\"><div class=\"blog_text_holder_inner\"><h3 itemprop=\"name\" class=\"blog_slider_title entry_title\" ><a itemprop=\"url\" href=\"https:\/\/cretacon.gr\/de\/ergeschosswohnsitz-polemarchi-chania\/\" >Ergeschosswohnsitz in Polemarchi, Chania<\/a><\/h3><\/div><\/div><\/div><div class=\"blog_image_holder\"><span class=\"image\"><img loading=\"lazy\" decoding=\"async\" src=\"https:\/\/cretacon.gr\/wp-content\/uploads\/2017\/11\/0035-300x200.jpg\" alt=\"Ergeschosswohnsitz in Polemarchi\" width=\"300\" height=\"200\" \/><\/span><\/div><\/div><\/li><li class='item'><div class=\"item_holder\"><div class=\"blog_text_holder \" ><div class=\"blog_text_holder_outer\"><div class=\"blog_text_holder_inner\"><h3 itemprop=\"name\" class=\"blog_slider_title entry_title\" ><a itemprop=\"url\" href=\"https:\/\/cretacon.gr\/de\/complex-three-stone-built-tourist-residences-paleochora-chania\/\" >Complex Of Three Stone Built Tourist Residences In Paleochora, Chania<\/a><\/h3><\/div><\/div><\/div><div class=\"blog_image_holder\"><span class=\"image\"><img loading=\"lazy\" decoding=\"async\" src=\"https:\/\/cretacon.gr\/wp-content\/uploads\/2017\/11\/005-300x200.jpg\" alt=\"Complex Of Three Stone Built Tourist Residences In Paleochora\" width=\"300\" height=\"200\" \/><\/span><\/div><\/div><\/li><\/ul><ul class=\"caroufredsel-direction-nav\"><li><a id=\"caroufredsel-prev\" class=\"caroufredsel-prev\" href=\"#\"><div><i class=\"fa fa-angle-left\"><\/i><\/div><\/a><\/li><li><a class=\"caroufredsel-next\" id=\"caroufredsel-next\" href=\"#\"><div><i class=\"fa fa-angle-right\"><\/i><\/div><\/a><\/li><\/ul><\/div><\/div>[\/vc_column][\/vc_row]<\/p>\n<\/div>","protected":false},"excerpt":{"rendered":"<p>[vc_row css_animation=&#8220;&#8220; row_type=&#8220;row&#8220; use_row_as_full_screen_section=&#8220;no&#8220; type=&#8220;full_width&#8220; angled_section=&#8220;no&#8220; text_align=&#8220;left&#8220; background_image_as_pattern=&#8220;without_pattern&#8220; css=&#8220;.vc_custom_1507313845771{margin-top: -40px !important;}&#8220;][vc_column][vc_empty_space height=&#8220;12px&#8220;][vc_empty_space][vc_widget_sidebar sidebar_id=&#8220;footer post&#8220;][\/vc_column][\/vc_row][vc_row css_animation=&#8220;&#8220; row_type=&#8220;row&#8220; use_row_as_full_screen_section=&#8220;no&#8220; type=&#8220;full_width&#8220; angled_section=&#8220;no&#8220; text_align=&#8220;left&#8220; background_image_as_pattern=&#8220;without_pattern&#8220; css=&#8220;.vc_custom_1507315153026{padding-right: 130px !important;padding-left: 130px !important;}&#8220;][vc_column width=&#8220;1\/2&#8243;][vc_column_text] W\u00e4rmed\u00e4mm-System Climatotal &nbsp; CLIMATOTAL, von der ETA 10\/0122 zertifiziert (Europ\u00e4ische Organisation f\u00fcr Technische Zulassung) und in \u00dcbereinstimmung mit&#8230;<\/p>\n","protected":false},"author":1,"featured_media":15171,"parent":14946,"menu_order":0,"comment_status":"closed","ping_status":"closed","template":"","meta":{"footnotes":""},"class_list":["post-15167","page","type-page","status-publish","has-post-thumbnail","hentry"],"yoast_head":"<!-- This site is optimized with the Yoast SEO plugin v26.2 - https:\/\/yoast.com\/wordpress\/plugins\/seo\/ -->\n<title>Isolierungen | Cretacon | Bauunternehmen - Vertrieb<\/title>\n<meta name=\"description\" content=\"W\u00e4rmed\u00e4mm-System Climatotal CLIMATOTAL, von der ETA 10\/0122 zertifiziert (Europ\u00e4ische Organisation f\u00fcr Technische Zulassung) und in \u00dcbereinstimmung mit ...\" \/>\n<meta name=\"robots\" content=\"index, follow, max-snippet:-1, max-image-preview:large, max-video-preview:-1\" \/>\n<link rel=\"canonical\" href=\"https:\/\/cretacon.gr\/de\/dienstleistungen\/isolierungen\/\" \/>\n<meta property=\"og:locale\" content=\"de_DE\" \/>\n<meta property=\"og:type\" content=\"article\" \/>\n<meta property=\"og:title\" content=\"Isolierungen | Cretacon | Bauunternehmen - Vertrieb\" \/>\n<meta property=\"og:description\" content=\"W\u00e4rmed\u00e4mm-System Climatotal CLIMATOTAL, von der ETA 10\/0122 zertifiziert (Europ\u00e4ische Organisation f\u00fcr Technische Zulassung) und in \u00dcbereinstimmung mit ...\" \/>\n<meta property=\"og:url\" content=\"https:\/\/cretacon.gr\/de\/dienstleistungen\/isolierungen\/\" \/>\n<meta property=\"og:site_name\" content=\"Cretacon Green Energy\" \/>\n<meta property=\"article:modified_time\" content=\"2019-09-07T08:53:55+00:00\" \/>\n<meta property=\"og:image\" content=\"https:\/\/cretacon.gr\/wp-content\/uploads\/2017\/10\/insulation-2.jpg\" \/>\n\t<meta property=\"og:image:width\" content=\"1024\" \/>\n\t<meta property=\"og:image:height\" content=\"768\" \/>\n\t<meta property=\"og:image:type\" content=\"image\/jpeg\" \/>\n<meta name=\"twitter:card\" content=\"summary_large_image\" \/>\n<meta name=\"twitter:label1\" content=\"Gesch\u00e4tzte Lesezeit\" \/>\n\t<meta name=\"twitter:data1\" content=\"2\u00a0Minuten\" \/>\n<script type=\"application\/ld+json\" class=\"yoast-schema-graph\">{\"@context\":\"https:\/\/schema.org\",\"@graph\":[{\"@type\":\"WebPage\",\"@id\":\"https:\/\/cretacon.gr\/de\/dienstleistungen\/isolierungen\/\",\"url\":\"https:\/\/cretacon.gr\/de\/dienstleistungen\/isolierungen\/\",\"name\":\"Isolierungen | Cretacon | Bauunternehmen - Vertrieb\",\"isPartOf\":{\"@id\":\"https:\/\/cretacon.gr\/#website\"},\"primaryImageOfPage\":{\"@id\":\"https:\/\/cretacon.gr\/de\/dienstleistungen\/isolierungen\/#primaryimage\"},\"image\":{\"@id\":\"https:\/\/cretacon.gr\/de\/dienstleistungen\/isolierungen\/#primaryimage\"},\"thumbnailUrl\":\"https:\/\/cretacon.gr\/wp-content\/uploads\/2017\/10\/insulation-2.jpg\",\"datePublished\":\"2017-10-24T16:43:34+00:00\",\"dateModified\":\"2019-09-07T08:53:55+00:00\",\"description\":\"W\u00e4rmed\u00e4mm-System Climatotal CLIMATOTAL, von der ETA 10\/0122 zertifiziert (Europ\u00e4ische Organisation f\u00fcr Technische Zulassung) und in \u00dcbereinstimmung mit ...\",\"breadcrumb\":{\"@id\":\"https:\/\/cretacon.gr\/de\/dienstleistungen\/isolierungen\/#breadcrumb\"},\"inLanguage\":\"de\",\"potentialAction\":[{\"@type\":\"ReadAction\",\"target\":[\"https:\/\/cretacon.gr\/de\/dienstleistungen\/isolierungen\/\"]}]},{\"@type\":\"ImageObject\",\"inLanguage\":\"de\",\"@id\":\"https:\/\/cretacon.gr\/de\/dienstleistungen\/isolierungen\/#primaryimage\",\"url\":\"https:\/\/cretacon.gr\/wp-content\/uploads\/2017\/10\/insulation-2.jpg\",\"contentUrl\":\"https:\/\/cretacon.gr\/wp-content\/uploads\/2017\/10\/insulation-2.jpg\",\"width\":1024,\"height\":768,\"caption\":\"Isolierungen Cretacon\"},{\"@type\":\"BreadcrumbList\",\"@id\":\"https:\/\/cretacon.gr\/de\/dienstleistungen\/isolierungen\/#breadcrumb\",\"itemListElement\":[{\"@type\":\"ListItem\",\"position\":1,\"name\":\"Home\",\"item\":\"https:\/\/cretacon.gr\/de\/\"},{\"@type\":\"ListItem\",\"position\":2,\"name\":\"Dienstleistungen\",\"item\":\"https:\/\/cretacon.gr\/de\/dienstleistungen\/\"},{\"@type\":\"ListItem\",\"position\":3,\"name\":\"Isolierungen\"}]},{\"@type\":\"WebSite\",\"@id\":\"https:\/\/cretacon.gr\/#website\",\"url\":\"https:\/\/cretacon.gr\/\",\"name\":\"Cretacon Green Energy\",\"description\":\"Construction Company\",\"publisher\":{\"@id\":\"https:\/\/cretacon.gr\/#organization\"},\"potentialAction\":[{\"@type\":\"SearchAction\",\"target\":{\"@type\":\"EntryPoint\",\"urlTemplate\":\"https:\/\/cretacon.gr\/?s={search_term_string}\"},\"query-input\":{\"@type\":\"PropertyValueSpecification\",\"valueRequired\":true,\"valueName\":\"search_term_string\"}}],\"inLanguage\":\"de\"},{\"@type\":\"Organization\",\"@id\":\"https:\/\/cretacon.gr\/#organization\",\"name\":\"Cretacon Green Energy\",\"url\":\"https:\/\/cretacon.gr\/\",\"logo\":{\"@type\":\"ImageObject\",\"inLanguage\":\"de\",\"@id\":\"https:\/\/cretacon.gr\/#\/schema\/logo\/image\/\",\"url\":\"https:\/\/cretacon.gr\/wp-content\/uploads\/2017\/09\/logo_white.png\",\"contentUrl\":\"https:\/\/cretacon.gr\/wp-content\/uploads\/2017\/09\/logo_white.png\",\"width\":465,\"height\":180,\"caption\":\"Cretacon Green Energy\"},\"image\":{\"@id\":\"https:\/\/cretacon.gr\/#\/schema\/logo\/image\/\"}}]}<\/script>\n<!-- \/ Yoast SEO plugin. -->","yoast_head_json":{"title":"Isolierungen | Cretacon | Bauunternehmen - Vertrieb","description":"W\u00e4rmed\u00e4mm-System Climatotal CLIMATOTAL, von der ETA 10\/0122 zertifiziert (Europ\u00e4ische Organisation f\u00fcr Technische Zulassung) und in \u00dcbereinstimmung mit ...","robots":{"index":"index","follow":"follow","max-snippet":"max-snippet:-1","max-image-preview":"max-image-preview:large","max-video-preview":"max-video-preview:-1"},"canonical":"https:\/\/cretacon.gr\/de\/dienstleistungen\/isolierungen\/","og_locale":"de_DE","og_type":"article","og_title":"Isolierungen | Cretacon | Bauunternehmen - Vertrieb","og_description":"W\u00e4rmed\u00e4mm-System Climatotal CLIMATOTAL, von der ETA 10\/0122 zertifiziert (Europ\u00e4ische Organisation f\u00fcr Technische Zulassung) und in \u00dcbereinstimmung mit ...","og_url":"https:\/\/cretacon.gr\/de\/dienstleistungen\/isolierungen\/","og_site_name":"Cretacon Green Energy","article_modified_time":"2019-09-07T08:53:55+00:00","og_image":[{"width":1024,"height":768,"url":"https:\/\/cretacon.gr\/wp-content\/uploads\/2017\/10\/insulation-2.jpg","type":"image\/jpeg"}],"twitter_card":"summary_large_image","twitter_misc":{"Gesch\u00e4tzte Lesezeit":"2\u00a0Minuten"},"schema":{"@context":"https:\/\/schema.org","@graph":[{"@type":"WebPage","@id":"https:\/\/cretacon.gr\/de\/dienstleistungen\/isolierungen\/","url":"https:\/\/cretacon.gr\/de\/dienstleistungen\/isolierungen\/","name":"Isolierungen | Cretacon | Bauunternehmen - Vertrieb","isPartOf":{"@id":"https:\/\/cretacon.gr\/#website"},"primaryImageOfPage":{"@id":"https:\/\/cretacon.gr\/de\/dienstleistungen\/isolierungen\/#primaryimage"},"image":{"@id":"https:\/\/cretacon.gr\/de\/dienstleistungen\/isolierungen\/#primaryimage"},"thumbnailUrl":"https:\/\/cretacon.gr\/wp-content\/uploads\/2017\/10\/insulation-2.jpg","datePublished":"2017-10-24T16:43:34+00:00","dateModified":"2019-09-07T08:53:55+00:00","description":"W\u00e4rmed\u00e4mm-System Climatotal CLIMATOTAL, von der ETA 10\/0122 zertifiziert (Europ\u00e4ische Organisation f\u00fcr Technische Zulassung) und in \u00dcbereinstimmung mit ...","breadcrumb":{"@id":"https:\/\/cretacon.gr\/de\/dienstleistungen\/isolierungen\/#breadcrumb"},"inLanguage":"de","potentialAction":[{"@type":"ReadAction","target":["https:\/\/cretacon.gr\/de\/dienstleistungen\/isolierungen\/"]}]},{"@type":"ImageObject","inLanguage":"de","@id":"https:\/\/cretacon.gr\/de\/dienstleistungen\/isolierungen\/#primaryimage","url":"https:\/\/cretacon.gr\/wp-content\/uploads\/2017\/10\/insulation-2.jpg","contentUrl":"https:\/\/cretacon.gr\/wp-content\/uploads\/2017\/10\/insulation-2.jpg","width":1024,"height":768,"caption":"Isolierungen Cretacon"},{"@type":"BreadcrumbList","@id":"https:\/\/cretacon.gr\/de\/dienstleistungen\/isolierungen\/#breadcrumb","itemListElement":[{"@type":"ListItem","position":1,"name":"Home","item":"https:\/\/cretacon.gr\/de\/"},{"@type":"ListItem","position":2,"name":"Dienstleistungen","item":"https:\/\/cretacon.gr\/de\/dienstleistungen\/"},{"@type":"ListItem","position":3,"name":"Isolierungen"}]},{"@type":"WebSite","@id":"https:\/\/cretacon.gr\/#website","url":"https:\/\/cretacon.gr\/","name":"Cretacon Green Energy","description":"Construction Company","publisher":{"@id":"https:\/\/cretacon.gr\/#organization"},"potentialAction":[{"@type":"SearchAction","target":{"@type":"EntryPoint","urlTemplate":"https:\/\/cretacon.gr\/?s={search_term_string}"},"query-input":{"@type":"PropertyValueSpecification","valueRequired":true,"valueName":"search_term_string"}}],"inLanguage":"de"},{"@type":"Organization","@id":"https:\/\/cretacon.gr\/#organization","name":"Cretacon Green Energy","url":"https:\/\/cretacon.gr\/","logo":{"@type":"ImageObject","inLanguage":"de","@id":"https:\/\/cretacon.gr\/#\/schema\/logo\/image\/","url":"https:\/\/cretacon.gr\/wp-content\/uploads\/2017\/09\/logo_white.png","contentUrl":"https:\/\/cretacon.gr\/wp-content\/uploads\/2017\/09\/logo_white.png","width":465,"height":180,"caption":"Cretacon Green Energy"},"image":{"@id":"https:\/\/cretacon.gr\/#\/schema\/logo\/image\/"}}]}},"_links":{"self":[{"href":"https:\/\/cretacon.gr\/de\/wp-json\/wp\/v2\/pages\/15167","targetHints":{"allow":["GET"]}}],"collection":[{"href":"https:\/\/cretacon.gr\/de\/wp-json\/wp\/v2\/pages"}],"about":[{"href":"https:\/\/cretacon.gr\/de\/wp-json\/wp\/v2\/types\/page"}],"author":[{"embeddable":true,"href":"https:\/\/cretacon.gr\/de\/wp-json\/wp\/v2\/users\/1"}],"replies":[{"embeddable":true,"href":"https:\/\/cretacon.gr\/de\/wp-json\/wp\/v2\/comments?post=15167"}],"version-history":[{"count":6,"href":"https:\/\/cretacon.gr\/de\/wp-json\/wp\/v2\/pages\/15167\/revisions"}],"predecessor-version":[{"id":16454,"href":"https:\/\/cretacon.gr\/de\/wp-json\/wp\/v2\/pages\/15167\/revisions\/16454"}],"up":[{"embeddable":true,"href":"https:\/\/cretacon.gr\/de\/wp-json\/wp\/v2\/pages\/14946"}],"wp:featuredmedia":[{"embeddable":true,"href":"https:\/\/cretacon.gr\/de\/wp-json\/wp\/v2\/media\/15171"}],"wp:attachment":[{"href":"https:\/\/cretacon.gr\/de\/wp-json\/wp\/v2\/media?parent=15167"}],"curies":[{"name":"wp","href":"https:\/\/api.w.org\/{rel}","templated":true}]}}