{"id":14790,"date":"2017-10-02T17:18:15","date_gmt":"2017-10-02T14:18:15","guid":{"rendered":"https:\/\/cretacon.gr\/?page_id=14790"},"modified":"2017-12-06T20:40:23","modified_gmt":"2017-12-06T18:40:23","slug":"projekte","status":"publish","type":"page","link":"https:\/\/cretacon.gr\/de\/projekte\/","title":{"rendered":"Projekte"},"content":{"rendered":"<div class=\"wpb-content-wrapper\"><p>[vc_row css_animation=&#8220;&#8220; row_type=&#8220;row&#8220; use_row_as_full_screen_section=&#8220;no&#8220; type=&#8220;full_width&#8220; angled_section=&#8220;no&#8220; text_align=&#8220;left&#8220; background_image_as_pattern=&#8220;without_pattern&#8220;][vc_column][vc_empty_space]<div class=\"qode-blog-carousel-titled\" data-posts-shown=\"3\">\n\t<div class=\"qode-bct-title-holder\" style=\"background-color:#ffffff;color:#141414\">\n\t\t<a class=\"qode-bct-caroufredsel-prev\" href=\"#\">\n\t\t\t<span class=\"qode-bct-caroufredsel-nav-inner\">\n\t\t\t\t<span class=\"qode-bct-caroufredsel-nav-icon-holder\">\n\t\t\t\t\t<span class=\"arrow_carrot-left\"><\/span>\n\t\t\t\t<\/span>\n\t\t\t<\/span>\n\t\t<\/a>\n\t\t\t\t\t\t\t\t<h3>\n\t\t\t\t\t\tAbgeschlossene Projekte\t\t\t\t\t<\/h3>\n\t\t\t\t<a class=\"qode-bct-caroufredsel-next\" href=\"#\">\n\t\t<span class=\"qode-bct-caroufredsel-nav-inner\">\n\t\t\t<span class=\"qode-bct-caroufredsel-nav-icon-holder\">\n\t\t\t\t<span class=\"arrow_carrot-right\"><\/span>\n\t\t\t<\/span>\n\t\t<\/span>\n\t<\/a>\n\t<\/div>\n\t\t\t<div class=\"qode-bct-posts-holder\">\n\t\t<div class=\"qode-bct-posts\">\n\t\t\t\t\t\t\t\t\t\t\t\t<div class=\"qode-bct-post\">\n\t\t\t\t\t\t\t\t\t\t\t\t\t<div class=\"qode-bct-post-image\">\n\t\t\t\t\t\t\t\t<a href=\"https:\/\/cretacon.gr\/de\/ergeschosswohnsitz-polemarchi-chania\/\" itemprop=\"url\">\n\t\t\t\t\t\t\t\t\t<img loading=\"lazy\" decoding=\"async\" width=\"800\" height=\"600\" src=\"https:\/\/cretacon.gr\/wp-content\/uploads\/2017\/11\/0035-800x600.jpg\" class=\"attachment-portfolio-landscape size-portfolio-landscape wp-post-image\" alt=\"Ergeschosswohnsitz in Polemarchi\" \/>\t\t\t\t\t\t\t\t<\/a>\n\t\t\t\t\t\t\t<\/div>\n\t\t\t\t\t\t\t\t\t\t\t\t<div class=\"qode-bct-post-text\">\n\t\t\t\t\t\t\t<h3 class=\"qode-bct-post-title entry_title\" itemprop=\"name\">\n\t\t\t\t\t\t\t\t<a href=\"https:\/\/cretacon.gr\/de\/ergeschosswohnsitz-polemarchi-chania\/\" itemprop=\"url\">Ergeschosswohnsitz in Polemarchi, Chania<\/a>\n\t\t\t\t\t\t\t<\/h3>\n\t\t\t\t\t\t\t\t\t\t\t\t\t\t<p itemprop=\"description\" class = \"qode-bct-post-excerpt\"> &nbsp; Polemarchi Siedlung, Gemeinde Platanias 113 m\u00b2 ebenerdiger Wohnsitz mit 30 m\u00b2 Keller auf 418 m\u00b2 Grundst\u00fcck gebaut (Voll ausgestattet) Baubeschreibung Erdgeschoss 2 Schlafzimmer 1 Badezimmer 1 WC Wohnzimmer &#8211; Esszimmer K\u00fcche Keller Heizraum Abstellraum Fundament Beton C20\/25 W\u00e4nde Ziegel, Steine Putz Faserverst\u00e4rkt, feuchtigkeitsgesch\u00fctzt und...<\/p>\n\t\t\t\t\t\t\t<div class=\"qode-bct-post-date entry_date updated\" itemprop=\"dateCreated\">\n\t\t\t\t\t\t\t\tNovember 11, 2017\t\t\t\t\t\t\t\t<meta itemprop=\"interactionCount\" content=\"UserComments: 0\"\/>\n\t\t\t\t\t\t\t<\/div>\n\t\t\t\t\t\t<\/div>\n\t\t\t\t\t<\/div>\n\t\t\t\t\t\t\t\t\t\t\t\t<div class=\"qode-bct-post\">\n\t\t\t\t\t\t\t\t\t\t\t\t\t<div class=\"qode-bct-post-image\">\n\t\t\t\t\t\t\t\t<a href=\"https:\/\/cretacon.gr\/de\/complex-three-stone-built-tourist-residences-paleochora-chania\/\" itemprop=\"url\">\n\t\t\t\t\t\t\t\t\t<img loading=\"lazy\" decoding=\"async\" width=\"800\" height=\"600\" src=\"https:\/\/cretacon.gr\/wp-content\/uploads\/2017\/11\/005-800x600.jpg\" class=\"attachment-portfolio-landscape size-portfolio-landscape wp-post-image\" alt=\"Complex Of Three Stone Built Tourist Residences In Paleochora\" \/>\t\t\t\t\t\t\t\t<\/a>\n\t\t\t\t\t\t\t<\/div>\n\t\t\t\t\t\t\t\t\t\t\t\t<div class=\"qode-bct-post-text\">\n\t\t\t\t\t\t\t<h3 class=\"qode-bct-post-title entry_title\" itemprop=\"name\">\n\t\t\t\t\t\t\t\t<a href=\"https:\/\/cretacon.gr\/de\/complex-three-stone-built-tourist-residences-paleochora-chania\/\" itemprop=\"url\">Complex Of Three Stone Built Tourist Residences In Paleochora, Chania<\/a>\n\t\t\t\t\t\t\t<\/h3>\n\t\t\t\t\t\t\t\t\t\t\t\t\t\t<p itemprop=\"description\" class = \"qode-bct-post-excerpt\"> &nbsp; Complex of three two storey stone built tourist residences in the region of Palaiochora, Chania through Rural Development Programme of Greece 2007-2013. Residence \u0391 Ground floor: 53,10sq.m Open plan kitchen &#8211; living room 1 bathroom First floor: 32,70sq.m 1 bedroom 1 bathroom Semi-covered areas:...<\/p>\n\t\t\t\t\t\t\t<div class=\"qode-bct-post-date entry_date updated\" itemprop=\"dateCreated\">\n\t\t\t\t\t\t\t\tNovember 10, 2017\t\t\t\t\t\t\t\t<meta itemprop=\"interactionCount\" content=\"UserComments: 0\"\/>\n\t\t\t\t\t\t\t<\/div>\n\t\t\t\t\t\t<\/div>\n\t\t\t\t\t<\/div>\n\t\t\t\t\t\t\t\t\t\t\t\t<div class=\"qode-bct-post\">\n\t\t\t\t\t\t\t\t\t\t\t\t\t<div class=\"qode-bct-post-image\">\n\t\t\t\t\t\t\t\t<a href=\"https:\/\/cretacon.gr\/de\/luxurious-eco-villa-clean-energy-credentials\/\" itemprop=\"url\">\n\t\t\t\t\t\t\t\t\t<img loading=\"lazy\" decoding=\"async\" width=\"800\" height=\"600\" src=\"https:\/\/cretacon.gr\/wp-content\/uploads\/2017\/10\/0021-800x600.jpg\" class=\"attachment-portfolio-landscape size-portfolio-landscape wp-post-image\" alt=\"Luxurious ECO Villa with clean energy credentials\" \/>\t\t\t\t\t\t\t\t<\/a>\n\t\t\t\t\t\t\t<\/div>\n\t\t\t\t\t\t\t\t\t\t\t\t<div class=\"qode-bct-post-text\">\n\t\t\t\t\t\t\t<h3 class=\"qode-bct-post-title entry_title\" itemprop=\"name\">\n\t\t\t\t\t\t\t\t<a href=\"https:\/\/cretacon.gr\/de\/luxurious-eco-villa-clean-energy-credentials\/\" itemprop=\"url\">Luxurious ECO Villa with clean energy credentials<\/a>\n\t\t\t\t\t\t\t<\/h3>\n\t\t\t\t\t\t\t\t\t\t\t\t\t\t<p itemprop=\"description\" class = \"qode-bct-post-excerpt\"> A luxurious villa designed and constructed under the principles of sustainability, purely run on renewable energy sources (not connected to the electric mains grid) The orientation of the house, its thermal behaviour, the use of natural resources combined with style, luxury and all amenities provided,...<\/p>\n\t\t\t\t\t\t\t<div class=\"qode-bct-post-date entry_date updated\" itemprop=\"dateCreated\">\n\t\t\t\t\t\t\t\tOktober 2, 2017\t\t\t\t\t\t\t\t<meta itemprop=\"interactionCount\" content=\"UserComments: 0\"\/>\n\t\t\t\t\t\t\t<\/div>\n\t\t\t\t\t\t<\/div>\n\t\t\t\t\t<\/div>\n\t\t\t\t\t\t\t\t\t\t\t\t<div class=\"qode-bct-post\">\n\t\t\t\t\t\t\t\t\t\t\t\t\t<div class=\"qode-bct-post-image\">\n\t\t\t\t\t\t\t\t<a href=\"https:\/\/cretacon.gr\/de\/modern-minimal-residence-tavronitis\/\" itemprop=\"url\">\n\t\t\t\t\t\t\t\t\t<img loading=\"lazy\" decoding=\"async\" width=\"800\" height=\"600\" src=\"https:\/\/cretacon.gr\/wp-content\/uploads\/2017\/10\/0428-800x600.jpg\" class=\"attachment-portfolio-landscape size-portfolio-landscape wp-post-image\" alt=\"Modern-Minimal Residence in Tavronitis\" \/>\t\t\t\t\t\t\t\t<\/a>\n\t\t\t\t\t\t\t<\/div>\n\t\t\t\t\t\t\t\t\t\t\t\t<div class=\"qode-bct-post-text\">\n\t\t\t\t\t\t\t<h3 class=\"qode-bct-post-title entry_title\" itemprop=\"name\">\n\t\t\t\t\t\t\t\t<a href=\"https:\/\/cretacon.gr\/de\/modern-minimal-residence-tavronitis\/\" itemprop=\"url\">Modern-Minimal Residence in Tavronitis<\/a>\n\t\t\t\t\t\t\t<\/h3>\n\t\t\t\t\t\t\t\t\t\t\t\t\t\t<p itemprop=\"description\" class = \"qode-bct-post-excerpt\"> Specifications: Ground floor 3 Bedrooms 2 Bathrooms Open plan living\/dining room-kitchen Fireplace Outdoor area: Barbeque and outdoor dining area Garden Basement: Boiler room Storage room Wine cellar 1 bathroom Parking<\/p>\n\t\t\t\t\t\t\t<div class=\"qode-bct-post-date entry_date updated\" itemprop=\"dateCreated\">\n\t\t\t\t\t\t\t\tOktober 2, 2017\t\t\t\t\t\t\t\t<meta itemprop=\"interactionCount\" content=\"UserComments: 0\"\/>\n\t\t\t\t\t\t\t<\/div>\n\t\t\t\t\t\t<\/div>\n\t\t\t\t\t<\/div>\n\t\t\t\t\t<\/div>\n\t\t<\/div>\n\t<\/div>[\/vc_column][\/vc_row][vc_row css_animation=&#8220;&#8220; row_type=&#8220;row&#8220; use_row_as_full_screen_section=&#8220;no&#8220; type=&#8220;full_width&#8220; angled_section=&#8220;no&#8220; text_align=&#8220;left&#8220; background_image_as_pattern=&#8220;without_pattern&#8220;][vc_column][vc_empty_space]<div class=\"qode-blog-carousel-titled\" data-posts-shown=\"3\">\n\t<div class=\"qode-bct-title-holder\" style=\"background-color:#ffffff;color:#141414\">\n\t\t<a class=\"qode-bct-caroufredsel-prev\" href=\"#\">\n\t\t\t<span class=\"qode-bct-caroufredsel-nav-inner\">\n\t\t\t\t<span class=\"qode-bct-caroufredsel-nav-icon-holder\">\n\t\t\t\t\t<span class=\"arrow_carrot-left\"><\/span>\n\t\t\t\t<\/span>\n\t\t\t<\/span>\n\t\t<\/a>\n\t\t\t\t\t\t\t\t<h3>\n\t\t\t\t\t\tIm Bau\t\t\t\t\t<\/h3>\n\t\t\t\t<a class=\"qode-bct-caroufredsel-next\" href=\"#\">\n\t\t<span class=\"qode-bct-caroufredsel-nav-inner\">\n\t\t\t<span class=\"qode-bct-caroufredsel-nav-icon-holder\">\n\t\t\t\t<span class=\"arrow_carrot-right\"><\/span>\n\t\t\t<\/span>\n\t\t<\/span>\n\t<\/a>\n\t<\/div>\n\t<\/div>[\/vc_column][\/vc_row]<\/p>\n<\/div>","protected":false},"excerpt":{"rendered":"<p>[vc_row css_animation=&#8220;&#8220; row_type=&#8220;row&#8220; use_row_as_full_screen_section=&#8220;no&#8220; type=&#8220;full_width&#8220; angled_section=&#8220;no&#8220; text_align=&#8220;left&#8220; background_image_as_pattern=&#8220;without_pattern&#8220;][vc_column][vc_empty_space][\/vc_column][\/vc_row][vc_row css_animation=&#8220;&#8220; row_type=&#8220;row&#8220; use_row_as_full_screen_section=&#8220;no&#8220; type=&#8220;full_width&#8220; angled_section=&#8220;no&#8220; text_align=&#8220;left&#8220; background_image_as_pattern=&#8220;without_pattern&#8220;][vc_column][vc_empty_space][\/vc_column][\/vc_row]<\/p>\n","protected":false},"author":1,"featured_media":14974,"parent":0,"menu_order":0,"comment_status":"closed","ping_status":"closed","template":"","meta":{"footnotes":""},"class_list":["post-14790","page","type-page","status-publish","has-post-thumbnail","hentry"],"yoast_head":"<!-- This site is optimized with the Yoast SEO plugin v26.2 - https:\/\/yoast.com\/wordpress\/plugins\/seo\/ -->\n<title>Projekte | Cretacon Green Energy | Bauunternehmen - Vertrieb<\/title>\n<meta name=\"description\" content=\"Cretacon Green Energy Projekte. Das Unternehmen Cretacon Green Energy wurde 1968 von Ntagkounaki Epameinonta in Chania, Tavronitis, gegr\u00fcndet und zum...\" \/>\n<meta name=\"robots\" content=\"index, follow, max-snippet:-1, max-image-preview:large, max-video-preview:-1\" \/>\n<link rel=\"canonical\" href=\"https:\/\/cretacon.gr\/de\/projekte\/\" \/>\n<meta property=\"og:locale\" content=\"de_DE\" \/>\n<meta property=\"og:type\" content=\"article\" \/>\n<meta property=\"og:title\" content=\"Projekte | Cretacon Green Energy | Bauunternehmen - Vertrieb\" \/>\n<meta property=\"og:description\" content=\"Cretacon Green Energy Projekte. Das Unternehmen Cretacon Green Energy wurde 1968 von Ntagkounaki Epameinonta in Chania, Tavronitis, gegr\u00fcndet und zum...\" \/>\n<meta property=\"og:url\" content=\"https:\/\/cretacon.gr\/de\/projekte\/\" \/>\n<meta property=\"og:site_name\" content=\"Cretacon Green Energy\" \/>\n<meta property=\"article:modified_time\" content=\"2017-12-06T18:40:23+00:00\" \/>\n<meta property=\"og:image\" content=\"https:\/\/cretacon.gr\/wp-content\/uploads\/2017\/10\/123142-2.jpg\" \/>\n\t<meta property=\"og:image:width\" content=\"1920\" \/>\n\t<meta property=\"og:image:height\" content=\"1278\" \/>\n\t<meta property=\"og:image:type\" content=\"image\/jpeg\" \/>\n<meta name=\"twitter:card\" content=\"summary_large_image\" \/>\n<meta name=\"twitter:label1\" content=\"Gesch\u00e4tzte Lesezeit\" \/>\n\t<meta name=\"twitter:data1\" content=\"1\u00a0Minute\" \/>\n<script type=\"application\/ld+json\" class=\"yoast-schema-graph\">{\"@context\":\"https:\/\/schema.org\",\"@graph\":[{\"@type\":\"WebPage\",\"@id\":\"https:\/\/cretacon.gr\/de\/projekte\/\",\"url\":\"https:\/\/cretacon.gr\/de\/projekte\/\",\"name\":\"Projekte | Cretacon Green Energy | Bauunternehmen - Vertrieb\",\"isPartOf\":{\"@id\":\"https:\/\/cretacon.gr\/#website\"},\"primaryImageOfPage\":{\"@id\":\"https:\/\/cretacon.gr\/de\/projekte\/#primaryimage\"},\"image\":{\"@id\":\"https:\/\/cretacon.gr\/de\/projekte\/#primaryimage\"},\"thumbnailUrl\":\"https:\/\/cretacon.gr\/wp-content\/uploads\/2017\/10\/123142-2.jpg\",\"datePublished\":\"2017-10-02T14:18:15+00:00\",\"dateModified\":\"2017-12-06T18:40:23+00:00\",\"description\":\"Cretacon Green Energy Projekte. Das Unternehmen Cretacon Green Energy wurde 1968 von Ntagkounaki Epameinonta in Chania, Tavronitis, gegr\u00fcndet und zum...\",\"breadcrumb\":{\"@id\":\"https:\/\/cretacon.gr\/de\/projekte\/#breadcrumb\"},\"inLanguage\":\"de\",\"potentialAction\":[{\"@type\":\"ReadAction\",\"target\":[\"https:\/\/cretacon.gr\/de\/projekte\/\"]}]},{\"@type\":\"ImageObject\",\"inLanguage\":\"de\",\"@id\":\"https:\/\/cretacon.gr\/de\/projekte\/#primaryimage\",\"url\":\"https:\/\/cretacon.gr\/wp-content\/uploads\/2017\/10\/123142-2.jpg\",\"contentUrl\":\"https:\/\/cretacon.gr\/wp-content\/uploads\/2017\/10\/123142-2.jpg\",\"width\":1920,\"height\":1278,\"caption\":\"rojekte | Cretacon Green Energy | Bauunternehmen - Vertrieb\"},{\"@type\":\"BreadcrumbList\",\"@id\":\"https:\/\/cretacon.gr\/de\/projekte\/#breadcrumb\",\"itemListElement\":[{\"@type\":\"ListItem\",\"position\":1,\"name\":\"Home\",\"item\":\"https:\/\/cretacon.gr\/de\/\"},{\"@type\":\"ListItem\",\"position\":2,\"name\":\"Projekte\"}]},{\"@type\":\"WebSite\",\"@id\":\"https:\/\/cretacon.gr\/#website\",\"url\":\"https:\/\/cretacon.gr\/\",\"name\":\"Cretacon Green Energy\",\"description\":\"Construction Company\",\"publisher\":{\"@id\":\"https:\/\/cretacon.gr\/#organization\"},\"potentialAction\":[{\"@type\":\"SearchAction\",\"target\":{\"@type\":\"EntryPoint\",\"urlTemplate\":\"https:\/\/cretacon.gr\/?s={search_term_string}\"},\"query-input\":{\"@type\":\"PropertyValueSpecification\",\"valueRequired\":true,\"valueName\":\"search_term_string\"}}],\"inLanguage\":\"de\"},{\"@type\":\"Organization\",\"@id\":\"https:\/\/cretacon.gr\/#organization\",\"name\":\"Cretacon Green Energy\",\"url\":\"https:\/\/cretacon.gr\/\",\"logo\":{\"@type\":\"ImageObject\",\"inLanguage\":\"de\",\"@id\":\"https:\/\/cretacon.gr\/#\/schema\/logo\/image\/\",\"url\":\"https:\/\/cretacon.gr\/wp-content\/uploads\/2017\/09\/logo_white.png\",\"contentUrl\":\"https:\/\/cretacon.gr\/wp-content\/uploads\/2017\/09\/logo_white.png\",\"width\":465,\"height\":180,\"caption\":\"Cretacon Green Energy\"},\"image\":{\"@id\":\"https:\/\/cretacon.gr\/#\/schema\/logo\/image\/\"}}]}<\/script>\n<!-- \/ Yoast SEO plugin. -->","yoast_head_json":{"title":"Projekte | Cretacon Green Energy | Bauunternehmen - Vertrieb","description":"Cretacon Green Energy Projekte. Das Unternehmen Cretacon Green Energy wurde 1968 von Ntagkounaki Epameinonta in Chania, Tavronitis, gegr\u00fcndet und zum...","robots":{"index":"index","follow":"follow","max-snippet":"max-snippet:-1","max-image-preview":"max-image-preview:large","max-video-preview":"max-video-preview:-1"},"canonical":"https:\/\/cretacon.gr\/de\/projekte\/","og_locale":"de_DE","og_type":"article","og_title":"Projekte | Cretacon Green Energy | Bauunternehmen - Vertrieb","og_description":"Cretacon Green Energy Projekte. Das Unternehmen Cretacon Green Energy wurde 1968 von Ntagkounaki Epameinonta in Chania, Tavronitis, gegr\u00fcndet und zum...","og_url":"https:\/\/cretacon.gr\/de\/projekte\/","og_site_name":"Cretacon Green Energy","article_modified_time":"2017-12-06T18:40:23+00:00","og_image":[{"width":1920,"height":1278,"url":"https:\/\/cretacon.gr\/wp-content\/uploads\/2017\/10\/123142-2.jpg","type":"image\/jpeg"}],"twitter_card":"summary_large_image","twitter_misc":{"Gesch\u00e4tzte Lesezeit":"1\u00a0Minute"},"schema":{"@context":"https:\/\/schema.org","@graph":[{"@type":"WebPage","@id":"https:\/\/cretacon.gr\/de\/projekte\/","url":"https:\/\/cretacon.gr\/de\/projekte\/","name":"Projekte | Cretacon Green Energy | Bauunternehmen - Vertrieb","isPartOf":{"@id":"https:\/\/cretacon.gr\/#website"},"primaryImageOfPage":{"@id":"https:\/\/cretacon.gr\/de\/projekte\/#primaryimage"},"image":{"@id":"https:\/\/cretacon.gr\/de\/projekte\/#primaryimage"},"thumbnailUrl":"https:\/\/cretacon.gr\/wp-content\/uploads\/2017\/10\/123142-2.jpg","datePublished":"2017-10-02T14:18:15+00:00","dateModified":"2017-12-06T18:40:23+00:00","description":"Cretacon Green Energy Projekte. Das Unternehmen Cretacon Green Energy wurde 1968 von Ntagkounaki Epameinonta in Chania, Tavronitis, gegr\u00fcndet und zum...","breadcrumb":{"@id":"https:\/\/cretacon.gr\/de\/projekte\/#breadcrumb"},"inLanguage":"de","potentialAction":[{"@type":"ReadAction","target":["https:\/\/cretacon.gr\/de\/projekte\/"]}]},{"@type":"ImageObject","inLanguage":"de","@id":"https:\/\/cretacon.gr\/de\/projekte\/#primaryimage","url":"https:\/\/cretacon.gr\/wp-content\/uploads\/2017\/10\/123142-2.jpg","contentUrl":"https:\/\/cretacon.gr\/wp-content\/uploads\/2017\/10\/123142-2.jpg","width":1920,"height":1278,"caption":"rojekte | Cretacon Green Energy | Bauunternehmen - Vertrieb"},{"@type":"BreadcrumbList","@id":"https:\/\/cretacon.gr\/de\/projekte\/#breadcrumb","itemListElement":[{"@type":"ListItem","position":1,"name":"Home","item":"https:\/\/cretacon.gr\/de\/"},{"@type":"ListItem","position":2,"name":"Projekte"}]},{"@type":"WebSite","@id":"https:\/\/cretacon.gr\/#website","url":"https:\/\/cretacon.gr\/","name":"Cretacon Green Energy","description":"Construction Company","publisher":{"@id":"https:\/\/cretacon.gr\/#organization"},"potentialAction":[{"@type":"SearchAction","target":{"@type":"EntryPoint","urlTemplate":"https:\/\/cretacon.gr\/?s={search_term_string}"},"query-input":{"@type":"PropertyValueSpecification","valueRequired":true,"valueName":"search_term_string"}}],"inLanguage":"de"},{"@type":"Organization","@id":"https:\/\/cretacon.gr\/#organization","name":"Cretacon Green Energy","url":"https:\/\/cretacon.gr\/","logo":{"@type":"ImageObject","inLanguage":"de","@id":"https:\/\/cretacon.gr\/#\/schema\/logo\/image\/","url":"https:\/\/cretacon.gr\/wp-content\/uploads\/2017\/09\/logo_white.png","contentUrl":"https:\/\/cretacon.gr\/wp-content\/uploads\/2017\/09\/logo_white.png","width":465,"height":180,"caption":"Cretacon Green Energy"},"image":{"@id":"https:\/\/cretacon.gr\/#\/schema\/logo\/image\/"}}]}},"_links":{"self":[{"href":"https:\/\/cretacon.gr\/de\/wp-json\/wp\/v2\/pages\/14790","targetHints":{"allow":["GET"]}}],"collection":[{"href":"https:\/\/cretacon.gr\/de\/wp-json\/wp\/v2\/pages"}],"about":[{"href":"https:\/\/cretacon.gr\/de\/wp-json\/wp\/v2\/types\/page"}],"author":[{"embeddable":true,"href":"https:\/\/cretacon.gr\/de\/wp-json\/wp\/v2\/users\/1"}],"replies":[{"embeddable":true,"href":"https:\/\/cretacon.gr\/de\/wp-json\/wp\/v2\/comments?post=14790"}],"version-history":[{"count":6,"href":"https:\/\/cretacon.gr\/de\/wp-json\/wp\/v2\/pages\/14790\/revisions"}],"predecessor-version":[{"id":15956,"href":"https:\/\/cretacon.gr\/de\/wp-json\/wp\/v2\/pages\/14790\/revisions\/15956"}],"wp:featuredmedia":[{"embeddable":true,"href":"https:\/\/cretacon.gr\/de\/wp-json\/wp\/v2\/media\/14974"}],"wp:attachment":[{"href":"https:\/\/cretacon.gr\/de\/wp-json\/wp\/v2\/media?parent=14790"}],"curies":[{"name":"wp","href":"https:\/\/api.w.org\/{rel}","templated":true}]}}